{"id":107431,"date":"2022-12-17T17:19:24","date_gmt":"2022-12-17T16:19:24","guid":{"rendered":"https:\/\/www.freiburg-schwarzwald.de\/blog\/?page_id=107431"},"modified":"2026-02-28T13:08:11","modified_gmt":"2026-02-28T12:08:11","slug":"medien-unabhaengigkeit","status":"publish","type":"page","link":"https:\/\/www.freiburg-schwarzwald.de\/blog\/kultur\/medien\/medien-unabhaengigkeit\/","title":{"rendered":"Medien-Unabhaengigkeit"},"content":{"rendered":"<p><a href=\"https:\/\/www.freiburg-schwarzwald.de\/blog\">Home<\/a>\u00a0&gt;<a title=\"Kultur\" href=\"https:\/\/www.freiburg-schwarzwald.de\/blog\/kultur\/\">Kultur<\/a>\u00a0&gt;<a title=\"Medien\" href=\"https:\/\/www.freiburg-schwarzwald.de\/blog\/kultur\/medien\/\">Medien<\/a>\u00a0&gt;<a title=\"Zeitung\" href=\"https:\/\/www.freiburg-schwarzwald.de\/blog\/kultur\/medien\/zeitung\/\">Zeitung<\/a>\u00a0&gt;<a href=\"https:\/\/www.freiburg-schwarzwald.de\/blog\/kultur\/medien\/mediendemokratie\/\">Mediendemokratie<\/a> &gt;Medien-Unabhaengigkeit<\/p>\n<div id=\"attachment_107199\" style=\"width: 650px\" class=\"wp-caption alignnone\"><a href=\"https:\/\/www.freiburg-schwarzwald.de\/blog\/wp-content\/uploads\/2022\/12\/weimar-nationaltheater-diplomatie-statt-waffen-pan221208.jpg\"><img loading=\"lazy\" decoding=\"async\" aria-describedby=\"caption-attachment-107199\" class=\"size-full wp-image-107199\" src=\"https:\/\/www.freiburg-schwarzwald.de\/blog\/wp-content\/uploads\/2022\/12\/weimar-nationaltheater-diplomatie-statt-waffen-pan221208.jpg\" alt=\"\" width=\"640\" height=\"331\" srcset=\"https:\/\/www.freiburg-schwarzwald.de\/blog\/wp-content\/uploads\/2022\/12\/weimar-nationaltheater-diplomatie-statt-waffen-pan221208.jpg 640w, https:\/\/www.freiburg-schwarzwald.de\/blog\/wp-content\/uploads\/2022\/12\/weimar-nationaltheater-diplomatie-statt-waffen-pan221208-180x93.jpg 180w\" sizes=\"auto, (max-width: 640px) 100vw, 640px\" \/><\/a><p id=\"caption-attachment-107199\" class=\"wp-caption-text\">Deutsches Nationaltheater Weimar 8.12.2022: Diplomatie und Frieden statt Sanktionen und Waffen<\/p><\/div>\n<ul>\n<li><em>Listenauswahl eines Beitrags: Bitte\u00a0<span style=\"text-decoration: underline;\">anklicken\u00a0<\/span>oder runterscrollen<\/em><\/li>\n<li><a href=\"https:\/\/www.freiburg-schwarzwald.de\/blog\/engagement\/zukunft\/demokratie\/staat\/staatskultur\/\">Katharina Schmieder (SWR): \u00d6RR ist \u201einkompetent und v\u00f6llig verblendet\u201c<\/a>\u00a0(27.2.2026)<\/li>\n<li><a href=\"https:\/\/www.freiburg-schwarzwald.de\/blog\/regulation-zensur-verbot-nein\/\">Regulation Zensur Verbot: Nein!<\/a>\u00a0(26.1.2026)<\/li>\n<li><a href=\"https:\/\/www.freiburg-schwarzwald.de\/blog\/kultur\/medien\/mediendemokratie\/\">Nur private Medien schaffen eine freie Gesellschaft<\/a> (21.9.2025)<\/li>\n<li><a href=\"https:\/\/www.freiburg-schwarzwald.de\/blog\/kultur\/medien\/rundfunk\/\">Die gro\u00dfe Sommerk\u00fcndigung des Rundfunkbeitrags: jetzt 18,36 Euro sparen<\/a>\u00a0(25.7.2025<\/li>\n<li><a href=\"https:\/\/www.freiburg-schwarzwald.de\/blog\/sommerinterview-afd-stoerung\/\">Sommerinterview AfD: St\u00f6rung<\/a>\u00a0(21.7.2025)<\/li>\n<li>Mediensterben: Die Verramschung des SPIEGELS (23.6.2025)<\/li>\n<li><a href=\"https:\/\/www.freiburg-schwarzwald.de\/blog\/medienkampagne\/\">\u00abWie der Verfassungsschutz vorgeht, ist strafbar\u00bb: Prof. Murswiek \u00fcber das AfD-Gutachten<\/a>\u00a0(6.5.20259<\/li>\n<li><a href=\"https:\/\/www.freiburg-schwarzwald.de\/blog\/kultur\/medien\/mediendemokratie\/\">Alexander Wendt: Landesmedienanstalten \u00fcberwachen \u201ejournalistische Sorgfaltspflicht\u201c<\/a> (2.3.2025)<\/li>\n<li><a href=\"https:\/\/www.freiburg-schwarzwald.de\/blog\/alice-weidel-bei-caren-miosga\/\">Alice Weidel bei Caren Miosga<\/a>\u00a0(3.2.2025)<\/li>\n<li><a href=\"https:\/\/www.freiburg-schwarzwald.de\/blog\/engagement\/zukunft\/demokratie\/wahlen-ex-ddr\/\">ARD: Die 100 \u2013 Ist die AfD eigentlich ein Problem? Agitprop kurz vor der Wahl<\/a>\u00a0(27.9.2024)<\/li>\n<li><a href=\"https:\/\/www.freiburg-schwarzwald.de\/blog\/vereine\/partei\/spd\/\">Neues von der Medienmacht der SPD<\/a> (20.2.2024)<\/li>\n<li><a href=\"https:\/\/www.freiburg-schwarzwald.de\/blog\/engagement\/zukunft\/demokratie\/chemnitz-messermord26-08-2018\/chemnitz2018-2023\/\">Chemnitz: Das Platzen der Merkelschen Hetzjagd-L\u00fcgen<\/a>\u00a0 (25.4.2024)<\/li>\n<li><a href=\"https:\/\/www.freiburg-schwarzwald.de\/blog\/kultur\/medien\/medien-unabhaengigkeit\/\">Wie sich DPA, APA und AFP von den Regierenden f\u00fcr die Gleichrichtung der Medien bezahlen lassen<\/a>\u00a0(20.5.2024)<\/li>\n<li><a href=\"https:\/\/www.freiburg-schwarzwald.de\/blog\/gewalt-buerger-desinformiert\/\">Gewalt: B\u00fcrger desinformiert<\/a>\u00a0(21.5.2024)<\/li>\n<li><a href=\"https:\/\/www.freiburg-schwarzwald.de\/blog\/kultur\/medien\/oerr\/\">Endlich amtlich: Studie best\u00e4tigt Links-Drall von ARD und ZDF<\/a>\u00a0(7.2.2024)<\/li>\n<li><a href=\"https:\/\/www.freiburg-schwarzwald.de\/blog\/die-nazi-keule-wirkt-nicht-mehr\/\">Die Nazi-Keule wirkt nicht mehr<\/a>\u00a0(11.1.2024)<\/li>\n<li>B\u00fcrgerjournalismus: Das Pareto Projekt beginnt (2.12.2023)<\/li>\n<li><a href=\"https:\/\/www.freiburg-schwarzwald.de\/blog\/kultur\/medien\/neue-medien\/\">Philosophia Perennis von Dr. Berger macht eine Pause<\/a>\u00a0(13.11.2023)<\/li>\n<li><a href=\"https:\/\/www.freiburg-schwarzwald.de\/blog\/kultur\/medien\/talkshow\/\">Klamroth &amp; Neubauer: Zeitgeist-Adel unter sich<\/a>\u00a0(16.12.2022)<\/li>\n<li>Linke: Aristokratischen Eliten durch b\u00fcrgerliche Eliten ersetzen (16.12.2022)<\/li>\n<li><a href=\"https:\/\/www.freiburg-schwarzwald.de\/blog\/einen-tag-mal-freie-medien\/\">Einen Tag mal freie Medien<\/a> (29.11.2022)<\/li>\n<li><\/li>\n<li><a href=\"https:\/\/www.freiburg-schwarzwald.de\/blog\/kultur\/medien\/desinformation\/\">Desinformation<\/a><\/li>\n<li><a href=\"https:\/\/www.freiburg-schwarzwald.de\/blog\/kultur\/medien\/journalismus\/haltungsjournalismus\/\">Haltungsjournalismus<\/a><\/li>\n<li><a href=\"https:\/\/www.freiburg-schwarzwald.de\/blog\/medienkampagne\/\">Medienkampagne &#8211; gegen AfD<\/a><\/li>\n<li><a href=\"https:\/\/www.freiburg-schwarzwald.de\/blog\/kultur\/medien\/rundfunk\/\">Rundfunk-Geb\u00fchren<\/a><\/li>\n<\/ul>\n<p>&nbsp;<\/p>\n<p><strong>Mediensterben: Die Verramschung des SPIEGELS<\/strong><br \/>\nEhemals ein Bollwerk, inzwischen zum Ramschblatt verkommen. Ich kann mich noch gut erinnern, als wir damals im Studentenwohnheim alle zusammengelegt und f\u00fcr den ganzen Flur ein SPIEGEL-Abo abgeschlossen hatten. Jede Wochenausgabe fingerdick, und nach einer Woche ziemlich zerfleddert, weil jeder die durchlesen wollte. Dann wusste man mehr.<br \/>\nGut, das waren andere Zeiten, damals gab es noch kein World Wide Web mit Nachrichten, kein Internet au\u00dferhalb der Uni-Labore. Damals gab es als Informationsquellen nur Zeitungen\/Zeitschriften und ARD\/ZDF.<br \/>\nAber: Der SPIEGEL war zwar auch damals schon links, aber mehr so Helmut-Schmidt-links, noch in einem wenigstens gelegentlich noch vernunftm\u00e4\u00dfig erreichbaren Rahmen, noch um Sachfragen bem\u00fcht und noch in dem Versuch, zu informieren.<br \/>\nInzwischen:<br \/>\n<em>storymakers @mz_storymakers<\/em><br \/>\n<em>Die von US-Milliard\u00e4r Bill Gates in Millionenh\u00f6he mitfinanzierte Hamburger Illustrierte @derspiegel wird nicht mehr nur mit 50% Rabatt nachgeworfen, sondern nun auch mit 1 Monat f\u00fcr 1 Euro verramscht. Grund: Leser rennen in Scharen davon&#8230;<\/em><br \/>\n<em>21.6.2025, <a href=\"https:\/\/x.com\/mz_storymakers\/status\/1936474197624279198\">https:\/\/x.com\/mz_storymakers\/status\/1936474197624279198<\/a><\/em><br \/>\n&#8230; Alles vom 23.6.2025 bitte lesen auf<br \/>\n<a href=\"https:\/\/www.danisch.de\/blog\/2025\/06\/23\/mediensterben-die-verramschung-des-spiegels\">https:\/\/www.danisch.de\/blog\/2025\/06\/23\/mediensterben-die-verramschung-des-spiegels<\/a>\/<\/p>\n<p>.<br \/>\n<strong>V\u00f6llig verfilzt \u2013 die Medienlandschaft hinter Corona<\/strong><br \/>\nDie Bill-and-Melinda-Gates-Stiftung (BMGF) nahm in der Coronazeit durch ihre Spendenpolitik auch Einfluss auf die Medien. Sie wurden \u201eunterst\u00fctzt\u201c, so wie der amerikanische Fernsehsender CNN, der \u00f6ffentlich-rechtliche Rundfunk in England, die BBC, und beispielsweise auch der Spiegel in Deutschland.<br \/>\n&#8230; Alles vom 9.5.2024 von Dr. Christine Born bitte lesen auf<br \/>\n<a href=\"https:\/\/tkp.at\/2024\/05\/09\/voellig-verfilzt-medienlandschaft-hinter-corona\/\">https:\/\/tkp.at\/2024\/05\/09\/voellig-verfilzt-medienlandschaft-hinter-corona\/<\/a><\/p>\n<p>&nbsp;<\/p>\n<p><strong>B\u00fcrgerjournalismus: Das Pareto Projekt beginnt<\/strong><br \/>\n<strong>Reformieren wir den Journalismus jetzt gemeinsam: als unzensierbaren B\u00fcrgerjournalismus!<\/strong><br \/>\nVor drei Jahren wurde es in meinem Leben turbulent. Meine NZZ-Kolumne \u201eWas, wenn die Covidioten Recht haben\u201c ging durch die Decke, und ich flog mit meiner erfolgreichsten Kolumne hochkant heraus; zugleich k\u00e4mpften wir mit Gunnar Kaiser an vorderster Front gegen die Cancel Culture. Wenig sp\u00e4ter k\u00fcndigte ich entnervt meinen Job als stellv. Chefredakteur eines Schweizer Magazins. Eine 100%-Stelle mit Schweizer Gehalt, um die einen viele Journalisten beneiden. Ich war frustriert vom Mainstream. Und gleichzeitig \u00fcberzeugt: Die Leute wollen einen anderen Journalismus. Kein parteiisches Cheerleading, sondern einen Prozess der Wahrheitsfindung, der Orientierung bietet und zum Mitmachen einl\u00e4dt.<br \/>\n&#8230;<br \/>\nDas jetzige Mediensystem ist dysfunktional und jeder sp\u00fcrt es: Es wird gefiltert, ausgelassen, zensiert und kuratiert. Jede verunm\u00f6glichte Debatte scheint ein Sieg in diesem System zu sein. Migration, Impfsch\u00e4den, Nordstream? Themen werden entweder gar nicht aufgearbeitet oder zaghaft zeitversetzt<br \/>\n&#8230; Alles vom 2.12.2023 bitte lesen auf<br \/>\n<a href=\"https:\/\/www.freischwebende-intelligenz.org\/p\/das-pareto-projekt-beginnt?utm_campaign=email-post&amp;r=16wfdw&amp;utm_source=substack&amp;utm_medium=email\">https:\/\/www.freischwebende-intelligenz.org\/p\/das-pareto-projekt-beginnt?utm_campaign=email-post&amp;r=16wfdw&amp;utm_source=substack&amp;utm_medium=email<\/a><\/p>\n<p>&nbsp;<\/p>\n<p><strong>Linke: Aristokratischen Eliten durch b\u00fcrgerliche Eliten ersetzen<\/strong><br \/>\n<strong>Klamroth &amp; Neubauer: Zeitgeist-Adel unter sich<\/strong><br \/>\nEs hat in der Linken lange Tradition, \u00fcber feudale Strukturen und Vetternwirtschaft in vordemokratischen Zeiten zu wettern. Was sie dabei geflissentlich \u00fcbersehen, ist, dass sie nichts anderes tun, als die aristokratischen Eliten durch b\u00fcrgerliche Eliten zu ersetzen, die in Folge ebenso unter sich bleiben, wie die Aristokraten vergangener Epochen. Diese Gegenwartseliten m\u00fchen sich dabei nicht einmal den Anschein demokratischer Legitimit\u00e4t oder eines Leistungsprinzips zu wahren, sie begeben sich direkt in Positionen, in denen sie entweder als Teil der 4. Macht Meinungspolitik betreiben, oder als aktivistische Kommissare gleich einen Platz oberhalb des Parteienapparats f\u00fcr sich beanspruchen.<br \/>\nAktivisten und Politiker werden vom Journalismus legitimiert, der Journalismus legitimiert sich selbst mit der leeren Behauptung, \u201ekritisch und unabh\u00e4ngig\u201c zu sein, einer Worth\u00fclse, \u00fcber deren Gebrauch niemand jemals Rechenschaft ablegen muss. Der einzige Unterschied zu den Aristokraten vergangener Epochen liegt darin, dass sich der Machtanspruch der Aristokratie aus ihrem Landbesitz ergab, w\u00e4hrend unsere sp\u00e4tkulturellen gro\u00dfb\u00fcrgerlichen Eliten ihre Relevanz aus Geld und Ruhm beziehen. Ob das solch eine Verbesserung ist? Wer wei\u00df, aber irgendwo findet sich sicherlich ein Kommunikationswissenschaftler, der bereit ist, die Unabh\u00e4ngigkeit seiner ebenso von Steuergeld finanzierten Kollegen des \u00f6ffentlich-rechtlichen Rundfunks wissenschaftlich zu untermauern. So viel wehrhafte Demokratie muss man sich einfach g\u00f6nnen.<br \/>\n&#8230; Alles vom 16.12.2022 von David Boos bitte lesen auf<br \/>\n<a href=\"https:\/\/www.tichyseinblick.de\/meinungen\/klamroth-neubauer-zeitgeist-adel-unter-sich\/\">https:\/\/www.tichyseinblick.de\/meinungen\/klamroth-neubauer-zeitgeist-adel-unter-sich\/<\/a><\/p>\n<p>&nbsp;<\/p>\n<p>&nbsp;<\/p>\n","protected":false},"excerpt":{"rendered":"<p>Home\u00a0&gt;Kultur\u00a0&gt;Medien\u00a0&gt;Zeitung\u00a0&gt;Mediendemokratie &gt;Medien-Unabhaengigkeit Listenauswahl eines Beitrags: Bitte\u00a0anklicken\u00a0oder runterscrollen Katharina Schmieder (SWR): \u00d6RR ist \u201einkompetent und v\u00f6llig verblendet\u201c\u00a0(27.2.2026) Regulation Zensur Verbot: Nein!\u00a0(26.1.2026) Nur private Medien schaffen eine freie Gesellschaft (21.9.2025) Die gro\u00dfe Sommerk\u00fcndigung des Rundfunkbeitrags: jetzt 18,36 Euro sparen\u00a0(25.7.2025 Sommerinterview AfD: St\u00f6rung\u00a0(21.7.2025) &hellip; <a href=\"https:\/\/www.freiburg-schwarzwald.de\/blog\/kultur\/medien\/medien-unabhaengigkeit\/\">Weiterlesen <span class=\"meta-nav\">&rarr;<\/span><\/a><\/p>\n","protected":false},"author":2,"featured_media":0,"parent":678,"menu_order":0,"comment_status":"closed","ping_status":"closed","template":"","meta":{"footnotes":""},"class_list":["post-107431","page","type-page","status-publish","hentry"],"_links":{"self":[{"href":"https:\/\/www.freiburg-schwarzwald.de\/blog\/wp-json\/wp\/v2\/pages\/107431","targetHints":{"allow":["GET"]}}],"collection":[{"href":"https:\/\/www.freiburg-schwarzwald.de\/blog\/wp-json\/wp\/v2\/pages"}],"about":[{"href":"https:\/\/www.freiburg-schwarzwald.de\/blog\/wp-json\/wp\/v2\/types\/page"}],"author":[{"embeddable":true,"href":"https:\/\/www.freiburg-schwarzwald.de\/blog\/wp-json\/wp\/v2\/users\/2"}],"replies":[{"embeddable":true,"href":"https:\/\/www.freiburg-schwarzwald.de\/blog\/wp-json\/wp\/v2\/comments?post=107431"}],"version-history":[{"count":6,"href":"https:\/\/www.freiburg-schwarzwald.de\/blog\/wp-json\/wp\/v2\/pages\/107431\/revisions"}],"predecessor-version":[{"id":146342,"href":"https:\/\/www.freiburg-schwarzwald.de\/blog\/wp-json\/wp\/v2\/pages\/107431\/revisions\/146342"}],"up":[{"embeddable":true,"href":"https:\/\/www.freiburg-schwarzwald.de\/blog\/wp-json\/wp\/v2\/pages\/678"}],"wp:attachment":[{"href":"https:\/\/www.freiburg-schwarzwald.de\/blog\/wp-json\/wp\/v2\/media?parent=107431"}],"curies":[{"name":"wp","href":"https:\/\/api.w.org\/{rel}","templated":true}]}}