{"id":107078,"date":"2022-12-09T16:12:16","date_gmt":"2022-12-09T15:12:16","guid":{"rendered":"https:\/\/www.freiburg-schwarzwald.de\/blog\/?page_id=107078"},"modified":"2025-11-15T19:08:59","modified_gmt":"2025-11-15T18:08:59","slug":"baldenweger-huette","status":"publish","type":"page","link":"https:\/\/www.freiburg-schwarzwald.de\/blog\/tourismus\/gastro\/huetten\/baldenweger-huette\/","title":{"rendered":"Baldenweger-H\u00fctte"},"content":{"rendered":"<p><a title=\"Orte\" href=\"https:\/\/www.freiburg-schwarzwald.de\/blog\/\">Home<\/a>\u00a0&gt;<a title=\"Tourismus\" href=\"https:\/\/www.freiburg-schwarzwald.de\/blog\/tourismus\/\">Tourismus<\/a>\u00a0&gt;<a title=\"Gastro\" href=\"https:\/\/www.freiburg-schwarzwald.de\/blog\/tourismus\/gastro\/\">Gastro<\/a>\u00a0&gt;<a title=\"Huetten\" href=\"https:\/\/www.freiburg-schwarzwald.de\/blog\/tourismus\/gastro\/huetten\/\">Huetten<\/a> &gt;Baldenweger-H\u00fctte<\/p>\n<div id=\"attachment_101410\" style=\"width: 649px\" class=\"wp-caption alignnone\"><a href=\"https:\/\/www.freiburg-schwarzwald.de\/blog\/wp-content\/uploads\/2022\/06\/baldenweger-rinken-pan090831.jpg\"><img loading=\"lazy\" decoding=\"async\" aria-describedby=\"caption-attachment-101410\" class=\"size-full wp-image-101410\" src=\"https:\/\/www.freiburg-schwarzwald.de\/blog\/wp-content\/uploads\/2022\/06\/baldenweger-rinken-pan090831.jpg\" alt=\"\" width=\"639\" height=\"339\" srcset=\"https:\/\/www.freiburg-schwarzwald.de\/blog\/wp-content\/uploads\/2022\/06\/baldenweger-rinken-pan090831.jpg 639w, https:\/\/www.freiburg-schwarzwald.de\/blog\/wp-content\/uploads\/2022\/06\/baldenweger-rinken-pan090831-180x95.jpg 180w\" sizes=\"auto, (max-width: 639px) 100vw, 639px\" \/><\/a><p id=\"caption-attachment-101410\" class=\"wp-caption-text\">Blick vom Baldenweger Buck nach Norden \u00fcber Naturfreundehaus, Rinken und Baldenweger H\u00fctte (von links) in Richtung Hinterzarten am 31.8.2009<\/p><\/div>\n<ul>\n<li><em>Listenauswahl eines Beitrags (Artikel\/Datum, Seite\/Inhalt): <span style=\"text-decoration: underline;\">Klicken<\/span> oder scrollen<\/em><\/li>\n<li>Baldenweger H\u00fctte zwischen Feldberg und Rinken<\/li>\n<li>Baldenweger H\u00fctte unterhalb des Feldbergs mit neuen P\u00e4chtern (7.12.2022)<\/li>\n<\/ul>\n<ul>\n<li><a href=\"https:\/\/www.freiburg-schwarzwald.de\/baldenweger-huette.htm\">Baldenweger H\u00fctte am Nordhang des Feldbergs<\/a>\u00a0&gt;Baldenweger-Huette (Archivseite)<\/li>\n<li><a title=\"Erlenbacher\" href=\"https:\/\/www.freiburg-schwarzwald.de\/blog\/tourismus\/gastro\/huetten\/erlenbacher\/\">Erlenbacher H\u00fctte<\/a><\/li>\n<li><a href=\"https:\/\/www.freiburg-schwarzwald.de\/blog\/bauernhof\/baldenwegerhof\/\">Baldenwegerhof im Dreisamtal<\/a><\/li>\n<li><a href=\"https:\/\/www.freiburg-schwarzwald.de\/feldberg-huetten.htm#Emmendinger%20H%C3%BCtte:%20...%20hoch%20oben%20am%20Feldberg\">Emmendinger H\u00fctte am Feldberg<\/a>\u00a0&gt;Feldberg-Huetten<\/li>\n<li><a href=\"https:\/\/www.freiburg-schwarzwald.de\/blog\/regio\/orte\/feldberg\/\">Feldberg<\/a><\/li>\n<li><a href=\"https:\/\/www.freiburg-schwarzwald.de\/feldberg-huetten.htm\">Feldberg \u2013 H\u00fctten ringsrum<\/a>\u00a0&gt;Feldberg-Huetten<\/li>\n<li><a href=\"https:\/\/www.freiburg-schwarzwald.de\/huetten.htm#Freiburger%20H%C3%BCtte%20im%20Zastler%20Loch\">Freiburger H\u00fctte im Zastler Loch<\/a>\u00a0&gt;Feldberg-Huetten<\/li>\n<li><a href=\"https:\/\/www.freiburg-schwarzwald.de\/blog\/regio\/orte\/hinterzarten\/\">Hinterzarten<\/a><\/li>\n<li><a href=\"https:\/\/www.freiburg-schwarzwald.de\/blog\/tourismus\/gastro\/huetten\/hoefener-huette\/\">H\u00f6fener H\u00fctte am Westhang des Hinterwaldkopfes<\/a><\/li>\n<li><a href=\"https:\/\/www.freiburg-schwarzwald.de\/blog\/regio\/orte\/rinken\/\">Rinken<\/a><\/li>\n<li><a href=\"https:\/\/www.freiburg-schwarzwald.de\/feldberg-huetten.htm#L%C3%B6rracher%20H%C3%BCtte\">L\u00f6rracher H\u00fctte<\/a>\u00a0&gt;Feldberg-Huetten<\/li>\n<li><a href=\"https:\/\/www.freiburg-schwarzwald.de\/wanderheime.htm#Naturfreundehaus%20beim%20Baldenweger%20Buck\">Naturfreundehaus beim Baldenweger Buck am Feldberg<\/a>\u00a0&gt;Wanderheime<\/li>\n<li><a href=\"https:\/\/www.freiburg-schwarzwald.de\/gasthaus.htm#Raimartihof%20am%20Feldsee\">Raimartihof am Feldsee<\/a>\u00a0&gt;Gasthaus<\/li>\n<li><a title=\"Rappeneck\" href=\"https:\/\/www.freiburg-schwarzwald.de\/blog\/regio\/berge\/rappeneck\/\">Rappenecker H\u00fctte zwischen Oberried und Schauinsland<\/a><\/li>\n<li><a href=\"https:\/\/www.freiburg-schwarzwald.de\/berge.htm#Roteck-H%C3%BCtte\">Roteck-H\u00fctte am Hinterwaldkopf<\/a>\u00a0&gt;Berge<\/li>\n<li><a href=\"https:\/\/www.freiburg-schwarzwald.de\/feldberg-huetten.htm#Seebuck:%20H%C3%BCtte%20an%20der%20Sesselbahn%20Feldberg\">Seebuck: H\u00fctte an der Sesselbahn<\/a>&gt;Feldberg-Huetten<\/li>\n<li><a href=\"https:\/\/www.freiburg-schwarzwald.de\/blog\/tourismus\/gastro\/huetten\/stollenbach\/\">Stollenbacherh\u00fctte<\/a><\/li>\n<li><a href=\"https:\/\/www.freiburg-schwarzwald.de\/stuebenwasen.htm\">St\u00fcbenwasen \u2013 Berggasthaus zwischen Feldberg und Notschrei<\/a>\u00a0&gt;Stuebenwasen<\/li>\n<li><a href=\"https:\/\/www.freiburg-schwarzwald.de\/zastlerhuette.htm\">Zastler H\u00fctte im Zastler Loch unterhalb des Feldbergs<\/a>\u00a0&gt;ZastlerHuette<\/li>\n<li><a title=\"Todtnauerhuette\" href=\"https:\/\/www.freiburg-schwarzwald.de\/blog\/tourismus\/gastro\/huetten\/todtnauerhuette\/\">Todtnauer H\u00fctte am Feldberg<\/a><\/li>\n<\/ul>\n<p>&nbsp;<\/p>\n<p><strong>Baldenweger H\u00fctte unterhalb des Feldbergs zwischen Feldberg und Rinken<\/strong><br \/>\nAndrea Brunner und Martin S\u00fctterle<br \/>\nBaldenweger Buck 24, 79868 Feldberg \/ Schwarzwald<\/p>\n<p>\u00d6ffnungszeiten Donnerstag bis Dienstag<br \/>\n10.00 bis 20.00 Uhr, Mittwoch Ruhetag<br \/>\nTel. 07676 9399131<br \/>\n<a href=\"https:\/\/www.baldenweger-h\u00fctte.de\">https:\/\/www.baldenweger-h\u00fctte.de<\/a><br \/>\n<a href=\"https:\/\/xn--baldenweger-htte-vzb.de\/\">https:\/\/xn--baldenweger-htte-vzb.de\/<\/a><\/p>\n<p>Baldenweger Weidegenossenschaft eG<br \/>\nJ\u00f6rg M\u00fcller<br \/>\nRechtenbach 2, 79252 Stegen<\/p>\n<p>=============================================================<\/p>\n<p><strong>Baldenweger H\u00fctte mit neuen P\u00e4chtern<\/strong><br \/>\nSeit Juni 2022 hatte die Baldenweger H\u00fctte am Nordhang des <a href=\"https:\/\/www.freiburg-schwarzwald.de\/blog\/regio\/orte\/feldberg\/\">Feldbergs<\/a> geschlossen, mit Andrea Brunner und Martin S\u00fctterle hat sie neue P\u00e4chter gefunden. Die<br \/>\nbeiden starteten zum 1. November 2022 &#8211; dann, wenn andere H\u00fctten in den Winterschlaf gehen. Das Paar\u00a0 bringt gastronomische Erfahrungen mit, sie f\u00fchrten eine Weinstube bei Weil am Rhein. Es war eine Lebensentscheidung, nun auf eine abgeschiedene H\u00fctte mitten im Naturschutzgebiet zu ziehen und sie zu bewirtschaften. Doch das ist genau das, was sie suchten: Ruhe und Stille inmitten der Natur, ohne Durchgangsverkehr. Wer zu ihnen will, der muss zu Fu\u00df kommen. Mit dem Auto ist die H\u00fctte nicht zug\u00e4nglich.<\/p>\n<p>Bei sch\u00f6nem Wetter ist die Baldenweger H\u00fctte mit ihrem Blick \u00fcber die Schwarzwaldgipfel ein Magnet und beliebter Einkehrpunkt. Doch auch bei schlechtem<br \/>\nWetter finden Wanderer den Weg dorthin. Dann tut es gut, sich mit einer hei\u00dfen Suppe oder bei Kaffee und selbstgebackenem Kuchen aufzuw\u00e4rmen. Warm ist es in der H\u00fctte auf jeden Fall. Es muss kein Gas gespart werden, denn die Nutzung von Fl\u00fcssiggas, wie es jahrelang der Fall war, wurde abgeschafft. Die wichtigste Investition, neben dem Umbau der K\u00fcche, war ein Holzvergaser und Holz zum Heizen ist genug vorhanden, so Andrea<br \/>\nBrunner.<br \/>\nDie Baldenweger H\u00fctte geh\u00f6rt der Baldenweger <a href=\"https:\/\/www.freiburg-schwarzwald.de\/blog\/natur\/tiere\/rinder\/\">Weidegemeinschaft<\/a>. Im Sommer weiden an die hundert Rinder an den Feldbergh\u00e4ngen mit ihren w\u00fcrzigen Wiesenkr\u00e4utern. Zust\u00e4ndig f\u00fcr die Tiere sind, anders als noch vor ein paar Jahren, nicht die P\u00e4chter,<br \/>\nsondern ein Herder<br \/>\n7.12.2022, Dagmar Engesser, <a href=\"https:\/\/www.dreisamtaeler.de\">https:\/\/www.dreisamtaeler.de<\/a><\/p>\n<p>&nbsp;<\/p>\n","protected":false},"excerpt":{"rendered":"<p>Home\u00a0&gt;Tourismus\u00a0&gt;Gastro\u00a0&gt;Huetten &gt;Baldenweger-H\u00fctte Listenauswahl eines Beitrags (Artikel\/Datum, Seite\/Inhalt): Klicken oder scrollen Baldenweger H\u00fctte zwischen Feldberg und Rinken Baldenweger H\u00fctte unterhalb des Feldbergs mit neuen P\u00e4chtern (7.12.2022) Baldenweger H\u00fctte am Nordhang des Feldbergs\u00a0&gt;Baldenweger-Huette (Archivseite) Erlenbacher H\u00fctte Baldenwegerhof im Dreisamtal Emmendinger H\u00fctte am &hellip; <a href=\"https:\/\/www.freiburg-schwarzwald.de\/blog\/tourismus\/gastro\/huetten\/baldenweger-huette\/\">Weiterlesen <span class=\"meta-nav\">&rarr;<\/span><\/a><\/p>\n","protected":false},"author":2,"featured_media":0,"parent":3817,"menu_order":0,"comment_status":"closed","ping_status":"closed","template":"","meta":{"footnotes":""},"class_list":["post-107078","page","type-page","status-publish","hentry"],"_links":{"self":[{"href":"https:\/\/www.freiburg-schwarzwald.de\/blog\/wp-json\/wp\/v2\/pages\/107078","targetHints":{"allow":["GET"]}}],"collection":[{"href":"https:\/\/www.freiburg-schwarzwald.de\/blog\/wp-json\/wp\/v2\/pages"}],"about":[{"href":"https:\/\/www.freiburg-schwarzwald.de\/blog\/wp-json\/wp\/v2\/types\/page"}],"author":[{"embeddable":true,"href":"https:\/\/www.freiburg-schwarzwald.de\/blog\/wp-json\/wp\/v2\/users\/2"}],"replies":[{"embeddable":true,"href":"https:\/\/www.freiburg-schwarzwald.de\/blog\/wp-json\/wp\/v2\/comments?post=107078"}],"version-history":[{"count":5,"href":"https:\/\/www.freiburg-schwarzwald.de\/blog\/wp-json\/wp\/v2\/pages\/107078\/revisions"}],"predecessor-version":[{"id":141585,"href":"https:\/\/www.freiburg-schwarzwald.de\/blog\/wp-json\/wp\/v2\/pages\/107078\/revisions\/141585"}],"up":[{"embeddable":true,"href":"https:\/\/www.freiburg-schwarzwald.de\/blog\/wp-json\/wp\/v2\/pages\/3817"}],"wp:attachment":[{"href":"https:\/\/www.freiburg-schwarzwald.de\/blog\/wp-json\/wp\/v2\/media?parent=107078"}],"curies":[{"name":"wp","href":"https:\/\/api.w.org\/{rel}","templated":true}]}}