{"id":106672,"date":"2022-11-29T18:15:43","date_gmt":"2022-11-29T17:15:43","guid":{"rendered":"https:\/\/www.freiburg-schwarzwald.de\/blog\/?page_id=106672"},"modified":"2025-12-10T18:08:38","modified_gmt":"2025-12-10T17:08:38","slug":"schuldenpolitik","status":"publish","type":"page","link":"https:\/\/www.freiburg-schwarzwald.de\/blog\/engagement\/zukunft\/demokratie\/staat\/schuldenpolitik\/","title":{"rendered":"Schuldenpolitik"},"content":{"rendered":"<p><a href=\"https:\/\/freiburg-schwarzwald.de\/blog\">Home<\/a>\u00a0&gt;<a title=\"Engagement\" href=\"https:\/\/www.freiburg-schwarzwald.de\/blog\/engagement\/\">Engagement<\/a>\u00a0&gt;<a title=\"Zukunft\" href=\"https:\/\/www.freiburg-schwarzwald.de\/blog\/engagement\/zukunft\/\">Zukunft<\/a>\u00a0&gt;<a title=\"Demokratie\" href=\"https:\/\/www.freiburg-schwarzwald.de\/blog\/engagement\/zukunft\/demokratie\/\">Demokratie<\/a>\u00a0&gt;<a href=\"https:\/\/www.freiburg-schwarzwald.de\/blog\/engagement\/zukunft\/demokratie\/staatsquote\/\">Staatsquote<\/a> &gt;<a href=\"https:\/\/www.freiburg-schwarzwald.de\/blog\/global\/finanzsystem\/schulden\/\">Schulden<\/a> &gt;Schuldenpolitik<\/p>\n<div id=\"attachment_97312\" style=\"width: 640px\" class=\"wp-caption alignnone\"><a href=\"https:\/\/www.freiburg-schwarzwald.de\/blog\/wp-content\/uploads\/2022\/01\/Rote-Linie-freiburg-pan202201-1.jpg\"><img loading=\"lazy\" decoding=\"async\" aria-describedby=\"caption-attachment-97312\" class=\"size-full wp-image-97312\" src=\"https:\/\/www.freiburg-schwarzwald.de\/blog\/wp-content\/uploads\/2022\/01\/Rote-Linie-freiburg-pan202201-1.jpg\" alt=\"\" width=\"630\" height=\"317\" srcset=\"https:\/\/www.freiburg-schwarzwald.de\/blog\/wp-content\/uploads\/2022\/01\/Rote-Linie-freiburg-pan202201-1.jpg 630w, https:\/\/www.freiburg-schwarzwald.de\/blog\/wp-content\/uploads\/2022\/01\/Rote-Linie-freiburg-pan202201-1-180x91.jpg 180w\" sizes=\"auto, (max-width: 630px) 100vw, 630px\" \/><\/a><p id=\"caption-attachment-97312\" class=\"wp-caption-text\">Demo-Antwort zu &#8222;Es gibt keine roten Linien&#8220; von Olaf Scholz in Freiburg 1\/2022<\/p><\/div>\n<ul>\n<li><em>Listenauswahl eines Beitrags: Bitte anklicken oder runterscrollen<\/em><\/li>\n<li><a href=\"https:\/\/www.freiburg-schwarzwald.de\/blog\/engagement\/zukunft\/demokratie\/kommunalwahl\/gemeinde\/\">Der gro\u00dfe Raubzug wird vorbereitet: Auspl\u00fcnderung der Kommunen f\u00fcr den Klima-Komplex<\/a>\u00a0(16.11.2025)<\/li>\n<li><a href=\"https:\/\/www.freiburg-schwarzwald.de\/blog\/engagement\/zukunft\/demokratie\/staat\/staatsschulden2025\/schuldenbremse\/\">Pers\u00f6nlicher Nachruf auf die Schuldenbremse<\/a>\u00a0(25.3.2025)<\/li>\n<li><a href=\"https:\/\/www.freiburg-schwarzwald.de\/blog\/schulden-klima-im-grundgesetz\/\">Schulden, Klima im Grundgesetz<\/a> (18.3.2025)<\/li>\n<li><a href=\"https:\/\/www.freiburg-schwarzwald.de\/blog\/engagement\/zukunft\/demokratie\/staat\/staatsschulden2025\/\">Eine Billion Staatsschulden: Jeder B\u00fcrger hat 12.000 Euro Schulden zus\u00e4tzlich<\/a>\u00a0(18.3.2025)<\/li>\n<li><a href=\"https:\/\/www.freiburg-schwarzwald.de\/blog\/klimaneutralitaet-ins-grundgesetz\/\">Klimaneutralit\u00e4t ins Grundgesetz<\/a> (16.3.2025)<\/li>\n<li><a href=\"https:\/\/www.freiburg-schwarzwald.de\/blog\/global\/finanzsystem\/staatsanleihen\/\">Staatsanleihen: Eine grenzenlose Verschuldungsorgie?<\/a>\u00a0(14.3.2025)<\/li>\n<li><a href=\"https:\/\/www.freiburg-schwarzwald.de\/blog\/keine-neuen-staatsschulden\/\">Keine neuen Staatsschulden<\/a>\u00a0(9.3.2025)<\/li>\n<li><a href=\"https:\/\/www.freiburg-schwarzwald.de\/blog\/merzels-sondervermoegen\/\">Merzel\u2019s Sonderverm\u00f6gen<\/a>\u00a0(7.3.2025)<\/li>\n<li>Merz: Vom Gegner der Schuldenmacherei zum Rekordverschuldner (6.3.2025)<\/li>\n<li><a href=\"https:\/\/www.freiburg-schwarzwald.de\/blog\/die-ampel-ist-erloschen-dubai\/\">Die Ampel ist erloschen \u2013 Dubai<\/a>\u00a0(29.11.2023)<\/li>\n<li><a href=\"https:\/\/www.freiburg-schwarzwald.de\/blog\/engagement\/zukunft\/demokratie\/staat\/staatshaushalt\/\">Haushaltskrise: Noch Staatstheater oder doch schon Staatsversagen?<\/a> (27.11.2023)<\/li>\n<li><a href=\"https:\/\/www.freiburg-schwarzwald.de\/blog\/schulden-sind-sondervermoegen\/\">Schulden sind Sonderverm\u00f6gen<\/a>\u00a0(6.11.2023)<\/li>\n<li><a href=\"https:\/\/www.freiburg-schwarzwald.de\/blog\/engagement\/zukunft\/demokratie\/staat\/staatshaushalt\/\">Thilo Sarrazin: Sozialausgaben erdrosseln Staatsfinanzen<\/a>\u00a0(14.9.2023)<\/li>\n<li><a href=\"https:\/\/www.freiburg-schwarzwald.de\/blog\/global\/eu\/eu-schuldenunion\/\">Die Zerschlagung des Stabilit\u00e4ts- und Wachstumspakts (SWP)<\/a>\u00a0(18.3.2023)<\/li>\n<li><a href=\"https:\/\/www.freiburg-schwarzwald.de\/blog\/engagement\/zukunft\/demokratie\/buerokratie\/\">Die B\u00fcrokratie bremst Deutschland aus \u2013 sogar beim Schulden machen<\/a> (28.12.2022)<\/li>\n<li><a href=\"https:\/\/www.freiburg-schwarzwald.de\/blog\/weihnachtsvorlesung-prof-sinn\/\">Weihnachtsvorlesung: Prof Sinn<\/a>\u00a0(16.12.2022)<\/li>\n<li><a href=\"https:\/\/www.freiburg-schwarzwald.de\/blog\/global\/eu\/eu-schuldenunion\/\">Das Verfassungsgericht legalisiert die Schuldenunion<\/a>\u00a0(9.12.2022)<\/li>\n<li><a href=\"https:\/\/www.freiburg-schwarzwald.de\/blog\/global\/eu\/ngeu\/\">Karlsruher Nikolaus-Urteil: NGEU-Fonds , Eurobonds<\/a>\u00a0(25.11.2022)<\/li>\n<li>Schuldenpolitik von Deutschland seit 1960 (25.11.2022)<\/li>\n<\/ul>\n<ul>\n<li><a href=\"https:\/\/www.freiburg-schwarzwald.de\/blog\/global\/finanzsystem\/\">Finanzsystem<\/a><\/li>\n<li><a href=\"https:\/\/www.freiburg-schwarzwald.de\/blog\/engagement\/zukunft\/demokratie\/kommunalwahl\/gemeinde\/\">Gemeinde<\/a><\/li>\n<li><a href=\"https:\/\/www.freiburg-schwarzwald.de\/blog\/natur\/klima\/klimapolitik\/klimaneutral\/\">klimaneutral<\/a><\/li>\n<li><a href=\"https:\/\/www.freiburg-schwarzwald.de\/blog\/global\/eu\/ngeu\/\">NGEU<\/a><\/li>\n<li><a href=\"https:\/\/www.freiburg-schwarzwald.de\/blog\/global\/eu\/notverordnungen\/\">Notverordnungen<\/a><\/li>\n<li><a href=\"https:\/\/www.freiburg-schwarzwald.de\/blog\/engagement\/zukunft\/demokratie\/parteienstaat\/\">Parteienstaat<\/a><\/li>\n<li><a href=\"https:\/\/www.freiburg-schwarzwald.de\/blog\/engagement\/zukunft\/schuld\/\">Schuld<\/a><\/li>\n<li><a href=\"https:\/\/www.freiburg-schwarzwald.de\/blog\/global\/finanzsystem\/schulden\/\">Schulden<\/a><\/li>\n<li><a href=\"https:\/\/www.freiburg-schwarzwald.de\/blog\/engagement\/zukunft\/demokratie\/staat\/staatsschulden2025\/schuldenbremse\/\">Schuldenbremse<\/a><\/li>\n<li><a href=\"https:\/\/www.freiburg-schwarzwald.de\/blog\/engagement\/zukunft\/marktwirtschaft\/soziale-marktwirtschaft\/\">Soziale Marktwirtschaft<\/a><\/li>\n<li><a href=\"https:\/\/www.freiburg-schwarzwald.de\/blog\/engagement\/zukunft\/demokratie\/staat\/\">Staat<\/a><\/li>\n<li><a href=\"https:\/\/www.freiburg-schwarzwald.de\/blog\/global\/finanzsystem\/staatsanleihen\/\">Staatsanleihen<\/a><\/li>\n<li><a href=\"https:\/\/www.freiburg-schwarzwald.de\/blog\/engagement\/zukunft\/demokratie\/staat\/staatshaushalt\/\">Staatshaushalt<\/a><\/li>\n<li><a href=\"https:\/\/www.freiburg-schwarzwald.de\/blog\/engagement\/zukunft\/demokratie\/staatsquote\/\">Staatsquote<\/a><\/li>\n<li><a href=\"https:\/\/www.freiburg-schwarzwald.de\/blog\/engagement\/zukunft\/demokratie\/staat\/staatsschulden2025\/\">Staatsschulden2025<\/a><\/li>\n<li><a href=\"https:\/\/www.freiburg-schwarzwald.de\/blog\/kultur\/kulturverlust\/verbote\/\">Verbote<\/a><\/li>\n<\/ul>\n<p>&nbsp;<\/p>\n<p><strong>Merz: Vom Gegner der Schuldenmacherei zum Rekordverschuldner<\/strong><br \/>\nIst es nicht unglaublich, dass Kanzlerkandidat Merz, als Gegner von Schuldenmacherei, ein paar Tage sp\u00e4ter als Kanzleranw\u00e4rter genau das extreme Gegenteil will: Eine in der deutschen Geschichte nie dagewesene Rekordverschuldung! Noch schlimmer w\u00e4re es, wenn es tats\u00e4chlich zutrifft, dass einer Umfrage zwei Drittel der Befragten den <a href=\"https:\/\/www.freiburg-schwarzwald.de\/blog\/engagement\/zukunft\/krieg\/nachruestung\/\">Kriegstauglichkeits-Krediten<\/a> zustimmen, nach dieser Umfrage <a href=\"https:\/\/de.statista.com\/infografik\/34054\/umfrage-zu-finanziellen-massnahmen-von-union-und-spd\/\">https:\/\/de.statista.com\/infografik\/34054\/umfrage-zu-finanziellen-massnahmen-von-union-und-spd\/<\/a> sogar fast 90 Prozent.<br \/>\nWenn die abgew\u00e4hlte Ampel tats\u00e4chlich ihr Ding durchziehen sollte, und das mit diesen Umfragen rechtfertigt, wei\u00df ich nicht, was ich von unserem Land noch halten soll. Dann waren die ganzen Jahre der faktenbasierten Gegen\u00f6ffentlichkeit durch uns alternative Journalisten, wie mit meinem Artikel im Anhang \u201ef\u00fcr die Katz\u201c. Dann kann man nur noch kapitulieren, f\u00fcr uns beten und um die Zukunft unserer Kinder weinen.<br \/>\nIn tiefster Sorge, Albrecht K\u00fcnstle, 6.3.2025<\/p>\n<p>&nbsp;<\/p>\n<p><strong>\u00a0Schuldenpolitik von Deutschland seit 1960<\/strong><\/p>\n<p>Mit nunmehr 85 Jahren kann ich auf ein \u00fcberwiegend gutes und arbeitsreiches Leben zur\u00fcckblicken. Die meisten meiner Altersgenossen, mit denen ich noch zu tun habe, sehen das genauso. Nach dem Zweiten Weltkrieg sind wir in das Arbeitsleben eingestiegen, mit sehr geringen L\u00f6hnen. In meinem Fall 88 Pfennige pro Stunde.<br \/>\nWie die Bev\u00f6lkerung, so hat sich auch der Staat gut entwickelt, alles aus Schutt und Asche wieder aufgebaut, ohne wesentlich Schulden zu machen. Schon in den 60er Jahren hat in der Gesellschaft ein Umdenken stattgefunden.<br \/>\nLudwig Erhard, der Vater des Wirtschaftswunders wurde wegen seines Appells zum Ma\u00dfhalten verspottet. Anfang der 70er Jahre kam Willy Brandt an die Regierung und hatte verk\u00fcndet, er wolle die Belastbarkeit der Wirtschaft testen. Trotzdem ging es bis zur Jahrtausendwende stets bergauf, allerdings zunehmend mit Finanzierung \u00fcber Schulden, die dann einschlie\u00dflich der Kosten f\u00fcr die Wiedervereinigung auf <em><strong>2.000 Milliarden Euro<\/strong><\/em> angewachsen sind.<br \/>\nDank Gerhard Schr\u00f6ders Agenda 2010 ist die Verschuldung von 2000 bis 2018 nicht weiter gestiegen.<br \/>\n.<br \/>\nIn der Merkel-\u00c4ra wurden dann katastrophale Fehlentscheidungen getroffen, mit denen die Grundlagen f\u00fcr das heutige Finanzdesaster gelegt wurden, zum Beispiel Griechenlandhilfen, Energiewende, Fl\u00fcchtlingspolitik und F\u00f6rderung des Anspruchsdenkens an den <a href=\"https:\/\/www.freiburg-schwarzwald.de\/blog\/engagement\/zukunft\/demokratie\/staat\/\">Staat<\/a>.<br \/>\nDiese Politik wird durch die rot-gelb-gr\u00fcne Politik fortgesetzt mit jetzt verheerenden Folgen. Corona wurde zum Anla\u00df, den allm\u00e4chtigen Staat auszurufen mit v\u00f6llig \u00fcberzogenen Ma\u00dfnahmen, der Beschneidung von Freiheitsrechten und dem Zukleistern der Probleme mit 1.000 Milliarden Euro Ausgaben, nat\u00fcrlich auf Pump. Ergebnis: Aus den 2.000 Milliarden Euro vor der Corona-Pandemie sind jetzt <em><strong>4.000 Milliarden Euro Schulden<\/strong><\/em> geworden, die unsere Gesellschaft in gro\u00dfe Bedr\u00e4ngnis bringen.<br \/>\n.<br \/>\nDie Folgen sp\u00fcren wir t\u00e4glich. Deshalb schreit jetzt jeder nach staatlichen Hilfen, im tr\u00fcgerischen Glauben, der Staat k\u00f6nne alles regeln. Die Folgen sind explodierende Preise, hohe Inflationsrate, Betriebsschlie\u00dfungen und der Bruch von Lieferketten, Verfall der Spareinlagen und zunehmende Kriminalit\u00e4t (Einbr\u00fcche, Diebst\u00e4hle etc.). Das aktuell politisch diskutierte <a href=\"https:\/\/www.freiburg-schwarzwald.de\/blog\/selbsthilfe\/soziales\/arbeit\/buergergeld\/\">B\u00fcrgergeld<\/a> zeigt allerdings wieder in die falsche Richtung, n\u00e4mlich, wer nicht arbeitet steht, wenn das Gesetz so verabschiedet wird, besser da als einer, der im unteren Einkommensbereich t\u00e4tig ist.<br \/>\n25.11.2022, Karl Braun, Haiterbach, JF 48\/22, Seite 23<\/p>\n","protected":false},"excerpt":{"rendered":"<p>Home\u00a0&gt;Engagement\u00a0&gt;Zukunft\u00a0&gt;Demokratie\u00a0&gt;Staatsquote &gt;Schulden &gt;Schuldenpolitik Listenauswahl eines Beitrags: Bitte anklicken oder runterscrollen Der gro\u00dfe Raubzug wird vorbereitet: Auspl\u00fcnderung der Kommunen f\u00fcr den Klima-Komplex\u00a0(16.11.2025) Pers\u00f6nlicher Nachruf auf die Schuldenbremse\u00a0(25.3.2025) Schulden, Klima im Grundgesetz (18.3.2025) Eine Billion Staatsschulden: Jeder B\u00fcrger hat 12.000 Euro Schulden &hellip; <a href=\"https:\/\/www.freiburg-schwarzwald.de\/blog\/engagement\/zukunft\/demokratie\/staat\/schuldenpolitik\/\">Weiterlesen <span class=\"meta-nav\">&rarr;<\/span><\/a><\/p>\n","protected":false},"author":2,"featured_media":0,"parent":104638,"menu_order":0,"comment_status":"closed","ping_status":"closed","template":"","meta":{"footnotes":""},"class_list":["post-106672","page","type-page","status-publish","hentry"],"_links":{"self":[{"href":"https:\/\/www.freiburg-schwarzwald.de\/blog\/wp-json\/wp\/v2\/pages\/106672","targetHints":{"allow":["GET"]}}],"collection":[{"href":"https:\/\/www.freiburg-schwarzwald.de\/blog\/wp-json\/wp\/v2\/pages"}],"about":[{"href":"https:\/\/www.freiburg-schwarzwald.de\/blog\/wp-json\/wp\/v2\/types\/page"}],"author":[{"embeddable":true,"href":"https:\/\/www.freiburg-schwarzwald.de\/blog\/wp-json\/wp\/v2\/users\/2"}],"replies":[{"embeddable":true,"href":"https:\/\/www.freiburg-schwarzwald.de\/blog\/wp-json\/wp\/v2\/comments?post=106672"}],"version-history":[{"count":6,"href":"https:\/\/www.freiburg-schwarzwald.de\/blog\/wp-json\/wp\/v2\/pages\/106672\/revisions"}],"predecessor-version":[{"id":142719,"href":"https:\/\/www.freiburg-schwarzwald.de\/blog\/wp-json\/wp\/v2\/pages\/106672\/revisions\/142719"}],"up":[{"embeddable":true,"href":"https:\/\/www.freiburg-schwarzwald.de\/blog\/wp-json\/wp\/v2\/pages\/104638"}],"wp:attachment":[{"href":"https:\/\/www.freiburg-schwarzwald.de\/blog\/wp-json\/wp\/v2\/media?parent=106672"}],"curies":[{"name":"wp","href":"https:\/\/api.w.org\/{rel}","templated":true}]}}