{"id":106475,"date":"2022-11-21T20:46:59","date_gmt":"2022-11-21T19:46:59","guid":{"rendered":"https:\/\/www.freiburg-schwarzwald.de\/blog\/?page_id=106475"},"modified":"2022-11-21T20:54:31","modified_gmt":"2022-11-21T19:54:31","slug":"buendnis-deutschland","status":"publish","type":"page","link":"https:\/\/www.freiburg-schwarzwald.de\/blog\/vereine\/partei\/buendnis-deutschland\/","title":{"rendered":"B\u00fcndnis-Deutschland"},"content":{"rendered":"<p><a href=\"https:\/\/www.freiburg-schwarzwald.de\/blog\">Home<\/a>\u00a0&gt;<a title=\"Vereine\" href=\"https:\/\/www.freiburg-schwarzwald.de\/blog\/vereine\/\">Vereine<\/a>\u00a0&gt;<a title=\"Engagement\" href=\"https:\/\/www.freiburg-schwarzwald.de\/blog\/engagement\/\">Engagement<\/a>\u00a0&gt;<a href=\"https:\/\/www.freiburg-schwarzwald.de\/blog\/engagement\/zukunft\/demokratie\/direkte-demokratie\/\">Direkte-Demokratie<\/a>\u00a0&gt;<a title=\"Partei\" href=\"https:\/\/www.freiburg-schwarzwald.de\/blog\/vereine\/partei\/\">Partei<\/a> &gt;B\u00fcndnis-Deutschland<\/p>\n<div id=\"attachment_105464\" style=\"width: 649px\" class=\"wp-caption alignnone\"><a href=\"https:\/\/www.freiburg-schwarzwald.de\/blog\/wp-content\/uploads\/2022\/10\/herbstmorgen-zarten-schwarzwald-pan221015.jpg\"><img loading=\"lazy\" decoding=\"async\" aria-describedby=\"caption-attachment-105464\" class=\"size-full wp-image-105464\" src=\"https:\/\/www.freiburg-schwarzwald.de\/blog\/wp-content\/uploads\/2022\/10\/herbstmorgen-zarten-schwarzwald-pan221015.jpg\" alt=\"\" width=\"639\" height=\"332\" srcset=\"https:\/\/www.freiburg-schwarzwald.de\/blog\/wp-content\/uploads\/2022\/10\/herbstmorgen-zarten-schwarzwald-pan221015.jpg 639w, https:\/\/www.freiburg-schwarzwald.de\/blog\/wp-content\/uploads\/2022\/10\/herbstmorgen-zarten-schwarzwald-pan221015-180x94.jpg 180w\" sizes=\"auto, (max-width: 639px) 100vw, 639px\" \/><\/a><p id=\"caption-attachment-105464\" class=\"wp-caption-text\">Herbstmorgen bei einer Obstbaumwiese am Fu\u00df des Schwarzwaldes 13.10.2022<\/p><\/div>\n<p>&nbsp;<\/p>\n<ul>\n<li>B\u00fcndnis Deutschland gr\u00fcndet sich als Alternative zur CDU (21.11.2022)<\/li>\n<li>B\u00fcndnis Deutschland &#8211; Freiheit, Wohlstand, Sicherheit (20.11.2022)<\/li>\n<\/ul>\n<p>&nbsp;<\/p>\n<p><strong>B\u00fcndnis Deutschland gr\u00fcndet sich als Alternative zur CDU<\/strong><br \/>\nDas B\u00fcndnis Deutschland hat sich an diesem Sonntag in Fulda gegr\u00fcndet. Die Partei ist ein Zusammenschluss konservativer Politiker aus Union und Freien W\u00e4hlern \u2013 das \u201eRechts\u201c-Framing der \u00d6ffentlich-Rechtlichen l\u00e4uft bereits.<br \/>\nSahra Wagenknecht (Linke) war vor einem guten Monat ein gro\u00dfes Thema, als sie die M\u00f6glichkeit der Gr\u00fcndung einer neuen Partei nur andeutete. Da waren die Mannen um Steffen Gro\u00dfe, Carsten Schanz oder Niklas Stadelmann schon viel weiter. Insgesamt gut neun Monate haben sie sich Zeit genommen, eine Parteigr\u00fcndung vorzubereiten: Satzung entwickeln, Strukturen vorbereiten, Fallstricke ausfindig machen und beseitigen. Nun hat sich diese Partei in Fulda gegr\u00fcndet: das B\u00fcndnis Deutschland.<br \/>\nEs soll eine Partei f\u00fcr die b\u00fcrgerliche Mitte sein. Konservativ. Und sie will sich von der AfD abgrenzen. Vor allem von der heiklen Basis, die sich diese Partei seit 2015 zunehmend erworben hat. Das Rechts-Links-Schema will das B\u00fcndnis Deutschland ohnehin nicht bedienen, sieht sich so w\u00e4hlbar bis hinein ins Lager der SPD. Das B\u00fcndnis stellt ohnehin seine Wertebasis in den Vordergrund: \u201eWir sind B\u00fcrger aus der Mitte der Gesellschaft, die f\u00fcr eine vernunft- und l\u00f6sungsorientierte Politik stehen\u201c, hei\u00dft es in einer Grundsatzerkl\u00e4rung, zu der auch ein Bekenntnis zum Grundgesetz geh\u00f6rt.<br \/>\n&#8230; Alles vom 21.11.2022 bitte lesen auf<br \/>\n<a href=\"https:\/\/www.tichyseinblick.de\/daili-es-sentials\/buendnis-deutschland-gruendet-sich-als-alternative-zur-cdu\/\">https:\/\/www.tichyseinblick.de\/daili-es-sentials\/buendnis-deutschland-gruendet-sich-als-alternative-zur-cdu\/<\/a><br \/>\n.<\/p>\n<p><strong>B\u00fcndnis Deutschland &#8211; Freiheit, Wohlstand, Sicherheit<\/strong><br \/>\n&#8222;Wir rufen alle Menschen in unserem Lande auf, den Weg der Freiheit mit uns zu gehen. Haben Sie den Mut und stellen Sie mit uns die Weichen f\u00fcr ein zukunftsorientiertes und leistungsf\u00e4higes Deutschland.<br \/>\n.<br \/>\nIn Fulda hat sich am 20. November das B\u00dcNDNIS DEUTSCHLAND als neue Partei in der politischen Mitte gegr\u00fcndet. Die Gr\u00fcndung der Bundespartei erfolgte aus einer Sammlungsbewegung heraus und war seit dem Fr\u00fchjahr vorbereitet worden.<br \/>\nDiese Partei erf\u00fcllt den allgemeinen Wunsch aus der Gesellschaft nach einem neuen, ehrlichen Politikangebot \u2013 lt. INSA suchen 52% der W\u00e4hler nach einer neuen politischen Heimat. Das Misstrauensvotum der B\u00fcrger gegen\u00fcber den bisherigen Parteien ist so gro\u00df wie wohl noch nie: In der Spitze trauen 63% der Deutschen keiner Partei mehr die L\u00f6sung der Probleme Deutschlands zu. 68% der B\u00fcrger bescheinigen der Ampel, keinen klaren Plan zu haben*. Zwei Drittel halten den Staat f\u00fcr \u00fcberfordert**. 76% bescheinigen der Politik, nur zu reden statt Probleme zu l\u00f6sen. 80% sagen, Politiker k\u00f6nnen die Probleme normaler Menschen nicht nachempfinden, 66% halten Politiker nicht f\u00fcr vertrauensw\u00fcrdig. Alle Parteien haben erheblich Glaubw\u00fcrdigkeit verspielt.<br \/>\nB\u00dcNDNIS DEUTSCHLAND wird dazu beitragen, dass sich das \u00e4ndert.&#8220;<br \/>\n.<br \/>\nB\u00dcNDNIS DEUTSCHLAND<br \/>\nKnesebeckstra\u00dfe 62\/63<br \/>\n10719 Berlin<br \/>\nTel 030\/991 9120-0, Mo-Fr 9-18 Uhr<br \/>\nkontakt@b\u00fcndnis-deutschland.de<br \/>\n<a href=\"https:\/\/www.buendnis-deutschland.de\">https:\/\/www.buendnis-deutschland.de<\/a><\/p>\n","protected":false},"excerpt":{"rendered":"<p>Home\u00a0&gt;Vereine\u00a0&gt;Engagement\u00a0&gt;Direkte-Demokratie\u00a0&gt;Partei &gt;B\u00fcndnis-Deutschland &nbsp; B\u00fcndnis Deutschland gr\u00fcndet sich als Alternative zur CDU (21.11.2022) B\u00fcndnis Deutschland &#8211; Freiheit, Wohlstand, Sicherheit (20.11.2022) &nbsp; B\u00fcndnis Deutschland gr\u00fcndet sich als Alternative zur CDU Das B\u00fcndnis Deutschland hat sich an diesem Sonntag in Fulda gegr\u00fcndet. Die &hellip; <a href=\"https:\/\/www.freiburg-schwarzwald.de\/blog\/vereine\/partei\/buendnis-deutschland\/\">Weiterlesen <span class=\"meta-nav\">&rarr;<\/span><\/a><\/p>\n","protected":false},"author":2,"featured_media":0,"parent":2803,"menu_order":0,"comment_status":"closed","ping_status":"closed","template":"","meta":{"footnotes":""},"class_list":["post-106475","page","type-page","status-publish","hentry"],"_links":{"self":[{"href":"https:\/\/www.freiburg-schwarzwald.de\/blog\/wp-json\/wp\/v2\/pages\/106475","targetHints":{"allow":["GET"]}}],"collection":[{"href":"https:\/\/www.freiburg-schwarzwald.de\/blog\/wp-json\/wp\/v2\/pages"}],"about":[{"href":"https:\/\/www.freiburg-schwarzwald.de\/blog\/wp-json\/wp\/v2\/types\/page"}],"author":[{"embeddable":true,"href":"https:\/\/www.freiburg-schwarzwald.de\/blog\/wp-json\/wp\/v2\/users\/2"}],"replies":[{"embeddable":true,"href":"https:\/\/www.freiburg-schwarzwald.de\/blog\/wp-json\/wp\/v2\/comments?post=106475"}],"version-history":[{"count":4,"href":"https:\/\/www.freiburg-schwarzwald.de\/blog\/wp-json\/wp\/v2\/pages\/106475\/revisions"}],"predecessor-version":[{"id":106479,"href":"https:\/\/www.freiburg-schwarzwald.de\/blog\/wp-json\/wp\/v2\/pages\/106475\/revisions\/106479"}],"up":[{"embeddable":true,"href":"https:\/\/www.freiburg-schwarzwald.de\/blog\/wp-json\/wp\/v2\/pages\/2803"}],"wp:attachment":[{"href":"https:\/\/www.freiburg-schwarzwald.de\/blog\/wp-json\/wp\/v2\/media?parent=106475"}],"curies":[{"name":"wp","href":"https:\/\/api.w.org\/{rel}","templated":true}]}}