{"id":105925,"date":"2022-11-03T12:38:02","date_gmt":"2022-11-03T11:38:02","guid":{"rendered":"https:\/\/www.freiburg-schwarzwald.de\/blog\/?page_id=105925"},"modified":"2025-12-29T19:17:28","modified_gmt":"2025-12-29T18:17:28","slug":"tod","status":"publish","type":"page","link":"https:\/\/www.freiburg-schwarzwald.de\/blog\/selbsthilfe\/psyche\/trauer\/tod\/","title":{"rendered":"Tod"},"content":{"rendered":"<p>Home &gt;<a title=\"Selbsthilfe\" href=\"https:\/\/www.freiburg-schwarzwald.de\/blog\/selbsthilfe\/\">Selbsthilfe<\/a>\u00a0&gt;<a title=\"Gesund\" href=\"https:\/\/www.freiburg-schwarzwald.de\/blog\/business\/gesund\/\">Gesund<\/a>\u00a0&gt;<a title=\"Psyche\" href=\"https:\/\/www.freiburg-schwarzwald.de\/blog\/selbsthilfe\/psyche\/\">Psyche<\/a> &gt;<a href=\"https:\/\/www.freiburg-schwarzwald.de\/blog\/selbsthilfe\/psyche\/trauer\/\">Trauer<\/a> &gt;<a href=\"https:\/\/www.freiburg-schwarzwald.de\/blog\/religion\/religion-privatsache\/\">Religion<\/a> &gt;Tod<\/p>\n<div id=\"attachment_85941\" style=\"width: 648px\" class=\"wp-caption alignnone\"><a href=\"https:\/\/www.freiburg-schwarzwald.de\/blog\/wp-content\/uploads\/2020\/12\/schauinsland-wetterbuchen202012-pan.jpg\"><img loading=\"lazy\" decoding=\"async\" aria-describedby=\"caption-attachment-85941\" class=\"size-full wp-image-85941\" src=\"https:\/\/www.freiburg-schwarzwald.de\/blog\/wp-content\/uploads\/2020\/12\/schauinsland-wetterbuchen202012-pan.jpg\" alt=\"\" width=\"638\" height=\"298\" srcset=\"https:\/\/www.freiburg-schwarzwald.de\/blog\/wp-content\/uploads\/2020\/12\/schauinsland-wetterbuchen202012-pan.jpg 638w, https:\/\/www.freiburg-schwarzwald.de\/blog\/wp-content\/uploads\/2020\/12\/schauinsland-wetterbuchen202012-pan-180x84.jpg 180w\" sizes=\"auto, (max-width: 638px) 100vw, 638px\" \/><\/a><p id=\"caption-attachment-85941\" class=\"wp-caption-text\">Wetterbuchen vom Rosshang in Hofsgrund am Schauinsland am 10.12.2020: Schnee &#8211; Buchen &#8211; Nebel &#8211; Sonne<\/p><\/div>\n<ul>\n<li><em>Listenauswahl eines Beitrags (Artikel\/Datum, Seite\/Inhalt): <span style=\"text-decoration: underline;\">Klicken<\/span> oder scrollen<\/em><\/li>\n<li><a href=\"https:\/\/www.freiburg-schwarzwald.de\/blog\/brigitte-bardot-mit-91-gestorben\/\">Brigitte Bardot mit 91 gestorben<\/a>\u00a0(29.12.2025)<\/li>\n<li><a href=\"https:\/\/www.freiburg-schwarzwald.de\/blog\/merz-menschenwuerdegarantie\/\">Merz: Menschenw\u00fcrdegarantie?<\/a>\u00a0(10.7.2025)<\/li>\n<li><a href=\"https:\/\/www.freiburg-schwarzwald.de\/blog\/kultur\/friedhoefe\/friedwald\/\">Bestattungswald \u201eLichtung der Ruhe \u2013 B\u00fcrgler Wald\u201c<\/a>\u00a0(4.7.2025)<\/li>\n<li><a href=\"https:\/\/www.freiburg-schwarzwald.de\/blog\/natur\/klima\/hitze\/\">Hitzetod als Modellrechnung \u2013 Wie Panik gemacht wird<\/a>\u00a0(2.7.2025)<\/li>\n<li><a href=\"https:\/\/www.freiburg-schwarzwald.de\/blog\/signore-ti-amo\/\">Signore, ti amo<\/a> (14.1.2023)<\/li>\n<li><a href=\"https:\/\/www.freiburg-schwarzwald.de\/blog\/selbsthilfe\/psyche\/trauer\/sterben\/\">DGHS: Humanes Sterben \u2013 Edith Vieser in Freiburg<\/a>\u00a0(11.1.2023)<\/li>\n<li>Dr. Udo Hildenbrand: Der Tod &#8211; Trostlose Endstation? (<\/li>\n<li>Steve Jobs: \u201eStay hungry, stay foolish\u201c \u2013 Stanford-Rede auf deutsch (11.10.2021)<\/li>\n<li><\/li>\n<li><a href=\"https:\/\/www.freiburg-schwarzwald.de\/blog\/selbsthilfe\/chronisch\/demenz\/\">Demenz<\/a><\/li>\n<li><a href=\"https:\/\/www.freiburg-schwarzwald.de\/blog\/kultur\/friedhoefe\/friedwald\/\">Friedwald<\/a><\/li>\n<li><a href=\"https:\/\/www.freiburg-schwarzwald.de\/blog\/selbsthilfe\/senioren\/palliativ\/\">Palliativ<\/a><\/li>\n<li><a href=\"https:\/\/www.freiburg-schwarzwald.de\/blog\/selbsthilfe\/senioren\/sterbehilfe\/\">Sterbehilfe<\/a><\/li>\n<li><a href=\"https:\/\/www.freiburg-schwarzwald.de\/blog\/selbsthilfe\/psyche\/trauer\/sterben\/\">Sterben<\/a><\/li>\n<\/ul>\n<p>&nbsp;<\/p>\n<p><strong>Dr. Udo Hildenbrand: Der Tod &#8211; Trostlose Endstation?<\/strong><br \/>\nDen Wechsel der Jahreszeiten so intensiv beobachten und miterleben zu k\u00f6nnen, wie es in unseren Breitengraden m\u00f6glich ist, ist schon etwas Besonderes. Kostenlos wird mir das ganze Jahr \u00fcber ein Naturszenario mit allen Variationen geboten: Sonne und Regen, Gewitter und St\u00fcrme, Nebel und Schnee, alle Farben der Natur bis hin zum Grau in Grau in den vielf\u00e4ltigen Schattierungen des Tageslichtes \u2026<br \/>\nDoch ich bleib\u00b4 dabei keineswegs nur Zuschauer. Mit meinem k\u00f6rperlichen und seelischen Empfinden bin ich in diese Naturvorg\u00e4nge einbezogen, manchmal belastet, manchmal bereichert.<br \/>\nBeim Nachdenken dar\u00fcber wird mir auch klar: Hinter diesen oft begl\u00fcckenden, gelegentlich aber auch bedr\u00fcckenden Naturvorg\u00e4ngen verbergen sich die elementaren Prozesse allen Lebens, n\u00e4mlich das Wachsen und Werden, das Reifen und Vergehen. Und ich selbst bin dabei mittendrin einer der unendlich vielen Mitspieler\/innen im gro\u00dfen Spiel des Lebens.<br \/>\nDeshalb ist auch f\u00fcr mich der elfte Monat eigentlich \u201eder schlimmste der zw\u00f6lf Br\u00fcder\u201c (Jean Paul).<br \/>\nDazu kommen die Gedenktage, die dem Monat November seinen d\u00fcsteren Beinamen geben: \u201eTotenmonat\u201c, Allerheiligen (mit dem Gr\u00e4berbesuch), Allerseelen, Volktrauertag, Totensonntag. Beim Gedenken an die Toten stellen sich bei mir immer auch Gedanken an die eigene Sterblichkeit ein. Gelegentlich kommt mir dabei auch jene mittelalterliche Legende in den Sinn, die daran erinnert: Was unsere Toten einst waren, sind wir Lebenden jetzt. Was sie jetzt sind, werden wir alle einmal sein.<br \/>\n&#8230; Alles vom 2.11.2022 von <a href=\"https:\/\/www.freiburg-schwarzwald.de\/blog\/religion\/christen\/christlich-islamischer-dialog\/\">Udo Hildenbrand<\/a> bitte lesen auf<br \/>\n<a href=\"https:\/\/philosophia-perennis.com\/2022\/11\/02\/vovember-totenmonat\/\">https:\/\/philosophia-perennis.com\/2022\/11\/02\/vovember-totenmonat\/<\/a><\/p>\n<p>&nbsp;<\/p>\n<p><strong>Steve Jobs: \u201eStay hungry, stay foolish\u201c \u2013 Stanford-Rede auf deutsch<\/strong><br \/>\n<strong>\u201eBleibt hungrig, bleibt tollk\u00fchn\u201c \u2013 Steve Jobs \u00fcber das Leben<\/strong><br \/>\nAm 12. Juni 2005 hielt Apple-Gr\u00fcnder Steve Jobs eine Rede vor Absolventen der Stanford-Universit\u00e4t. Er hatte gerade eine erfolgreiche Krebsbehandlung \u00fcberstanden. Nie wieder sprach Jobs so offen \u00fcber sein Leben.<br \/>\n<a href=\"https:\/\/www.youtube.com\/watch?v=b1ozBKH4KKQ\">https:\/\/www.youtube.com\/watch?v=b1ozBKH4KKQ<\/a><\/p>\n<p>&#8222;Als ich 17 Jahre alt war, habe ich ein Zitat gelesen, das ging ungef\u00e4hr so: \u201eWenn du jeden Tag deines Lebens wie den letzten lebst, wirst du irgendwann damit recht haben.\u201d Es hat mich beeindruckt und die vergangenen 33 Jahre habe ich jeden Morgen in den Spiegel geschaut und mich gefragt: \u201eWenn heute der letzte Tag meines Lebens w\u00e4re, w\u00fcrde ich gerne das tun, was mir heute bevorsteht?\u201d Und wenn an zu vielen Tagen in Folge die Antwort ein \u201eNein\u201d war, wusste ich, dass ich etwas ver\u00e4ndern musste. Vor etwa einen Jahr wurde bei mir Krebs diagnostiziert. Ich hatte einen Scan um 7:30 Uhr morgens, und er zeigte deutlich einen Tumor auf meiner Bauchspeicheldr\u00fcse.<br \/>\n&#8230;<br \/>\nKeiner will sterben. Selbst Menschen, die in den Himmel kommen wollen, wollen nicht sterben, um dorthin zu gelangen. Und doch ist der Tod das Ziel, das wir alle teilen. Keiner ist ihm je entkommen. Und das ist auch gut so, denn der Tod ist sehr wahrscheinlich die beste Erfindung des Lebens. Er ist der Ver\u00e4nderer des Lebens. Er r\u00e4umt das Alte aus, um Platz f\u00fcr das Neue zu schaffen. Im Moment sind Sie das Neue, aber eines nicht allzu fernen Tages werden Sie allm\u00e4hlich zum Alten werden und wegger\u00e4umt werden. Es tut mir leid, dass ich so dramatisch bin, aber es ist wirklich so.<br \/>\nEure Zeit ist beschr\u00e4nkt, also verschwendet sie nicht damit, dass ihr das Leben von jemand anderem lebt. Seid nicht in Dogmen gefangen \u2013 was bedeutet, den Gedanken anderer Leute zu folgen. Lasst nicht den L\u00e4rm fremder Meinungen eure eigenen inneren Stimmen ertr\u00e4nken. Und am allerwichtigsten: Habt den Mut, eurem Herzen und eurer Intuition zu folgen. Irgendwie wissen sie, was ihr wirklich werden wollt. Alles andere ist nebens\u00e4chlich.&#8220;<br \/>\n&#8230; Alles vom 11.10.2021 von Steve Jobs bitte lesen auf<br \/>\n<a href=\"https:\/\/www.mac-history.de\/steve-jobs\/2021-10-11\/ubersetzung-der-rede-von-steve-jobs-vor-den-absolventen-der-stanford-universitat-2005\">https:\/\/www.mac-history.de\/steve-jobs\/2021-10-11\/ubersetzung-der-rede-von-steve-jobs-vor-den-absolventen-der-stanford-universitat-2005<\/a><\/p>\n","protected":false},"excerpt":{"rendered":"<p>Home &gt;Selbsthilfe\u00a0&gt;Gesund\u00a0&gt;Psyche &gt;Trauer &gt;Religion &gt;Tod Listenauswahl eines Beitrags (Artikel\/Datum, Seite\/Inhalt): Klicken oder scrollen Brigitte Bardot mit 91 gestorben\u00a0(29.12.2025) Merz: Menschenw\u00fcrdegarantie?\u00a0(10.7.2025) Bestattungswald \u201eLichtung der Ruhe \u2013 B\u00fcrgler Wald\u201c\u00a0(4.7.2025) Hitzetod als Modellrechnung \u2013 Wie Panik gemacht wird\u00a0(2.7.2025) Signore, ti amo (14.1.2023) DGHS: &hellip; <a href=\"https:\/\/www.freiburg-schwarzwald.de\/blog\/selbsthilfe\/psyche\/trauer\/tod\/\">Weiterlesen <span class=\"meta-nav\">&rarr;<\/span><\/a><\/p>\n","protected":false},"author":2,"featured_media":0,"parent":68527,"menu_order":0,"comment_status":"closed","ping_status":"closed","template":"","meta":{"footnotes":""},"class_list":["post-105925","page","type-page","status-publish","hentry"],"_links":{"self":[{"href":"https:\/\/www.freiburg-schwarzwald.de\/blog\/wp-json\/wp\/v2\/pages\/105925","targetHints":{"allow":["GET"]}}],"collection":[{"href":"https:\/\/www.freiburg-schwarzwald.de\/blog\/wp-json\/wp\/v2\/pages"}],"about":[{"href":"https:\/\/www.freiburg-schwarzwald.de\/blog\/wp-json\/wp\/v2\/types\/page"}],"author":[{"embeddable":true,"href":"https:\/\/www.freiburg-schwarzwald.de\/blog\/wp-json\/wp\/v2\/users\/2"}],"replies":[{"embeddable":true,"href":"https:\/\/www.freiburg-schwarzwald.de\/blog\/wp-json\/wp\/v2\/comments?post=105925"}],"version-history":[{"count":6,"href":"https:\/\/www.freiburg-schwarzwald.de\/blog\/wp-json\/wp\/v2\/pages\/105925\/revisions"}],"predecessor-version":[{"id":143526,"href":"https:\/\/www.freiburg-schwarzwald.de\/blog\/wp-json\/wp\/v2\/pages\/105925\/revisions\/143526"}],"up":[{"embeddable":true,"href":"https:\/\/www.freiburg-schwarzwald.de\/blog\/wp-json\/wp\/v2\/pages\/68527"}],"wp:attachment":[{"href":"https:\/\/www.freiburg-schwarzwald.de\/blog\/wp-json\/wp\/v2\/media?parent=105925"}],"curies":[{"name":"wp","href":"https:\/\/api.w.org\/{rel}","templated":true}]}}