{"id":105778,"date":"2022-10-30T18:58:57","date_gmt":"2022-10-30T17:58:57","guid":{"rendered":"https:\/\/www.freiburg-schwarzwald.de\/blog\/?page_id=105778"},"modified":"2022-11-25T19:55:32","modified_gmt":"2022-11-25T18:55:32","slug":"fahrrad-demo","status":"publish","type":"page","link":"https:\/\/www.freiburg-schwarzwald.de\/blog\/engagement\/buergerinitiativen\/demos-in-freiburg\/fahrrad-demo\/","title":{"rendered":"Fahrrad-Demo"},"content":{"rendered":"<p><a href=\"https:\/\/www.freiburg-schwarzwald.de\/blog\">Home<\/a>\u00a0&gt;<a title=\"Engagement\" href=\"https:\/\/www.freiburg-schwarzwald.de\/blog\/engagement\/\">Engagement<\/a>\u00a0&gt;<a title=\"Demokratie\" href=\"https:\/\/www.freiburg-schwarzwald.de\/blog\/engagement\/zukunft\/demokratie\/\">Demokratie<\/a>\u00a0&gt;<a title=\"Opposition\" href=\"https:\/\/www.freiburg-schwarzwald.de\/blog\/engagement\/zukunft\/demokratie\/opposition\/\">Opposition<\/a>\u00a0&gt;<a href=\"https:\/\/www.freiburg-schwarzwald.de\/blog\/engagement\/buergerinitiativen\/demonstrationsrecht\/\">Demo<\/a>\u00a0&gt;<a href=\"https:\/\/www.freiburg-schwarzwald.de\/blog\/engagement\/buergerinitiativen\/demos-in-freiburg\/\">Demos-in-Freiburg<\/a> &gt;Fahrrad-Demo<\/p>\n<div id=\"attachment_8907\" style=\"width: 648px\" class=\"wp-caption alignnone\"><a href=\"https:\/\/www.freiburg-schwarzwald.de\/blog\/wp-content\/uploads\/2012\/08\/dreisam-fahrrad-pan101104.jpg\"><img loading=\"lazy\" decoding=\"async\" aria-describedby=\"caption-attachment-8907\" class=\"size-full wp-image-8907\" src=\"https:\/\/www.freiburg-schwarzwald.de\/blog\/wp-content\/uploads\/2012\/08\/dreisam-fahrrad-pan101104.jpg\" alt=\"\" width=\"638\" height=\"268\" srcset=\"https:\/\/www.freiburg-schwarzwald.de\/blog\/wp-content\/uploads\/2012\/08\/dreisam-fahrrad-pan101104.jpg 638w, https:\/\/www.freiburg-schwarzwald.de\/blog\/wp-content\/uploads\/2012\/08\/dreisam-fahrrad-pan101104-180x75.jpg 180w\" sizes=\"auto, (max-width: 638px) 100vw, 638px\" \/><\/a><p id=\"caption-attachment-8907\" class=\"wp-caption-text\">Dreisam-Fahrradweg zwischen Freiburg und Ebnet am 4.11.2010 &#8211; Blick zur Kartaus<\/p><\/div>\n<ul>\n<li>Fahrrad-Demo Freiburg am 12.11.2022 (14.11.2022)<\/li>\n<li><a href=\"https:\/\/www.freiburg-schwarzwald.de\/blog\/kanada-corona-entschuldigung\/\">Kanada Corona Entschuldigung<\/a>\u00a0(30.10.2022)<\/li>\n<li>Fahrrad-Demo Freiburg 29.10.2022 (30.10.2022)<\/li>\n<li>Fr\u00fchere Fahrrad-Demos in Freiburg <a href=\"https:\/\/www.freiburg-schwarzwald.de\/blog\/engagement\/buergerinitiativen\/demos-in-freiburg\/\">hier<\/a> und <a href=\"https:\/\/www.freiburg-schwarzwald.de\/blog\/engagement\/buergerinitiativen\/demos-in-freiburg\/freiseinfreiburg\/\">hier<\/a><\/li>\n<li><a href=\"https:\/\/www.freiburg-schwarzwald.de\/blog\/engagement\/buergerinitiativen\/demos-in-freiburg\/\">Fahrrad-Demo von FreiseinFreiburg am 11.6.2022 ab Konzerthaus<\/a>\u00a0(11.6.2022)<\/li>\n<li><\/li>\n<li><a href=\"https:\/\/www.freiburg-schwarzwald.de\/blog\/engagement\/buergerinitiativen\/demos-in-freiburg\/\">Demos-in-Freiburg<\/a><\/li>\n<li><a href=\"https:\/\/www.freiburg-schwarzwald.de\/blog\/engagement\/buergerinitiativen\/dreisamtal-demos\/\">Dreisamtal-Demos<\/a><\/li>\n<li><a href=\"https:\/\/www.freiburg-schwarzwald.de\/blog\/engagement\/buergerinitiativen\/dreisamtal-verbinde-dich\/\">Dreisamtal-verbinde-dich<\/a><\/li>\n<li><a href=\"https:\/\/www.freiburg-schwarzwald.de\/blog\/business\/handel\/fahrrad\/\">Fahrrad<\/a><\/li>\n<li><a href=\"https:\/\/www.freiburg-schwarzwald.de\/blog\/engagement\/buergerinitiativen\/demos-in-freiburg\/freiseinfreiburg\/\">FreiseinFreiburg<\/a><\/li>\n<li><a href=\"https:\/\/www.freiburg-schwarzwald.de\/blog\/engagement\/buergerinitiativen\/grundrechte-demo\/\">Grundrechte-Demos<\/a><\/li>\n<li><a href=\"https:\/\/www.freiburg-schwarzwald.de\/blog\/engagement\/buergerinitiativen\/montagsdemos\/\">Montagsdemos<\/a><\/li>\n<\/ul>\n<p><strong>Fahrrad-Demo Freiburg am 12.11.2022<\/strong><\/p>\n<p>Rede von Sunita bei der Fahrrad-Demo am 12.11.2022 in <a href=\"https:\/\/www.freiburg-schwarzwald.de\/blog\/engagement\/buergerinitiativen\/demos-in-freiburg\/freiseinfreiburg\/\">Freiburg<\/a><br \/>\n<a href=\"https:\/\/freiseinfreiburg.de\/wp-content\/uploads\/video_2022-11-13_17-20-03.mp4?_=1\">https:\/\/freiseinfreiburg.de\/wp-content\/uploads\/video_2022-11-13_17-20-03.mp4?_=1<\/a><\/p>\n<p>&nbsp;<\/p>\n<p><strong>Fahrrad-Demo Freiburg 29.10.2022<\/strong><br \/>\nBei sommerlichen 24 Grad demonstrierten ca 50 Radler in Freiburg f\u00fcr <a href=\"https:\/\/www.freiburg-schwarzwald.de\/blog\/engagement\/buergerinitiativen\/grundrechte-demo\/\">Grundrechte<\/a>, Frieden und Freiheit. Den Plakaten nach vornehmlich die Beendigung der <a href=\"https:\/\/www.freiburg-schwarzwald.de\/blog\/business\/gesund\/corona-virus\/\">Corona-Massnahmen<\/a> (nachdem nun sogar die Stiko die Pandemie zur Endemie erkl\u00e4rt hat) und des <a href=\"https:\/\/www.freiburg-schwarzwald.de\/blog\/global\/ukraine\/ukraine-russland\/\">Ukrainekriegs<\/a> (Aufnahme von Friedensverhandlungen sofort). In seinem Redebeitrag fragte Thomas zu recht &#8222;Wo ist eine solche Friedensbewegung heute?&#8220; Die Kriegsrhetorik in Politik und Medien mu\u00df endlich einer Friedensrhetorik weichen.<br \/>\n30.10.2022<\/p>\n<h5><a href=\"https:\/\/www.freiburg-schwarzwald.de\/blog\/wp-content\/uploads\/2022\/10\/fahraddemo-FR-augustiner221029.jpg\"><img loading=\"lazy\" decoding=\"async\" class=\"alignnone size-thumbnail wp-image-105781\" src=\"https:\/\/www.freiburg-schwarzwald.de\/blog\/wp-content\/uploads\/2022\/10\/fahraddemo-FR-augustiner221029-180x140.jpg\" alt=\"\" width=\"180\" height=\"140\" srcset=\"https:\/\/www.freiburg-schwarzwald.de\/blog\/wp-content\/uploads\/2022\/10\/fahraddemo-FR-augustiner221029-180x140.jpg 180w, https:\/\/www.freiburg-schwarzwald.de\/blog\/wp-content\/uploads\/2022\/10\/fahraddemo-FR-augustiner221029-640x496.jpg 640w, https:\/\/www.freiburg-schwarzwald.de\/blog\/wp-content\/uploads\/2022\/10\/fahraddemo-FR-augustiner221029-768x595.jpg 768w, https:\/\/www.freiburg-schwarzwald.de\/blog\/wp-content\/uploads\/2022\/10\/fahraddemo-FR-augustiner221029.jpg 800w\" sizes=\"auto, (max-width: 180px) 100vw, 180px\" \/><\/a><br \/>\nSunita, Gabriele und Thomas am 29.10.2022 beim Stop am Augustinerplatz<\/h5>\n<h5><a href=\"https:\/\/www.freiburg-schwarzwald.de\/blog\/wp-content\/uploads\/2022\/11\/fahraddemo-FR-oberlinden221029.jpg\"><img loading=\"lazy\" decoding=\"async\" class=\"alignnone size-thumbnail wp-image-105824\" src=\"https:\/\/www.freiburg-schwarzwald.de\/blog\/wp-content\/uploads\/2022\/11\/fahraddemo-FR-oberlinden221029-180x135.jpg\" alt=\"\" width=\"180\" height=\"135\" srcset=\"https:\/\/www.freiburg-schwarzwald.de\/blog\/wp-content\/uploads\/2022\/11\/fahraddemo-FR-oberlinden221029-180x135.jpg 180w, https:\/\/www.freiburg-schwarzwald.de\/blog\/wp-content\/uploads\/2022\/11\/fahraddemo-FR-oberlinden221029-640x480.jpg 640w, https:\/\/www.freiburg-schwarzwald.de\/blog\/wp-content\/uploads\/2022\/11\/fahraddemo-FR-oberlinden221029-768x576.jpg 768w, https:\/\/www.freiburg-schwarzwald.de\/blog\/wp-content\/uploads\/2022\/11\/fahraddemo-FR-oberlinden221029.jpg 800w\" sizes=\"auto, (max-width: 180px) 100vw, 180px\" \/><\/a>\u00a0 \u00a0 \u00a0 \u00a0 \u00a0 <a href=\"https:\/\/www.freiburg-schwarzwald.de\/blog\/wp-content\/uploads\/2022\/11\/fahraddemo-FR-bertoldsbrunnen221029.jpg\"><img loading=\"lazy\" decoding=\"async\" class=\"alignnone size-thumbnail wp-image-105836\" src=\"https:\/\/www.freiburg-schwarzwald.de\/blog\/wp-content\/uploads\/2022\/11\/fahraddemo-FR-bertoldsbrunnen221029-180x135.jpg\" alt=\"\" width=\"180\" height=\"135\" srcset=\"https:\/\/www.freiburg-schwarzwald.de\/blog\/wp-content\/uploads\/2022\/11\/fahraddemo-FR-bertoldsbrunnen221029-180x135.jpg 180w, https:\/\/www.freiburg-schwarzwald.de\/blog\/wp-content\/uploads\/2022\/11\/fahraddemo-FR-bertoldsbrunnen221029-640x480.jpg 640w, https:\/\/www.freiburg-schwarzwald.de\/blog\/wp-content\/uploads\/2022\/11\/fahraddemo-FR-bertoldsbrunnen221029-768x576.jpg 768w, https:\/\/www.freiburg-schwarzwald.de\/blog\/wp-content\/uploads\/2022\/11\/fahraddemo-FR-bertoldsbrunnen221029.jpg 800w\" sizes=\"auto, (max-width: 180px) 100vw, 180px\" \/><\/a><br \/>\nHalt an Oberlinden sowie Bertoldsbrunnen<\/h5>\n<p>&nbsp;<\/p>\n<p><strong>Zum Ukrainekrieg: Aufnahme von Friedensgespr\u00e4chen sofort!<\/strong><br \/>\nWie wir alle wissen, f\u00fchrt Russland seit M\u00e4rz dieses Jahres einen v\u00f6lkerrechtswidrigen Angriffskrieg in und gegen die Ukraine.<br \/>\nWie wir alle auch wissen, wird dieser Krieg auch von deutschem Boden aus gef\u00fchrt.<br \/>\nWie wir alle mittlerweile auch wissen, h\u00e4tte dieser Krieg bereits vor einigen Monaten beendet werden k\u00f6nnen.<br \/>\nLeider wurden alle diese Friedensbestrebungen bereits im M\u00e4rz dieses Jahres vereitelt. Dies hat nunmehr zur Folge, dass eine Beendigung dieses Krieges wesentlich erschwert wird. Nun sind in den letzten Wochen die Rufe nach \u201eImmer-Mehr-Waffen\u201c lauter und lauter geworden, so dass Deutschland mittlerweile zwangsl\u00e4ufig als Kriegsteilnehmer verstanden werden muss. Es scheint, dass Deutschland sich f\u00fcr den n\u00e4chsten Krieg r\u00fcstet und nur der offene Eintritt in diesen Krieg die einzige M\u00f6glichkeit darstellt, ihn zu beenden.<br \/>\nWir wissen allerdings auch, dass ein solcher Krieg nicht nur \u201eein bisschen Frieren\u201c f\u00fcr unser Land zur Folge h\u00e4tte, sondern auf Grund eines m\u00f6glichen Einsatzes nuklearer Massenvernichtungswaffen auch durchaus die Ausl\u00f6schung Mitteleuropas und damit selbstverst\u00e4ndlich auch Deutschlands zur Folge haben k\u00f6nnte.<br \/>\nAuf Grund dessen lehnen wir sowohl eine aktive Kriegsbeteiligung als auch eine Lieferung von Kriegswaffen in die Ukraine ab.<br \/>\nZu Beginn der 1980-Jahre gab es in Deutschland eine gro\u00dfe Friedensbewegung.<br \/>\nSo protestierten am 10. Juni 1982 etwa eine halbe Million Menschen auf den Bonner Rheinwiesen gegen den Besuch des damaligen Pr\u00e4sidenten der Vereinigten Staaten von Amerika. Wo sind diese Menschen heute? Wo ist eine solche Friedensbewegung heute?<br \/>\nWir erinnern an dieser Stelle auch an die vielen zerst\u00f6rten St\u00e4dte Deutschlands gegen Ende des Zweiten Weltkrieges. Schaut euch bitte die Bilder der zerst\u00f6rten Freiburger Innenstadt nach dem verheerenden Luftangriff im November 1944 an! Niemand, wirklich niemand von uns kann wirklich wollen, dass sich diese Bilder wiederholen!<br \/>\nDarum hier unsere Forderungen:<br \/>\nWir fordern, verbunden durch den Wunsch f\u00fcr ein Leben in Frieden in Freiheit, die sofortige Aufnahme von Friedensgespr\u00e4chen zwischen allen Parteien!<br \/>\nWir fordern Solidarit\u00e4t mit dem ukrainischem und dem russischen Volk!<br \/>\nWir fordern den sofortigen Ausstieg aus einer menschenunw\u00fcrdigen Politik der Kriegseskalation und der wirtschaftlichen Zerst\u00f6rung!<br \/>\nWir fordern eine Umkehr zu einer Politik des Friedens und der V\u00f6lkerverst\u00e4ndigung!<br \/>\nWir fordern selbstverst\u00e4ndlich auch den R\u00fccktritt der gesamten Bundesregierung, welche unser Land in diese Situation gebracht hat!<br \/>\nF\u00dcR EIN LEBEN IN FRIEDEN UND FREIHEIT<\/p>\n<p><strong>Kommt alle zur Fahrrad-Demo durch die Freiburger Innenstadt jeden zweiten Samstag 14 Uhr ab Kongresszentrum<\/strong><\/p>\n<p>28.10.2022, Rede von Thomas auf der Fahrrad-Demo in Freiburg<\/p>\n<p>&nbsp;<\/p>\n","protected":false},"excerpt":{"rendered":"<p>Home\u00a0&gt;Engagement\u00a0&gt;Demokratie\u00a0&gt;Opposition\u00a0&gt;Demo\u00a0&gt;Demos-in-Freiburg &gt;Fahrrad-Demo Fahrrad-Demo Freiburg am 12.11.2022 (14.11.2022) Kanada Corona Entschuldigung\u00a0(30.10.2022) Fahrrad-Demo Freiburg 29.10.2022 (30.10.2022) Fr\u00fchere Fahrrad-Demos in Freiburg hier und hier Fahrrad-Demo von FreiseinFreiburg am 11.6.2022 ab Konzerthaus\u00a0(11.6.2022) Demos-in-Freiburg Dreisamtal-Demos Dreisamtal-verbinde-dich Fahrrad FreiseinFreiburg Grundrechte-Demos Montagsdemos Fahrrad-Demo Freiburg am 12.11.2022 Rede &hellip; <a href=\"https:\/\/www.freiburg-schwarzwald.de\/blog\/engagement\/buergerinitiativen\/demos-in-freiburg\/fahrrad-demo\/\">Weiterlesen <span class=\"meta-nav\">&rarr;<\/span><\/a><\/p>\n","protected":false},"author":2,"featured_media":0,"parent":97557,"menu_order":0,"comment_status":"closed","ping_status":"closed","template":"","meta":{"footnotes":""},"class_list":["post-105778","page","type-page","status-publish","hentry"],"_links":{"self":[{"href":"https:\/\/www.freiburg-schwarzwald.de\/blog\/wp-json\/wp\/v2\/pages\/105778","targetHints":{"allow":["GET"]}}],"collection":[{"href":"https:\/\/www.freiburg-schwarzwald.de\/blog\/wp-json\/wp\/v2\/pages"}],"about":[{"href":"https:\/\/www.freiburg-schwarzwald.de\/blog\/wp-json\/wp\/v2\/types\/page"}],"author":[{"embeddable":true,"href":"https:\/\/www.freiburg-schwarzwald.de\/blog\/wp-json\/wp\/v2\/users\/2"}],"replies":[{"embeddable":true,"href":"https:\/\/www.freiburg-schwarzwald.de\/blog\/wp-json\/wp\/v2\/comments?post=105778"}],"version-history":[{"count":5,"href":"https:\/\/www.freiburg-schwarzwald.de\/blog\/wp-json\/wp\/v2\/pages\/105778\/revisions"}],"predecessor-version":[{"id":106603,"href":"https:\/\/www.freiburg-schwarzwald.de\/blog\/wp-json\/wp\/v2\/pages\/105778\/revisions\/106603"}],"up":[{"embeddable":true,"href":"https:\/\/www.freiburg-schwarzwald.de\/blog\/wp-json\/wp\/v2\/pages\/97557"}],"wp:attachment":[{"href":"https:\/\/www.freiburg-schwarzwald.de\/blog\/wp-json\/wp\/v2\/media?parent=105778"}],"curies":[{"name":"wp","href":"https:\/\/api.w.org\/{rel}","templated":true}]}}