{"id":105157,"date":"2022-10-10T18:54:09","date_gmt":"2022-10-10T16:54:09","guid":{"rendered":"https:\/\/www.freiburg-schwarzwald.de\/blog\/?page_id=105157"},"modified":"2025-10-01T19:10:49","modified_gmt":"2025-10-01T17:10:49","slug":"sabotage","status":"publish","type":"page","link":"https:\/\/www.freiburg-schwarzwald.de\/blog\/selbsthilfe\/krise\/gewalt\/sabotage\/","title":{"rendered":"Sabotage"},"content":{"rendered":"<p><a href=\"https:\/\/www.freiburg-schwarzwald.de\/blog\">Home<\/a>\u00a0&gt;<a title=\"Selbsthilfe\" href=\"https:\/\/www.freiburg-schwarzwald.de\/blog\/selbsthilfe\/\">Selbsthilfe<\/a>\u00a0&gt;<a title=\"Krise\" href=\"https:\/\/www.freiburg-schwarzwald.de\/blog\/selbsthilfe\/krise\/\">Krise<\/a>\u00a0&gt;<a title=\"Gewalt\" href=\"https:\/\/www.freiburg-schwarzwald.de\/blog\/selbsthilfe\/krise\/gewalt\/\">Gewalt<\/a>\u00a0&gt;<a title=\"Polizei\" href=\"https:\/\/www.freiburg-schwarzwald.de\/blog\/selbsthilfe\/soziales\/justiz\/polizei\/\">Polizei<\/a> &gt;<a href=\"https:\/\/www.freiburg-schwarzwald.de\/blog\/selbsthilfe\/krise\/gewalt\/kriminalitaet\/\">Kriminalitaet<\/a> &gt;Sabotage<\/p>\n<div id=\"attachment_105159\" style=\"width: 650px\" class=\"wp-caption alignnone\"><a href=\"https:\/\/www.freiburg-schwarzwald.de\/blog\/wp-content\/uploads\/2022\/10\/schwarzwald-stubenwasen-pan220926.jpg\"><img loading=\"lazy\" decoding=\"async\" aria-describedby=\"caption-attachment-105159\" class=\"size-full wp-image-105159\" src=\"https:\/\/www.freiburg-schwarzwald.de\/blog\/wp-content\/uploads\/2022\/10\/schwarzwald-stubenwasen-pan220926.jpg\" alt=\"\" width=\"640\" height=\"344\" srcset=\"https:\/\/www.freiburg-schwarzwald.de\/blog\/wp-content\/uploads\/2022\/10\/schwarzwald-stubenwasen-pan220926.jpg 640w, https:\/\/www.freiburg-schwarzwald.de\/blog\/wp-content\/uploads\/2022\/10\/schwarzwald-stubenwasen-pan220926-180x97.jpg 180w\" sizes=\"auto, (max-width: 640px) 100vw, 640px\" \/><\/a><p id=\"caption-attachment-105159\" class=\"wp-caption-text\">Im Schwarzwald am St\u00fcbenwasen im Herbst 2022<\/p><\/div>\n<ul>\n<li><em>Listenauswahl eines Beitrags: Bitte anklicken oder runterscrollen<\/em><\/li>\n<li><a href=\"https:\/\/www.freiburg-schwarzwald.de\/blog\/engagement\/zukunft\/demokratie\/politik\/politik-infantil\/\">EVP-Chef Weber ruft zur Sabotage der Moskauer U-Bahn auf<\/a>\u00a0(30.9.2025)<\/li>\n<li><a href=\"https:\/\/www.freiburg-schwarzwald.de\/blog\/30-1-1945-gustloff-30-1-2025\/\">30.1.1945 \u2013 Gustloff \u2013 30.1.2025<\/a>\u00a0(30.1.2025)<\/li>\n<li>Bei Sabotage: Die Russen waren es (10.10.2022)<\/li>\n<\/ul>\n<p>&nbsp;<\/p>\n<p><strong>Bei Sabotage: Die Russen waren es<\/strong><br \/>\nDie Sabotage-Aktionen kommen n\u00e4her: Nach der Sprengung von drei der vier <a href=\"https:\/\/www.freiburg-schwarzwald.de\/blog\/energie\/gas\/nordstream2\/\">Nordstream<\/a>-Gaspipelines und einer von zwei Spuren der Br\u00fccke auf die <a href=\"https:\/\/www.freiburg-schwarzwald.de\/blog\/global\/ukraine\/ukraine-russland\/\">Halbinsel Krim<\/a> wurde am 7.10.2022 der Bahnverkehr in Norddeutschland im Bereich Hannover-Hamburg-Berlin \u00fcber Stunden durch Trennen von Stromkabeln lahmgelegt. Just zu dem Zeitpunkt, als viele Tausende nach Berlin zur <a href=\"https:\/\/www.freiburg-schwarzwald.de\/blog\/grundrechte-demo-in-freiburg\/\">Grundrechte-Demo<\/a> anreisen wollten.<br \/>\nIn allen F\u00e4llen neigen die <a href=\"https:\/\/www.freiburg-schwarzwald.de\/blog\/kultur\/medien\/mainstream\/\">Mainstream-Medien<\/a> dazu, <a href=\"https:\/\/www.freiburg-schwarzwald.de\/blog\/global\/russland\/russland-bashing\/\">Russland<\/a> f\u00fcr die Sabotageakte verantwortlich zu machen. Statt die Ermittlungen, Aufkl\u00e4rung &#8211; so denn \u00fcberhaupt gew\u00fcnscht &#8211; bzw. \u00dcberf\u00fchrung der T\u00e4ter abzuwarten, erfolgen einseitige Schuldzuweisungen.<br \/>\n10.10.2022<br \/>\n.<\/p>\n<p><strong>(1) Nord Stream: Energieexperte sicher \u2013 Russland hat \u201eSprengstoff bereits beim Bau angebracht\u201c<\/strong><br \/>\nW\u00e4hrend Moskau die USA in der Verantwortung f\u00fcr die Gas-Lecks sieht, vermutet der Gro\u00dfteil der westlichen L\u00e4nder, Russland hinter dem Sabotageakt. Pr\u00e4sident Wladimir Putin k\u00f6nnte die russische Energieversorgung nach Europa als hybride Waffe im Kampf gegen die westlichen Sanktionen nutzen. Zu dieser Einsch\u00e4tzung kam zuletzt auch Andrij Koboljow, der ehemalige Chef des ukrainischen Versorgers Naftogaz, im Gespr\u00e4ch mit der S\u00fcddeutschen Zeitung. F\u00fcr Koboljow, der wegen seines beruflichen Werdegangs als Experte f\u00fcr den osteurop\u00e4ischen Energiemarkt gilt, gibt es keine Zweifel: Russland muss hinter der Sabotage stecken. Der Ukrainer begr\u00fcndet seine Einsch\u00e4tzung vor allem mit der Durchf\u00fchrbarkeit einer solchen Sabotageaktion an den Pipelines. Die R\u00f6hren sind demnach mit unz\u00e4hligen Sensoren versehen. Somit k\u00f6nnte das n\u00e4here Umfeld genaustens von Russland \u00fcberwacht werden. Einen Angriff durch einen anderen Staat h\u00e4lt Koboljow deshalb f\u00fcr nahezu ausgeschlossen. Deshalb vermutet der Energieexperte eine andere Vorgehensweise: \u201eSie haben den Sprengstoff bereits beim Bau der Pipeline angebracht. Diese Methode ist keine russische Erfindung, sondern ein Erbe der Sowjetunion.\u201c Das russische Milit\u00e4r soll demnach bereits vor Jahren den Sprengstoff installiert und seitdem auf den richtigen Zeitpunkt gewartet haben, um die Nord-Stream-Pipelines als Teil der hybriden Kriegsf\u00fchrung einzusetzen.<br \/>\n&#8230; Alles vom 6.10.2022 bitte lesen auf<br \/>\n<a href=\"https:\/\/www.merkur.de\/politik\/nordstream-pipeline-gasaustritt-sabotage-russland-ukraine-experte-ostsee-schweden-untersuchung-news-91828680.html\">https:\/\/www.merkur.de\/politik\/nordstream-pipeline-gasaustritt-sabotage-russland-ukraine-experte-ostsee-schweden-untersuchung-news-91828680.html<\/a><br \/>\n.<br \/>\n<strong>(1a) Nord-Stream-Sabotage: War doch sicher Russland, oder?<\/strong><br \/>\nMedien Wer sich nicht mehr traut, die USA des Anschlags auf die Nord-Stream-Pipelines auch nur zu verd\u00e4chtigen, der schadet der Demokratie<br \/>\n&#8230;<br \/>\nEine notwendige, erhellende Gro\u00df-Perspektive pr\u00e4sentiert indes etwa George Friedman. Kein Verschw\u00f6rungstheoretiker, kein US-Kritiker, sondern konservativer, n\u00fcchterner Geostratege, Buchautor und Inhaber der einflussreichen US-Beraterfirma Geopolitical Futures. Bereits 2015 sagte Friedman: \u201eDas Hauptinteresse der USA, f\u00fcr das wir im Ersten und Zweiten Weltkrieg sowie im Kalten Krieg gek\u00e4mpft haben, ist die Beziehung zwischen Deutschland und Russland. Vereint w\u00e4ren sie die einzige Macht, die uns (die USA) bedrohen k\u00f6nnte. Und es ist in unserem Interesse, dass dies nicht geschieht. (\u2026) F\u00fcr die USA ist es die Urangst, dass deutsches Kapital und Technologie mit russischen Rohstoffen verschmelzen (\u2026).\u201c<br \/>\nDamit ist nicht gesagt, dass die USA der T\u00e4ter seien und Russland \u2013 nicht. Alleine die Tatsache, dass nach jetzigem Stand, wie Gazprom am 3. Oktober mitteilte, eine der beiden R\u00f6hren der Nord-Stream-2-Pipeline brauchbar sei, wiese eher in Richtung Moskau.<br \/>\nAllein: Wenn sich die Medien nicht mehr trauen, von Regierungen offiziell nicht ausgesprochene, real existierende Interessen zu diskutieren, und \u00fcber die Mittel, mit denen diese gestern, heute und morgen umgesetzt wurden und werden, dann: gute Nacht, Demokratie.<br \/>\n&#8230; Alles vom 6.10.2022 bitte lesen auf<br \/>\n<a href=\"https:\/\/www.freitag.de\/autoren\/der-freitag\/pipeline-sabotage-nicht-nur-russland-auch-die-usa-koennen-es-gewesen-sein\">https:\/\/www.freitag.de\/autoren\/der-freitag\/pipeline-sabotage-nicht-nur-russland-auch-die-usa-koennen-es-gewesen-sein<\/a><br \/>\n.<br \/>\n<strong>(1b) Sabotage an Nord Stream-Pipelines?<br \/>\nNorwegischer Marineoffizier ist sich sicher<\/strong><br \/>\n\u201eEin Leck an drei verschiedenen Orten mit so gro\u00dfer Entfernung dazwischen kann nur die Folge eines vors\u00e4tzlichen Akts oder von Sabotage sein\u201c, sagte Str\u00f6mmen am Dienstag (27. September) der Nachrichtenagentur AFP. Zugleich komme einzig Russland f\u00fcr ihn als Verantwortlicher infrage.<br \/>\n\u201eLecks an Gaspipelines sind extrem selten\u201c, sagte Str\u00f6mmen weiter. Die Nord Stream-Leitungen seien zudem recht neu, im Fall von Nord Stream 2 sogar sehr neu. Da bleibe eigentlich nur Sabotage als Erkl\u00e4rung. \u201eIch sehe nur einen m\u00f6glichen Akteur und das ist Russland\u201c, f\u00fchrte der Offizier aus. Moskau wolle die Verantwortung f\u00fcr die Einstellung seiner Gaslieferungen nicht \u00fcbernehmen. Dasselbe Muster sei schon zu beobachten gewesen, als von russischer Seite der Betrieb von Nord Stream 1 unter Verweis auf n\u00f6tige Wartungsarbeiten eingestellt wurde.<br \/>\n\u201eIn Wirklichkeit geht es bei all dem um die Nutzung von Energie als Waffe\u201c, sagte Str\u00f6mmen weiter. Russland versuche, die europ\u00e4ischen L\u00e4nder zu verunsichern. \u201eZiel ist es, Europa zu spalten und es dazu zu bringen, Druck auf die Ukraine auszu\u00fcben, um einen Waffenstillstand oder einen Frieden zu den von den Russen gew\u00fcnschten Bedingungen zu erreichen.\u201c<br \/>\n&#8230; Alles vo 29.9.2022 bitte lesen auf<br \/>\n<a href=\"https:\/\/www.fr.de\/politik\/russland-nord-stream-lecks-ich-sehe-nur-einen-moeglichen-akteur-und-das-ist-zr-91816040.html\">https:\/\/www.fr.de\/politik\/russland-nord-stream-lecks-ich-sehe-nur-einen-moeglichen-akteur-und-das-ist-zr-91816040.html<\/a><br \/>\n.<\/p>\n<p><strong>(2) Explosion auf Krim-Br\u00fccke: Waren es die Russen selbst?<\/strong><br \/>\nSpekulationen \u00fcber Machtkampf in Moskau<br \/>\nZu einem Anschlag auf die Br\u00fccke hat sich die ukrainische Armee gar nicht bekannt. Ganz im Gegenteil! Ein neuer Verdacht steht im Raum: Hinter dem Angriff auf die Br\u00fccke k\u00f6nnten Russen stecken.<br \/>\n&#8230; Alles vom 8.10.2022 bitte lesen auf<br \/>\n<a href=\"https:\/\/www.bild.de\/bild-plus\/politik\/ausland\/politik-inland\/ukrainer-dementieren-krim-bruecken-attacke-waren-es-die-russen-selbst-81556758.bild.html\">https:\/\/www.bild.de\/bild-plus\/politik\/ausland\/politik-inland\/ukrainer-dementieren-krim-bruecken-attacke-waren-es-die-russen-selbst-81556758.bild.html<\/a><br \/>\n.<br \/>\n.<br \/>\n<strong>(3) Sabotage bei der Deutschen Bahn &#8211; Experte: Angriff von Russland ist vorstellbar<\/strong><br \/>\nRiesenausfall bei der Deutschen Bahn, stundenlang fahren in Norddeutschland keine Z\u00fcge. Das Unternehmen selbst spricht von Sabotage. Doch durch wen? Sicherheitsexperte Peter Neumann h\u00e4lt einen Angriff Russlands auf die kritische Infrastruktur in Deutschland f\u00fcr denkbar. Eine solche Sabotage sei nur Profis zuzutrauen, sagt er.<br \/>\n&#8230; Alles vom 8.10.2022 bitte lesen auf<br \/>\n<a href=\"https:\/\/www.rtl.de\/cms\/sabotage-bei-der-deutschen-bahn-peter-neumann-angriff-von-russland-ist-vorstellbar-5010337.html\">https:\/\/www.rtl.de\/cms\/sabotage-bei-der-deutschen-bahn-peter-neumann-angriff-von-russland-ist-vorstellbar-5010337.html<\/a><\/p>\n<p><strong>(3a) Staatsschutz: Bahn-Sabotage war \u00abpolitisch motivierte Tat\u00bb<\/strong><br \/>\nSteckt Russland dahinter? Der Sicherheitsexperte Peter Neumann h\u00e4lt auch einen Angriff Russlands f\u00fcr m\u00f6glich. \u00abRussland hat schon ein Interesse daran, in Europa Panik zu verursachen und zu signalisieren, dass es ganz heftig das Leben lahmlegen kann\u00bb,<br \/>\n&#8230; Alles vom 10.10.2022 bitte lesen auf<br \/>\n<a href=\"https:\/\/www.badische-zeitung.de\/staatsschutz-bahn-sabotage-war-politisch-motivierte-tat--218669649.html\">https:\/\/www.badische-zeitung.de\/staatsschutz-bahn-sabotage-war-politisch-motivierte-tat&#8211;218669649.html<\/a><\/p>\n","protected":false},"excerpt":{"rendered":"<p>Home\u00a0&gt;Selbsthilfe\u00a0&gt;Krise\u00a0&gt;Gewalt\u00a0&gt;Polizei &gt;Kriminalitaet &gt;Sabotage Listenauswahl eines Beitrags: Bitte anklicken oder runterscrollen EVP-Chef Weber ruft zur Sabotage der Moskauer U-Bahn auf\u00a0(30.9.2025) 30.1.1945 \u2013 Gustloff \u2013 30.1.2025\u00a0(30.1.2025) Bei Sabotage: Die Russen waren es (10.10.2022) &nbsp; Bei Sabotage: Die Russen waren es Die Sabotage-Aktionen &hellip; <a href=\"https:\/\/www.freiburg-schwarzwald.de\/blog\/selbsthilfe\/krise\/gewalt\/sabotage\/\">Weiterlesen <span class=\"meta-nav\">&rarr;<\/span><\/a><\/p>\n","protected":false},"author":2,"featured_media":0,"parent":8837,"menu_order":0,"comment_status":"closed","ping_status":"closed","template":"","meta":{"footnotes":""},"class_list":["post-105157","page","type-page","status-publish","hentry"],"_links":{"self":[{"href":"https:\/\/www.freiburg-schwarzwald.de\/blog\/wp-json\/wp\/v2\/pages\/105157","targetHints":{"allow":["GET"]}}],"collection":[{"href":"https:\/\/www.freiburg-schwarzwald.de\/blog\/wp-json\/wp\/v2\/pages"}],"about":[{"href":"https:\/\/www.freiburg-schwarzwald.de\/blog\/wp-json\/wp\/v2\/types\/page"}],"author":[{"embeddable":true,"href":"https:\/\/www.freiburg-schwarzwald.de\/blog\/wp-json\/wp\/v2\/users\/2"}],"replies":[{"embeddable":true,"href":"https:\/\/www.freiburg-schwarzwald.de\/blog\/wp-json\/wp\/v2\/comments?post=105157"}],"version-history":[{"count":6,"href":"https:\/\/www.freiburg-schwarzwald.de\/blog\/wp-json\/wp\/v2\/pages\/105157\/revisions"}],"predecessor-version":[{"id":139632,"href":"https:\/\/www.freiburg-schwarzwald.de\/blog\/wp-json\/wp\/v2\/pages\/105157\/revisions\/139632"}],"up":[{"embeddable":true,"href":"https:\/\/www.freiburg-schwarzwald.de\/blog\/wp-json\/wp\/v2\/pages\/8837"}],"wp:attachment":[{"href":"https:\/\/www.freiburg-schwarzwald.de\/blog\/wp-json\/wp\/v2\/media?parent=105157"}],"curies":[{"name":"wp","href":"https:\/\/api.w.org\/{rel}","templated":true}]}}