{"id":103998,"date":"2022-09-01T20:23:35","date_gmt":"2022-09-01T18:23:35","guid":{"rendered":"https:\/\/www.freiburg-schwarzwald.de\/blog\/?page_id=103998"},"modified":"2026-01-11T18:58:56","modified_gmt":"2026-01-11T17:58:56","slug":"soziale-marktwirtschaft","status":"publish","type":"page","link":"https:\/\/www.freiburg-schwarzwald.de\/blog\/engagement\/zukunft\/marktwirtschaft\/soziale-marktwirtschaft\/","title":{"rendered":"Soziale-Marktwirtschaft"},"content":{"rendered":"<p><a href=\"https:\/\/freiburg-schwarzwald.de\/blog\">Home<\/a>\u00a0&gt;<a title=\"Engagement\" href=\"https:\/\/www.freiburg-schwarzwald.de\/blog\/engagement\/\">Engagement<\/a> &gt;<a title=\"Demokratie\" href=\"https:\/\/www.freiburg-schwarzwald.de\/blog\/engagement\/zukunft\/demokratie\/\">Demokratie<\/a>\u00a0&gt;<a title=\"Deutschland\" href=\"https:\/\/www.freiburg-schwarzwald.de\/blog\/global\/deutschland\/\">Deutschland<\/a> &gt;<a href=\"https:\/\/www.freiburg-schwarzwald.de\/blog\/engagement\/zukunft\/demokratie\/freie-marktwirtschaft\/\">Marktwirtschaft<\/a> &gt;Soziale Marktwirtschaft<\/p>\n<div id=\"attachment_92751\" style=\"width: 649px\" class=\"wp-caption alignnone\"><a href=\"https:\/\/www.freiburg-schwarzwald.de\/blog\/wp-content\/uploads\/2021\/07\/kirchzarten-burg-birkenhof2107pan.jpg\"><img loading=\"lazy\" decoding=\"async\" aria-describedby=\"caption-attachment-92751\" class=\"size-full wp-image-92751\" src=\"https:\/\/www.freiburg-schwarzwald.de\/blog\/wp-content\/uploads\/2021\/07\/kirchzarten-burg-birkenhof2107pan.jpg\" alt=\"\" width=\"639\" height=\"325\" srcset=\"https:\/\/www.freiburg-schwarzwald.de\/blog\/wp-content\/uploads\/2021\/07\/kirchzarten-burg-birkenhof2107pan.jpg 639w, https:\/\/www.freiburg-schwarzwald.de\/blog\/wp-content\/uploads\/2021\/07\/kirchzarten-burg-birkenhof2107pan-180x92.jpg 180w\" sizes=\"auto, (max-width: 639px) 100vw, 639px\" \/><\/a><p id=\"caption-attachment-92751\" class=\"wp-caption-text\">Sonnenuntergang bei Freiburg im Juli 2021: Dreisamtal bei Kirchzerten Burg-Birkenhof<\/p><\/div>\n<ul>\n<li><em>Listenauswahl eines Beitrags: Bitte anklicken oder runterscrollen<\/em><\/li>\n<li><a href=\"https:\/\/www.freiburg-schwarzwald.de\/blog\/engagement\/zukunft\/krieg\/kriegswirtschaft\/\">Erich Vad warnt vor Kriegswirtschaft: \u201eSoll damit von innenpolitischen Problemen abgelenkt werden?\u201c<\/a>\u00a0(11.1.2026)<\/li>\n<li><a href=\"https:\/\/www.freiburg-schwarzwald.de\/blog\/cdu-vs-gruene-degrowth-politik\/\">CDU vs gr\u00fcne DeGrowth-Politik<\/a>\u00a0(26.11.2024)<\/li>\n<li><a href=\"https:\/\/www.freiburg-schwarzwald.de\/blog\/engagement\/zukunft\/marktwirtschaft\/privatisierung\/\">Hamer: Privatwirtschaft rentabler als Staatswirtschaft<\/a>\u00a0(31.10.2024)<\/li>\n<li><a href=\"https:\/\/www.freiburg-schwarzwald.de\/blog\/engagement\/zukunft\/demokratie\/unterschicht\/\">Ideologen wollen wieder eine Unterschichtengesellschaft<\/a>\u00a0(24.5.2024)<\/li>\n<li><a href=\"https:\/\/www.freiburg-schwarzwald.de\/blog\/vereine\/partei\/afd\/afd-opposition\/\">Interview zum Buch von Markus Krall: \u201eDie Stunde Null\u201c<\/a>\u00a0(8.5.2024)<\/li>\n<li><a href=\"https:\/\/www.freiburg-schwarzwald.de\/blog\/friedensjahr-2024-warum-nicht\/\">Wirtschaftskrieg: Argentiniens Pr\u00e4sident Milei appelliert an den WEF: Dem Sozialismus abschw\u00f6ren<\/a>\u00a0(19.1.2024)<\/li>\n<li><a href=\"https:\/\/www.freiburg-schwarzwald.de\/blog\/engagement\/zukunft\/planwirtschaft\/\">Die Wende von der Marktwirtschaft in die Wirtschaftsdiktatur<\/a>\u00a0(16.6.2023)<\/li>\n<li><a href=\"https:\/\/www.freiburg-schwarzwald.de\/blog\/business\/industrie\/mittelstand\/mittelstandsunternehmen\/\">Der Staat wirbt dem Mittelstand das Personal ab<\/a>\u00a0(3.3.2023)<\/li>\n<li><a href=\"https:\/\/www.freiburg-schwarzwald.de\/blog\/eu-plan-statt-marktwirtschaft\/\">EU: Plan- statt Marktwirtschaft<\/a>\u00a0(17.9.2022)<\/li>\n<li><a href=\"https:\/\/www.freiburg-schwarzwald.de\/blog\/frei-bruederlich-und-gleich-in-d\/\">Frei, br\u00fcderlich und gleich in D<\/a>\u00a0(10.9.2022)<\/li>\n<li><a href=\"https:\/\/www.freiburg-schwarzwald.de\/blog\/ein-drittel-versorgt-zwei-drittel\/\">Ein Drittel versorgt zwei Drittel<\/a>\u00a0(8.9.2022)<\/li>\n<li>Wohlstand ab 1945 durch Bildung und Eigenleistung (1.9.2022)<\/li>\n<li><\/li>\n<li><a href=\"https:\/\/www.freiburg-schwarzwald.de\/blog\/engagement\/zukunft\/marktwirtschaft\/privatisierung\/\">Privatisierung<\/a><\/li>\n<li><a href=\"https:\/\/www.freiburg-schwarzwald.de\/blog\/engagement\/zukunft\/demokratie\/unterschicht\/\">Unterschicht<\/a><\/li>\n<li><a href=\"https:\/\/www.freiburg-schwarzwald.de\/blog\/selbsthilfe\/soziales\/wohlstandsverlust\/\">Wohlstandsverlust<\/a><\/li>\n<\/ul>\n<p>&nbsp;<\/p>\n<p><strong>Wohlstand ab 1945 durch Bildung und Eigenleistung<\/strong><br \/>\n<strong>Eine Herrschaft naiver Schw\u00e4tzer ist immer Risiko einer Demokratie<\/strong><br \/>\nAls es nach dem letzten Weltkrieg in Deutschland um den Aufbau einer Demokratie aus der Nazi-Diktatur ging, hat Ludwig Erhard darauf hingewiesen, dass die Basis neuen Wohlstandes <em><strong>Bildung und Eigenleistung<\/strong><\/em> seien. Nach Kriegsende war der Bildungsstand der deutschen Bev\u00f6lkerung immer noch international f\u00fchrend, der Wohlstand aber verloren. Um \u201eWohlstand f\u00fcr alle\u201c wieder zu schaffen, wollte er die Kriegs-Zentralverwaltungswirtschaft durch Marktwirtschaft ersetzen, weil die Freiheiten dieser Marktwirtschaft die Eigeninitiative und Leistungsf\u00e4higkeit der Menschen freisetzt und dadurch h\u00f6heren Wohlstand als staatlich gelenkte Verwaltungswirtschaft schafft.<\/p>\n<p>Das Ergebnis war nicht nur das \u201eWirtschaftswunder\u201c unseres wirtschaftlichen Wiederaufstiegs, sondern auch die \u201eb\u00fcrgerliche Republik\u201c einer durch aus dem Bildungsb\u00fcrgertum kommende Politiker gepr\u00e4gten Demokratie. Die vorher durch Unterschichten-Mehrheit gepr\u00e4gte deutsche Gesellschaft wurde immer mehr zu einer von einer kleinen Oberschicht (f\u00fcnf Prozent) und tragenden Mittelschicht (47 Prozent) gepr\u00e4gten b\u00fcrgerlichen Gesellschaft, in welcher den \u201eB\u00fcrgern\u201c die Intelligenz zur Wahl der f\u00fcr ihre Freiheit und ihren Wohlstand n\u00fctzlichsten Politiker zugetraut wurde, in welcher Selbstbestimmung, Eigeninitiative, Leistungsprinzip und Handlungsfreiheit garantiert werden sollten und in welcher jeder B\u00fcrger durch Eigenleistung auf Aufstieg und wachsenden Wohlstand f\u00fcr sich hoffen durfte.<br \/>\nDie 70 Jahre dieser liberalen selbstbestimmten B\u00fcrgerrepublik in Marktwirtschaft waren ein H\u00f6hepunkt der deutschen Wohlstandsgeschichte.<\/p>\n<p>Die Revolution\u00e4re der 1968er-Bewegung hatten allerdings entdeckt, dass inzwischen der Wohlstand \u201eungerecht verteilt\u201c sei, dass er bei denjenigen, die nicht leisten konnten oder sich in der Leistung zur\u00fcckgehalten haben, nicht angekommen sei, bei anderen dagegen, die mehr geleistet haben, sich h\u00f6her angesammelt hatte. Die Schlagworte von der \u201esozialen Ungerechtigkeit\u201c beherrschten ab den 1970er Jahren die Sozialpolitik der Umverteilung von den Leitungstr\u00e4gern auf die Leistungsschwachen, von den Bildungsstarken auf die Bildungsschwachen, von den \u201eBesserverdienenden\u201c auf die Sozialleistungsempf\u00e4nger und von den Produktiven auf die Unproduktiven, so dass inzwischen 33,9 Prozent der auf dem Markt produktiven erwerbst\u00e4tigen Bev\u00f6lkerung mit den h\u00f6chsten Steuern und Sozialkosten der Welt belastet, 66,1 Prozent Angeh\u00f6rige, Rentner, Transferleistungsempf\u00e4nger und Sozialbed\u00fcrftige mit unterhalten m\u00fcssen, also ein Drittel zu zwei Dritteln.<\/p>\n<p>Die vorherrschende Umverteilungspolitik hatte aus der urspr\u00fcnglich ergebnisabh\u00e4ngigen Leistung \u2013 Zahlung f\u00fcr Leistungsergebnis \u2013 immer mehr eine Bezahlung ohne R\u00fccksicht auf den Leistungsertrag nur nach Zeitaufwand (statt Leistungslohn leistungsunabh\u00e4ngige Zeitentlohnung) geschaffen. Entsprechend hat sich der Dienstleistungssektor nur teil- oder unproduktiver Berufe dramatisch auf 70 Prozent des Arbeitsmarktes erh\u00f6ht und f\u00fchlt sich die Minderheit der produktiven Leistungstr\u00e4ger von immer mehr unproduktiven B\u00fcrokraten, Ideologen, Kontrolleuren und politischen Dampfplauderern geg\u00e4ngelt, behindert und ausgebeutet.<\/p>\n<p>Schleichend wurde so die liberale Marktwirtschaft immer mehr zur Verwaltungswirtschaft, in welcher B\u00fcrokraten und Ideologen statt selbst\u00e4ndiger Unternehmer die Zul\u00e4ssigkeit und den Erfolg der Produktion bestimmten und die Selbstverantwortung der Wirtschaftsteilnehmer durch kollektive Funktion\u00e4rsverantwortung ersetzten. Wie schon bis 1945 glauben inzwischen die \u00f6ffentlichen Funktion\u00e4re mehrheitlich, schon wieder besser zu wissen, was f\u00fcr uns gut ist statt der B\u00fcrger selbst \u2013 wie sich dies in der Corona-Krise dramatisch und sch\u00e4dlich gezeigt hat.<\/p>\n<p>W\u00e4hrend die Demokratie-Theorie immer noch von einer Auslese der Besten in der Politik ausgeht \u2013 intelligente B\u00fcrger w\u00e4hlen die Besten in die Regierung, weil dies f\u00fcr sie selbst gleichzeitig am besten sei \u2013, hat sich die Praxis l\u00e4ngst gewandelt. In den politischen Parteien ist der Bessere gemeinsamer Feind f\u00fcr den Aufstieg der Schlechteren und bek\u00e4mpfen sie deshalb gemeinsam zuerst jeden Besseren, was zur \u201eHerrschaft der Schlechteren\u201c f\u00fchrt. Inzwischen sind die Spitzen\u00e4mter der Politik vielfach mit Bildungsarmen, Studienabbrechern, Berufslosen und Schw\u00e4tzern besetzt, die niemals produktiv gearbeitet, sondern vom Kindergarten \u00fcber Gesamtschulen bis zum Plenarsaal \u2013 von jeder Fachkenntnis unbeeintr\u00e4chtigt \u2013 politische Parolen get\u00f6nt und den Menschen mit ideologischen Angstparolen ihr Selbstbestimmungsrecht gestohlen haben.<\/p>\n<p>Heute geht es nicht mehr um die h\u00f6chste Bildung und den Wohlstand f\u00fcr alle, sondern um die \u201eRettung der B\u00e4ume vor dem Baumsterben\u201c, die Artenrettung von Wildtieren, die Rettung des Klimas durch Vernichtung der \u201eklimasch\u00e4dlichen Industrie\u201c, die Rettung der Umwelt (was immer man darunter verstehen mag), ja, die Weltenrettung vor dem Klimasterben in einigen hundert Jahren u.a. Jede dieser angeblichen Existenzgefahren wurde mit einer politischen und publizistischen Angstkampagne verbreitet und hat durch Massenangst die H\u00f6rigkeit von Mehrheiten f\u00fcr die Angstverbreiter gebracht.<\/p>\n<p>Das Ergebnis: Nicht mehr der berufserfahrene, intelligente b\u00fcrgerliche Politiker bestimmt die Parteien, sondern zwei neue vorherrschende Typen: die von fremden M\u00e4chten f\u00fcr die Politik bezahlten Lobbyisten wie Merz und die berufslosen, bildungsarmen, ideologiegeladenen Polit-Schw\u00e4tzer wie Baerbock, Roth, Lang, Hofreiter, K\u00fchnert u.a. Beide Gruppen haben sich zusammengeschlossen, um nationale Politik f\u00fcr die B\u00fcrger durch eine internationale Umverteilungspolitik zu ersetzen. Sie vertreten nicht mehr das Wohl ihrer W\u00e4hler, sondern das der internationalen Hochfinanz, das angeblichen Interesse Europas oder ihre wirtschaftsfeindliche Ideologie (\u00d6kologie statt \u00d6konomie). Nur so l\u00e4sst sich erkl\u00e4ren, weshalb<br \/>\n&#8211; Merkel und Scholz die deutschen W\u00e4hler mit den Schulden Europas von \u00fcber zwei Bio. Euro belastet haben,<\/p>\n<p>&#8211; die Europ\u00e4ische Zentralbank ihrem Auftrag zur W\u00e4hrungsstabilit\u00e4t und dem Verbot von Staatsfinanzierung nicht nachkam, sondern mit mehr als drei Bio. Staatsfinanzierung f\u00fcr die Konkursverschleppung von Pleitestaaten (vor allem Italien) auf deutsche Kosten missbraucht werden konnte,<br \/>\n&#8211; das Target-Abrechnungssystem nicht mehr ausgeglichen, sondern zur Dauerschuldeneinrichtung (ca. ein Bio. Euro) auf Kosten Deutschlands gemacht wurde,<br \/>\n&#8211; die billigste und umweltschonendste Energiequelle \u2013 die Atomenergie \u2013 in Deutschland zerst\u00f6rt, aber im Ausland sogar auf deutsche Kosten (EU) gef\u00f6rdert wird,<br \/>\ndie deutsche Energiewende inbr\u00fcnstig betrieben wird, obwohl Ersatzenergie nicht zur Verf\u00fcgung steht bzw. politisch unterdr\u00fcckt wird,<br \/>\nf\u00fchrende deutsche Politiker unterst\u00fctzten, dass der amerikanische Pr\u00e4sident die Inbetriebnahme von North Stream 2 f\u00fcr billiges russisches Gas verbot,<br \/>\n&#8211; die amerikanisch gesteuerte deutsche Presse und die staatsfinanzierten Rundfunkanstalten jubelten, als durch amerikanische Sanktionen verboten wurde, noch billiges russisches Gas zu beziehen, obwohl mit dieser Politik niemand mehr als wir gesch\u00e4digt wurde. Infantile, ungebildete PolitikerInnen jubelten sogar, dass niemals mehr Gas von Russland bezogen werden d\u00fcrfe und dies \u201eauf ewig nicht mehr\u201c. Der auf billigem russischem Gas bisher beruhende Produktionsvorteil unserer Industrie und Wohlstandsvorteil unserer Bev\u00f6lkerung wurde also von eigenen Politikern sabotiert und soll nach amerikanischen und Vorstellungen unserer Regierung nie wiederkehren.<br \/>\n&#8211; Bis 2015 hatten wir Wohnungs\u00fcberschuss und sinkende Mieten. Unsere eigene Regierung hat durch weltweites Angebot unserer Sozialleistungen mit Massenimmigration und einer noch heute j\u00e4hrlichen Zuwanderung von mehr als einer Gro\u00dfstadt pro Jahr daf\u00fcr gesorgt, dass Wohnraum auch f\u00fcr die eigene Bev\u00f6lkerung knapp und teuer wurde, dass heute sich selbst ein deutsches Doppelverdiener-Ehepaar sich Wohneigentum kaum noch leisten kann.<br \/>\n&#8211; Zugleich hat das Bundessozialgericht entschieden, dass jeder in Deutschland Lebende, auch wenn er nicht arbeiten will, Hartz-IV Sozialunterst\u00fctzung zu beanspruchen habe (dies sei \u201eMenschenrecht\u201c). Damit sind im einwanderungsoffenen Deutschland die von einer Minderheit flei\u00dfiger Unternehmer und Arbeitnehmer geschaffenen Sozialsysteme zur Pl\u00fcnderung f\u00fcr alle freigegeben die in der Welt arm, krank oder arbeitsscheu besser vom deutschen Sozialsystem als von heimischer Arbeit leben wollen.<br \/>\n&#8211; Unsere Regierung (schon Merkel) hat geduldet, dass die EZB (wie die FED) alle Sozialw\u00fcnsche aller Mitgliedsl\u00e4nder durch hemmungslose Geldvermehrung auf Schulden finanzierte. Dass eine Geld- und Schuldenschwemme immer Inflation, Preissteigerungen und Verlust von Einkommen und Verm\u00f6gen nach sich zieht, haben unsere Politiker entweder nicht gewusst (weil bildungsarm) oder verschwiegen.<br \/>\n&#8211; Deutschland war einmal ein Land von Dichtern und Denkern, zumindest von f\u00fchrender Bildung. Die von unseren Politikern betriebene Massenimmigration von bildungsarmen und qualifizierten Zuwanderern hat nicht nur das Bildungsniveau in den Sunchulen dramatisch gesenkt, sondern zwingt jetzt sogar die roten und gr\u00fcnen Eltern zur Flucht ihrer Kinder aus den Ausl\u00e4nderschulen, weil ein Aufstieg in die Mittelschicht und in mittelst\u00e4ndische Einkommensstrukturen nur mit h\u00f6herer Qualifikation und Bildung erreichbar ist.<br \/>\n&#8211; Dass unsere in den 1970er und 1980er Jahren eingeforderte Solidarit\u00e4t untereinander inzwischen zur Solidarit\u00e4t gegen\u00fcber einer Mehrheit von fremden Einwohnern geworden ist, die um der Solidarit\u00e4t willen zu uns gekommen sind und diese ausnutzen wollen, war von den Gr\u00fcnen bewusst gewollt. Entsprechend hat das Bundesland mit der h\u00f6chsten Einwanderung (NRW) bereits beschlossen, die Eidesformen \u201ezum Wohle des deutschen Volkes\u201c abzuschaffen. Auch Merkel wollte nicht mehr vom deutschen Volk, sondern nur noch \u201evon den in diesem Lande Lebenden\u201c sprechen. Wenn sich also die Innenst\u00e4dte in Deutschland ver\u00e4ndert haben und zu Unterschichtenzentren Fremder geworden sind, war dies bewusste Politik von Politikern, die bewusst dazu gew\u00e4hlt worden sind.<br \/>\n.<br \/>\nWer diese herrschenden Politiker gew\u00e4hlt hat, darf sich also nicht \u00fcber das Ende des Wohlstandes beklagen, welches diese Politiker durchf\u00fchren: \u00dcberschuldung und Zusammenbruch unseres W\u00e4hrungssystems, Enteignungen von Geld (Crash) und Verm\u00f6gen (Grundbesitzabgaben), Ende der Billigenergie durch Ersatz des billigen russischen f\u00fcr doppelt so teures amerikanisches Schiefergas, Inflation durch die von dieser Regierung zum eigenen Schaden begeistert mitgemachten amerikanischen Sanktionen, Wohnraumverknappung und -verteuerung sowie \u00dcberlastung der Sozialsysteme durch grenzoffene Massenimmigration, Entindustrialisierung und Gasmangel mit Verteuerung durch eigene K\u00fcndigung des Bezugs von russischem Billiggas, Abdrosselung wichtigster Industriezweige (z.B. Autoindustrie) aus Ideologiegr\u00fcnden (\u00d6kologie), Beendigung unserer Au\u00dfenhandelsst\u00e4rke durch willk\u00fcrlich gesteigerte Energie- und Produktionspreise in Deutschland\u2026. u.a.<\/p>\n<p>Die gesamte \u00d6kologie-Politik der Zerst\u00f6rung in Deutschland w\u00fcrde bei zwei Prozent CO2-Anteil nicht ausreichen, um die Welt zu retten. J\u00e4hrlich f\u00fcnfmal so viel CO2-Zerst\u00f6rung wird allein durch die von unseren Politikern geduldete Amazonas-Zerst\u00f6rung bewirkt.<br \/>\nDiese Politik des Endes des \u201eWohlstands f\u00fcr alle\u201c wird von unseren eigenen Politikern betrieben, die immerhin von einer Mehrheit der W\u00e4hler gew\u00e4hlt worden sind.<br \/>\nUnd die W\u00e4hler, welche nun sehen und selbst f\u00fchlen m\u00fcssen, was diese Politiker zerst\u00f6ren, sind immer noch ruhig und duldsam.<\/p>\n<p>Viele politische Ma\u00dfnahmen der Wohlstandsvernichtung bleiben auf Dauer, wie z.B. das teure amerikanische statt des billigen russischen \u00d6ls und Gases (Ersatz der billigen Abh\u00e4ngigkeit von Russland durch teure Abh\u00e4ngigkeit von USA), der kostengestiegenen deutschen Produktion, die international nicht mehr ausreichend wettbewerbsf\u00e4hig ist, der Wohlstandsverlust durch fehlende Au\u00dfenhandels\u00fcbersch\u00fcsse und der kommende Zusammenbruch des Schuldenturms im Finanz- und Wirtschaftscrash, der l\u00e4ngerfristig wirkt.<\/p>\n<p>Die Erfahrung lehrt aber, dass selbst der Mittelstand nicht mehr ruhig bleibt, wenn er nicht mehr in den Urlaub fahren, im Winter nicht mehr warm heizen, sich wegen der steigenden Preise immer weniger leisten und nicht mehr auf unsere sozialen Sicherungssysteme vertrauen kann.<\/p>\n<p>Ein Sprichwort sagt: \u201eWenn es dem Esel zu gut geht, tanzt er auf dem Eis\u201c. Seit es unserer Bev\u00f6lkerung zu gut ging\u201c, w\u00e4hlte sie \u00d6ko-Phantasten statt \u00d6konomen in die Regierung und verlangte nach Armut bringender \u00d6kologie statt Wohlstand bringender \u00d6konomie. Der Autor hat schon einmal den wirtschaftlichen Zusammenbruch einer Ideologiewelle erlebt (1945). Die Geschichte lehrt eigentlich, dass Wohlstand nicht selbstverst\u00e4ndlich und nicht verzichtbar ist. Demokratie gibt aber die Freiheit, auch gegen \u00d6konomie zu w\u00e4hlen. Nur h\u00e4tten die W\u00e4hler besser wissen m\u00fcssen, dass man damit auch seinen eigenen Wohlstand beendet. Oder haben sie dies bewusst in Kauf genommen oder sogar gewollt?<br \/>\nWer nicht h\u00f6ren wollte, muss nun f\u00fchlen und je l\u00e4nger die Zerst\u00f6rer in der Regierung bleiben, desto nachhaltiger wird der Absturz.<br \/>\n&#8230; Alles vom 1.9.2022 von Eberhard Hamer bitte lesen auf<br \/>\n<a href=\"https:\/\/www.mittelstandsinstitut-niedersachsen.de\">https:\/\/www.mittelstandsinstitut-niedersachsen.de<\/a><\/p>\n<p><em>Prof. Dr. Eberhard Hamer (*15. August 1932 in Mettmann) ist ein deutscher \u00d6konom. Sein Schwerpunkt ist die Mittelstands\u00f6konomie. In den 1970er Jahren gr\u00fcndete er das privat gef\u00fchrte Mittelstandsinstitut Niedersachsen in Hannover und ver\u00f6ffentlichte \u00fcber 20 B\u00fccher zum Thema Mittelstand. Hamer erhielt 1986 das Verdienstkreuz am Bande des Verdienstordens der Bundesrepublik Deutschland.\u00a0<\/em><\/p>\n","protected":false},"excerpt":{"rendered":"<p>Home\u00a0&gt;Engagement &gt;Demokratie\u00a0&gt;Deutschland &gt;Marktwirtschaft &gt;Soziale Marktwirtschaft Listenauswahl eines Beitrags: Bitte anklicken oder runterscrollen Erich Vad warnt vor Kriegswirtschaft: \u201eSoll damit von innenpolitischen Problemen abgelenkt werden?\u201c\u00a0(11.1.2026) CDU vs gr\u00fcne DeGrowth-Politik\u00a0(26.11.2024) Hamer: Privatwirtschaft rentabler als Staatswirtschaft\u00a0(31.10.2024) Ideologen wollen wieder eine Unterschichtengesellschaft\u00a0(24.5.2024) Interview zum &hellip; <a href=\"https:\/\/www.freiburg-schwarzwald.de\/blog\/engagement\/zukunft\/marktwirtschaft\/soziale-marktwirtschaft\/\">Weiterlesen <span class=\"meta-nav\">&rarr;<\/span><\/a><\/p>\n","protected":false},"author":2,"featured_media":0,"parent":42945,"menu_order":0,"comment_status":"closed","ping_status":"closed","template":"","meta":{"footnotes":""},"class_list":["post-103998","page","type-page","status-publish","hentry"],"_links":{"self":[{"href":"https:\/\/www.freiburg-schwarzwald.de\/blog\/wp-json\/wp\/v2\/pages\/103998","targetHints":{"allow":["GET"]}}],"collection":[{"href":"https:\/\/www.freiburg-schwarzwald.de\/blog\/wp-json\/wp\/v2\/pages"}],"about":[{"href":"https:\/\/www.freiburg-schwarzwald.de\/blog\/wp-json\/wp\/v2\/types\/page"}],"author":[{"embeddable":true,"href":"https:\/\/www.freiburg-schwarzwald.de\/blog\/wp-json\/wp\/v2\/users\/2"}],"replies":[{"embeddable":true,"href":"https:\/\/www.freiburg-schwarzwald.de\/blog\/wp-json\/wp\/v2\/comments?post=103998"}],"version-history":[{"count":6,"href":"https:\/\/www.freiburg-schwarzwald.de\/blog\/wp-json\/wp\/v2\/pages\/103998\/revisions"}],"predecessor-version":[{"id":144001,"href":"https:\/\/www.freiburg-schwarzwald.de\/blog\/wp-json\/wp\/v2\/pages\/103998\/revisions\/144001"}],"up":[{"embeddable":true,"href":"https:\/\/www.freiburg-schwarzwald.de\/blog\/wp-json\/wp\/v2\/pages\/42945"}],"wp:attachment":[{"href":"https:\/\/www.freiburg-schwarzwald.de\/blog\/wp-json\/wp\/v2\/media?parent=103998"}],"curies":[{"name":"wp","href":"https:\/\/api.w.org\/{rel}","templated":true}]}}