{"id":102471,"date":"2022-07-11T15:36:40","date_gmt":"2022-07-11T13:36:40","guid":{"rendered":"https:\/\/www.freiburg-schwarzwald.de\/blog\/?page_id=102471"},"modified":"2022-07-11T15:43:31","modified_gmt":"2022-07-11T13:43:31","slug":"male-studies","status":"publish","type":"page","link":"https:\/\/www.freiburg-schwarzwald.de\/blog\/selbsthilfe\/frauen\/gender\/male-studies\/","title":{"rendered":"Male-Studies"},"content":{"rendered":"<p>Home &gt;<a title=\"Selbsthilfe\" href=\"https:\/\/www.freiburg-schwarzwald.de\/blog\/selbsthilfe\/\">Selbsthilfe<\/a>\u00a0&gt;<a title=\"Frauen\" href=\"https:\/\/www.freiburg-schwarzwald.de\/blog\/selbsthilfe\/frauen\/\">Frauen<\/a>\u00a0&gt;<a title=\"Maenner\" href=\"https:\/\/www.freiburg-schwarzwald.de\/blog\/selbsthilfe\/maenner\/\">Maenner<\/a>\u00a0&gt;<a href=\"https:\/\/www.freiburg-schwarzwald.de\/blog\/selbsthilfe\/frauen\/gender\/\">Gender<\/a> &gt;Male-Studies<\/p>\n<div id=\"attachment_102195\" style=\"width: 650px\" class=\"wp-caption alignnone\"><a href=\"https:\/\/www.freiburg-schwarzwald.de\/blog\/wp-content\/uploads\/2022\/07\/bodensee1ueberlingen-pan220629-1.jpg\"><img loading=\"lazy\" decoding=\"async\" aria-describedby=\"caption-attachment-102195\" class=\"size-full wp-image-102195\" src=\"https:\/\/www.freiburg-schwarzwald.de\/blog\/wp-content\/uploads\/2022\/07\/bodensee1ueberlingen-pan220629-1.jpg\" alt=\"\" width=\"640\" height=\"414\" srcset=\"https:\/\/www.freiburg-schwarzwald.de\/blog\/wp-content\/uploads\/2022\/07\/bodensee1ueberlingen-pan220629-1.jpg 640w, https:\/\/www.freiburg-schwarzwald.de\/blog\/wp-content\/uploads\/2022\/07\/bodensee1ueberlingen-pan220629-1-180x116.jpg 180w\" sizes=\"auto, (max-width: 640px) 100vw, 640px\" \/><\/a><p id=\"caption-attachment-102195\" class=\"wp-caption-text\">Blick von Dingelsdorf\/Klausenhorn auf \u00dcberlingen am 29.6.2022<\/p><\/div>\n<ul>\n<li>Male Studies als Antwort auf Gender Studies (8.7.2022)<\/li>\n<\/ul>\n<ul>\n<li><a title=\"Biologie\" href=\"https:\/\/www.freiburg-schwarzwald.de\/blog\/bildung\/wissenschaft\/biologie\/\">Biologie<\/a><\/li>\n<li><a href=\"https:\/\/www.freiburg-schwarzwald.de\/blog\/selbsthilfe\/frauen\/gender\/\">Gender = soziokulturelles Geschlecht<\/a><\/li>\n<li><a title=\"Feminismus\" href=\"https:\/\/www.freiburg-schwarzwald.de\/blog\/selbsthilfe\/frauen\/feminismus\/\">Feminismus<\/a><\/li>\n<li><a title=\"Familie\" href=\"https:\/\/www.freiburg-schwarzwald.de\/blog\/selbsthilfe\/familie\/\">Familie<\/a><\/li>\n<li><a title=\"Frauenrechte\" href=\"https:\/\/www.freiburg-schwarzwald.de\/blog\/global\/integration\/frauenrechte\/\">Frauenrechte<\/a><\/li>\n<li><a href=\"https:\/\/www.freiburg-schwarzwald.de\/blog\/selbsthilfe\/frauen\/gender\/gender-sprache\/\">Gender-Sprache<\/a><\/li>\n<li><a href=\"https:\/\/www.freiburg-schwarzwald.de\/blog\/religion\/islam\/islam-sexualitaet\/\">Islam-Sexualitaet<\/a><\/li>\n<li><a href=\"https:\/\/www.freiburg-schwarzwald.de\/blog\/selbsthilfe\/kinder\/kinderschutz\/\">Kinderschutz<\/a><\/li>\n<li><a href=\"https:\/\/www.freiburg-schwarzwald.de\/blog\/engagement\/zukunft\/frieden\/regenbogen\/\">Regenbogen<\/a><\/li>\n<li><a href=\"https:\/\/www.freiburg-schwarzwald.de\/blog\/selbsthilfe\/frauen\/gender\/sexualbiologie\/\">Sexualbiologie<\/a><\/li>\n<li><a href=\"https:\/\/www.freiburg-schwarzwald.de\/blog\/selbsthilfe\/kinder\/sexualisierung\/\">Sexualisierung<\/a><\/li>\n<li><a href=\"https:\/\/www.freiburg-schwarzwald.de\/blog\/selbsthilfe\/krise\/sexuellermissbrauch\/\">SexuellerMissbrauch<\/a><\/li>\n<li><a title=\"Trans\" href=\"https:\/\/www.freiburg-schwarzwald.de\/blog\/selbsthilfe\/frauen\/gender\/trans\/\">Trans<\/a><\/li>\n<\/ul>\n<p>&nbsp;<\/p>\n<p>&nbsp;<\/p>\n<p><strong>Male Studies als Antwort auf Gender Studies<\/strong><br \/>\n<strong>\u201eEin Klima der Angst\u201c<\/strong><br \/>\nGenderpolitik: Als Antwort auf den Feminismus hat der Erziehungswissenschaftler Markus Meier den Studiengang \u201eMale Studies\u201c gegr\u00fcndet. Worum geht es dabei? Und weshalb w\u00e4re ihm das in Deutschland unm\u00f6glich gewesen?<br \/>\nHerr Professor Meier, was bitte sind \u201eMale Studies\u201c?<br \/>\nMarkus Meier: Meine Antwort auf den Etikettenschwindel der \u201eGender Studies\u201c, deren Name nahelegt, es ginge bei diesen um beide Geschlechter, also auch um den heterosexuellen Mann. Das aber ist so gut wie nie der Fall.<\/p>\n<p>Es gibt aber doch bereits spezielle \u201eMen\u2019s Studies\u201c.<br \/>\nMeier: Noch mehr Etikettenschwindel, denn dabei handelt es sich um einen Teil der feministischen Gender Studies, die sich keineswegs Lage und Bed\u00fcrfnissen von realen M\u00e4nnern widmen, sondern deren Selbstverst\u00e4ndnis dekonstruieren und im feministischen Sinne reprogrammieren wollen: Man lehrt, was M\u00e4nner alles falsch machen und wie sie sich von sich selbst \u201ebefreien\u201c k\u00f6nnen. Im Gegensatz zu Men\u2019s Studies sind meine Male Studies also der wohl weltweit erste nicht-feministisch ausgerichtete Studiengang in dieser Richtung.<\/p>\n<p>Und womit besch\u00e4ftigen sich Male Studies?<br \/>\nMeier: Male Studies verstehen sich einerseits als wissenschaftliches Komplement \u2013 also Erg\u00e4nzung \u2013 und andererseits als ein Gegengewicht zu Feminismus. Komplement insofern, als sie alles das ansprechen, was der Feminismus unter den Tisch fallen l\u00e4\u00dft, insbesondere \u2013 aber nicht nur \u2013 die reproduktiven Rechte von M\u00e4nnern. Und Gegengewicht insofern, als sie auch die konkrete Auseinandersetzung mit den feministischen Gender Studies suchen.<\/p>\n<p>Zum Beispiel?<br \/>\nMeier: In den Gender Studies wird theoretisiert, da\u00df \u201edie\u201c M\u00e4nner \u201edie\u201c Frauen \u201eunterdr\u00fccken\u201c, im \u201ePatriarchat\u201c. Gleichzeitig wird gesagt, es gebe gar keine M\u00e4nner und Frauen, das sei alles Einbildung. Wir schauen, welche Belege pro und contra es in der Wirklichkeit f\u00fcr diese gewagten und widerspr\u00fcchlichen Theorien \u00fcberhaupt gibt.<\/p>\n<p>Mir ist das Konzept nicht gel\u00e4ufig. Was sind \u201ereproduktive Rechte der M\u00e4nner\u201c?<br \/>\nMeier: Das k\u00f6nnte Teil des Problems sein \u2013 aber diese Reaktion ist sehr h\u00e4ufig. Das Konzept besagt, da\u00df (auch) M\u00e4nner das Recht haben zu entscheiden, ob sie sich reproduzieren wollen oder nicht. Schauen Sie, fr\u00fcher war das Verh\u00e4ltnis Mann\/Frau komplement\u00e4r und kooperativ: Hei\u00dft, beide erg\u00e4nzten sich und arbeiteten an einem gemeinsamen Projekt: sie \u00fcbernahm Haushalt, Versorgung, Brutpflege, daf\u00fcr hatte er ein Gehalt nach Hause zu bringen \u2013 und sein Erfolg am Arbeitsmarkt war auch in ihrem Interesse. Dann kam die Gleichberechtigung, die in den letzten Jahrzehnten vor allem auf das Feld der \u00f6konomischen Produktion gerichtet war: also die Eingliederung der Frau in die Arbeitswelt. Durch sie sind heute Mann und Frau nicht mehr vor allem Kooperationspartner, sondern Konkurrenten auf dem Arbeitsmarkt. Und hier setzen die Male Studies an: die diese Reorganisation auf dem Feld der Produktion zugunsten der Frau nur als die erste Phase eines allgemeinen Emanzipationsprozesses verstehen. Und nun wird es Zeit f\u00fcr dessen zweite Phase: n\u00e4mlich die Reorganisation der biologischen Reproduktion \u2013 also der Hervorbringung von Nachkommen \u2013 zugunsten der M\u00e4nner. Im Zuge der Frauenemanzipation ist die n\u00e4mlich ohne R\u00fccksicht auf deren Partizipation organisiert worden.<\/p>\n<p>Ja klar, M\u00e4nner k\u00f6nnen nun mal keine Kinder bekommen. Wollen Sie die menschliche Natur \u00e4ndern?<br \/>\nMeier: Im Gegenteil! M\u00e4nner reproduzieren sich in ihren Kindern genauso wie Frauen, etwa F\u00fcnfzig zu F\u00fcnfzig. Erstens ist Reproduktion ohne M\u00e4nner bei h\u00f6heren Lebensformen unm\u00f6glich, weil diese ohne die Mischung von Genen bei der Zeugung aussterben w\u00fcrden. Zweitens sind M\u00e4nner V\u00e4ter, haben also eine nat\u00fcrliche Bindung zum Kind. M\u00e4nner haben wie alle Lebewesen das evolution\u00e4re Bed\u00fcrfnis, sich zu reproduzieren \u2013 denn Reproduktion ist die \u201eM\u00fcnze\u201c der Evolution! Alle Anstrengungen, die M\u00e4nner unternehmen, um erfolgreich zu sein, ob als J\u00e4ger, Krieger, Karrieremensch, und f\u00fcr die sie oft ihre Gesundheit und Lebensjahre opfern, dienen letztlich \u201eultimat\u201c \u2013 so sagen die Evolutionsbiologen \u2013 dazu, ein gutes Weibchen zu finden, um erfolgreich Nachkommen gro\u00dfzuziehen. Sozial und juristisch ist Reproduktion jedoch inzwischen als \u201eFrauensache\u201c monopolisiert. Und so verf\u00fcgen heute ab der Zeugung weitgehend die Frauen \u00fcber die Kinder \u2013 und vor allem: sie entscheiden dar\u00fcber, ob ein Kind \u00fcberhaupt ausgetragen wird oder nicht.<br \/>\n&#8230; Alles vom 8.7.2022 von Moritz Schwarz bitte lesen in der JF 28\/22, Seite 3<\/p>\n<p><em>Prof. Dr. Markus Meier, der Erziehungswissenschaftler lehrt \u201eMale Studies\u201c an der traditionsreichen liberalen Privatuniversit\u00e4t Externado in Bogot\u00e1, Kolumbien. Einer seiner Schwerpunkte ist die \u201egleiche Behandlung von (biologisch) Ungleichem\u201c im Bildungswesen. Dazu ver\u00f6ffentlichte er 2015 den Band \u201eLernen und Geschlecht heute. Zur Logik der Geschlechter\u00addichotomie in edukativen Kontexten\u201c. Er studierte Geschichte, Philosophie sowie deutsche Philologie und wurde 1965 in Detmold geboren.<\/em><\/p>\n","protected":false},"excerpt":{"rendered":"<p>Home &gt;Selbsthilfe\u00a0&gt;Frauen\u00a0&gt;Maenner\u00a0&gt;Gender &gt;Male-Studies Male Studies als Antwort auf Gender Studies (8.7.2022) Biologie Gender = soziokulturelles Geschlecht Feminismus Familie Frauenrechte Gender-Sprache Islam-Sexualitaet Kinderschutz Regenbogen Sexualbiologie Sexualisierung SexuellerMissbrauch Trans &nbsp; &nbsp; Male Studies als Antwort auf Gender Studies \u201eEin Klima der Angst\u201c &hellip; <a href=\"https:\/\/www.freiburg-schwarzwald.de\/blog\/selbsthilfe\/frauen\/gender\/male-studies\/\">Weiterlesen <span class=\"meta-nav\">&rarr;<\/span><\/a><\/p>\n","protected":false},"author":2,"featured_media":0,"parent":21194,"menu_order":0,"comment_status":"closed","ping_status":"closed","template":"","meta":{"footnotes":""},"class_list":["post-102471","page","type-page","status-publish","hentry"],"_links":{"self":[{"href":"https:\/\/www.freiburg-schwarzwald.de\/blog\/wp-json\/wp\/v2\/pages\/102471","targetHints":{"allow":["GET"]}}],"collection":[{"href":"https:\/\/www.freiburg-schwarzwald.de\/blog\/wp-json\/wp\/v2\/pages"}],"about":[{"href":"https:\/\/www.freiburg-schwarzwald.de\/blog\/wp-json\/wp\/v2\/types\/page"}],"author":[{"embeddable":true,"href":"https:\/\/www.freiburg-schwarzwald.de\/blog\/wp-json\/wp\/v2\/users\/2"}],"replies":[{"embeddable":true,"href":"https:\/\/www.freiburg-schwarzwald.de\/blog\/wp-json\/wp\/v2\/comments?post=102471"}],"version-history":[{"count":5,"href":"https:\/\/www.freiburg-schwarzwald.de\/blog\/wp-json\/wp\/v2\/pages\/102471\/revisions"}],"predecessor-version":[{"id":102481,"href":"https:\/\/www.freiburg-schwarzwald.de\/blog\/wp-json\/wp\/v2\/pages\/102471\/revisions\/102481"}],"up":[{"embeddable":true,"href":"https:\/\/www.freiburg-schwarzwald.de\/blog\/wp-json\/wp\/v2\/pages\/21194"}],"wp:attachment":[{"href":"https:\/\/www.freiburg-schwarzwald.de\/blog\/wp-json\/wp\/v2\/media?parent=102471"}],"curies":[{"name":"wp","href":"https:\/\/api.w.org\/{rel}","templated":true}]}}