{"id":102424,"date":"2022-07-10T09:17:40","date_gmt":"2022-07-10T07:17:40","guid":{"rendered":"https:\/\/www.freiburg-schwarzwald.de\/blog\/?page_id=102424"},"modified":"2022-11-22T18:59:36","modified_gmt":"2022-11-22T17:59:36","slug":"gottesstaat","status":"publish","type":"page","link":"https:\/\/www.freiburg-schwarzwald.de\/blog\/gottesstaat\/","title":{"rendered":"Gottesstaat"},"content":{"rendered":"<p><a href=\"https:\/\/www.freiburg-schwarzwald.de\/blog\">Home<\/a>\u00a0&gt;<a title=\"Religion\" href=\"https:\/\/www.freiburg-schwarzwald.de\/blog\/religion\/\">Religion<\/a>\u00a0&gt;<a title=\"Kirchen\" href=\"https:\/\/www.freiburg-schwarzwald.de\/blog\/religion\/kirchen\/\">Kirchen<\/a>\u00a0&gt;<a href=\"https:\/\/www.freiburg-schwarzwald.de\/blog\/natur\/klima\/klima-religion\/\">Klima-Religion<\/a>\u00a0 &gt;<a href=\"https:\/\/www.freiburg-schwarzwald.de\/blog\/religion\/christen\/christentum\/\">Christentum<\/a> &gt;<a href=\"https:\/\/www.freiburg-schwarzwald.de\/blog\/religion\/zivilreligion\/\">Zivilreligion<\/a> &gt;Gottesstaat<\/p>\n<div id=\"attachment_102162\" style=\"width: 649px\" class=\"wp-caption alignnone\"><a href=\"https:\/\/www.freiburg-schwarzwald.de\/blog\/wp-content\/uploads\/2022\/07\/trachten-g7gipfel-elmau220625pan.jpg\"><img loading=\"lazy\" decoding=\"async\" aria-describedby=\"caption-attachment-102162\" class=\"size-full wp-image-102162\" src=\"https:\/\/www.freiburg-schwarzwald.de\/blog\/wp-content\/uploads\/2022\/07\/trachten-g7gipfel-elmau220625pan.jpg\" alt=\"\" width=\"639\" height=\"322\" srcset=\"https:\/\/www.freiburg-schwarzwald.de\/blog\/wp-content\/uploads\/2022\/07\/trachten-g7gipfel-elmau220625pan.jpg 639w, https:\/\/www.freiburg-schwarzwald.de\/blog\/wp-content\/uploads\/2022\/07\/trachten-g7gipfel-elmau220625pan-180x91.jpg 180w\" sizes=\"auto, (max-width: 639px) 100vw, 639px\" \/><\/a><p id=\"caption-attachment-102162\" class=\"wp-caption-text\">G7-Treffen in Elmau am 25.6.2022: Trachten als billiges Vorzeige-Accessoir<\/p><\/div>\n<ul>\n<li><a href=\"https:\/\/www.freiburg-schwarzwald.de\/blog\/religion\/islam\/islam-terror\/\">Ayaan Hirsi Ali warnt vor Wokeismus und Islamismus<\/a>\u00a0(18.11.2022)<\/li>\n<li><a href=\"https:\/\/www.freiburg-schwarzwald.de\/blog\/gottesstaat-2-0-kann-alles-retten\/\">Gottesstaat 2.0 kann alles retten<\/a>\u00a0(10.7.2022)<\/li>\n<li>Der Staat, der alles rettet &#8211; Ihr werdet sein wie Gott (8.7.2022)<\/li>\n<\/ul>\n<ul>\n<li><a href=\"https:\/\/www.freiburg-schwarzwald.de\/blog\/religion\/nihilismus\/\">Dostojewski \u201eB\u00f6se Geister\u201c: Nihilismus und Destruktion<\/a>\u00a0(8.7.2022)<\/li>\n<li><a href=\"https:\/\/www.freiburg-schwarzwald.de\/blog\/kultur\/medien\/framing\/\">Sing along \u2013 Meinungs\u00e4u\u00dferung im Chor<\/a>\u00a0(7.7.2022)<\/li>\n<li><a href=\"https:\/\/www.freiburg-schwarzwald.de\/blog\/zivilreligion-kirchenaustritte\/\">Zivilreligion \u2013 Kirchenaustritte<\/a>\u00a0(5.7.2022)<\/li>\n<li>Luisa Neubauers nachchristliche Predigt im Berliner Dom (6.3.2021)<\/li>\n<li><\/li>\n<li><a href=\"https:\/\/www.freiburg-schwarzwald.de\/blog\/kultur\/medien\/framing\/\">Framing<\/a><\/li>\n<li><a href=\"https:\/\/www.freiburg-schwarzwald.de\/blog\/natur\/klima\/klima-religion\/\">Klima-Religion<\/a><\/li>\n<li><a href=\"https:\/\/www.freiburg-schwarzwald.de\/blog\/religion\/nihilismus\/\">Nihilismus<\/a><\/li>\n<li><a href=\"https:\/\/www.freiburg-schwarzwald.de\/blog\/engagement\/zukunft\/demokratie\/staatsquote\/\">Staatsquote<\/a><\/li>\n<li><a href=\"https:\/\/www.freiburg-schwarzwald.de\/blog\/global\/deutschland\/weltrettung\/\">Weltrettung<\/a><\/li>\n<li><a href=\"https:\/\/www.freiburg-schwarzwald.de\/blog\/religion\/zivilreligion\/\">Zivilreligion<\/a><\/li>\n<\/ul>\n<p>&nbsp;<\/p>\n<p><strong>Sind wir auf einem Weg in den Gottesstaat 2.0?<\/strong><br \/>\nIm\u00a0 fr\u00fcheren Gottesstaat bildeten die Kirchenoberen den Staat. Heutzutage spielt sich der Staat als Gott auf und die Kirchenoberen applaudieren.<br \/>\nIn beiden F\u00e4llen bleibt der liebe Gott au\u00dfen vor &#8211; was er wohl dazu sagen w\u00fcrde?<\/p>\n<p>===========================================================<\/p>\n<p>&nbsp;<\/p>\n<p><strong>Der Staat, der alles rettet &#8211; Ihr werdet sein wie Gott<\/strong><br \/>\n<strong>Vom Gottesstaat zum Staatsgott<\/strong><br \/>\nDie Idee des Gottesstaates ist nicht neu. P\u00e4pste und Klerus \u00fcbten \u00fcber Jahrhunderte hinweg erhebliche Macht aus. Die weltlichen Herrscher verstanden sich in der Regel als Christen. Heute ist es umgekehrt: Die Kirche \u00e4fft nach, was Regierung und Nichtregierungsorganisationen vorgeben. Minderheiten-, Gesundheits- und Klimaschutz sind zum neuen Evangelium geworden.<\/p>\n<p>Wo immer Staaten die geistliche Oberhoheit anstrebten, hatten die Gl\u00e4ubigen einen schweren Stand, siehe die Christenverfolgungen im real existierenden Sozialismus, heute in Kuba und Nordkorea. In unseren Breiten ist dies anders, denn die offiziellen Staatskirchen sind weitgehend zu n\u00fctzlichen Idioten der fortschreitenden Zivilreligion geworden, und deren Gott ist der Staat.<br \/>\nDieser Gott ist allwissend, omnipotent, souver\u00e4n, lebenserhaltend, sozial, solidarisch, unendlich gut, liebevoll, empathisch. Die geschulten Theologen m\u00f6gen die fehlende Vollst\u00e4ndigkeit der Attribute verzeihen.<br \/>\nWie stellen wir uns den Staat vor? Traditionell, im \u201eWesten\u201c, w\u00fcnschen wir eine ordnende Macht, die in unserem Zusammenleben f\u00fcr Recht und Gerechtigkeit sorgt, unsere Freiheit sch\u00fctzt, uns Sicherheit bietet und den Rahmen f\u00fcr unser Wohl und Gedeihen festlegt.<br \/>\nDie \u201eZust\u00e4ndigkeiten\u201c \u00fcberschneiden sich. Daher hat der Staat sein Mandat immer mehr ausgedehnt und ma\u00dft sich g\u00f6ttliche Weisheit und Allmacht an. Ob Migration, Klima, Wirtschaft, W\u00e4hrung, Gesundheit: kein Problem, das f\u00fcr unsere Politiker zu gro\u00df w\u00e4re. Alles ist m\u00f6glich, Turmbau zu Babel 2.0. Je ungebildeter das Politprekariat, desto berauschender seine w\u00e4hlerbegl\u00fcckenden Allmachtsphantasien.<\/p>\n<p>Ein gutes Beispiel ist der Klimawandel. Durch Justierung der CO2-Menge, die in die Atmosph\u00e4re steigt, will man die Weltdurchschnittstemperatur regulieren. Mehr noch: Deutschland allein reduziert das CO2 heute und \u2013 da doch alle dem guten Beispiel folgen \u2013 die Erdtemperatur morgen. Es ist, als k\u00f6nne man das Weltklima regulieren wie die Raumtemperatur durch Drehen am Thermostat. Eine infantile Vorstellung, aber geh\u00f6rt nicht gerade den Kindern das Reich Gottes?<br \/>\nLeider ist das Weltklima ein solch komplexes Gebilde, da\u00df ein singul\u00e4rer Eingriff, mit dem zugleich eine ganze Volkswirtschaft umgekrempelt wird, eine Anma\u00dfung von Wissen darstellt, wie Friedrich A. von Hayek es ausdr\u00fccken w\u00fcrde. Der Gedanke, das Klima k\u00f6nne Teil der g\u00f6ttlichen Sch\u00f6pfung sein, ist f\u00fcr die Priester der Zivilreligion unertr\u00e4glich. Denn der Gott der Zivilreligion ist ein eifers\u00fcchtiger Gott (ein vorhin vergessenes Attribut, sorry an die Theologenzunft), der keine anderen G\u00f6tter neben sich duldet, schon gar keinen Sch\u00f6pfergott. Also besetzt der \u00fcbergriffige Allmachtsstaat diese offene Stelle und macht sich daran, das Klima nach seinen eigenen Vorstellungen neu zu schaffen.<\/p>\n<p>Ein weiterer Grundwiderspruch entspringt der absehbaren und notwendigen Verarmung der Bev\u00f6lkerung. Der Preis f\u00fcr CO2 soll ja gerade steigen, damit B\u00fcrger und Wirtschaft weniger fossile Brennstoffe verbrauchen. Damit sind unzweifelhaft Wohlstandsverluste, gar Verarmung verbunden. Die wiederum kann ein guter, sozialer und solidarischer Gott, so wie ihn der Staat abgibt, nicht hinnehmen, und so wird er den B\u00fcrger entsch\u00e4digen. Gerade das treibt aber wieder die CO2-Bilanz nach oben, denn der durch Tankrabatt, Energiegeld, Wohngeldzuschu\u00df wiederbelebte Staatsgl\u00e4ubige wird \u2013 man mu\u00df es so deutlich sagen \u2013 neuerlich s\u00fcndigen und Geld f\u00fcr Dinge ausgeben, die CO2 erzeugen. Ein konsequenter Gott, der den schmalen Weg im Diesseits anbefiehlt f\u00fcr den gr\u00f6\u00dferen Gewinn im Jenseits, ist nicht en vogue.<\/p>\n<p>Apropos S\u00fcnde: Fliegen und Fleischessen m\u00fcssen immer h\u00e4ufiger gebeichtet werden; Flugscham h\u00e4tte das Wort des Jahres 2020 werden k\u00f6nnen, doch in allerletzter Sekunde gr\u00e4tschte der Greta die \u201eCorona-Pandemie\u201c dazwischen. Gottes Hand war auch hier schnell zur Stelle: Kontaktverfolgung und -verbote, Lockdowns, Impfungen, 2G, 2G+, 3G, kleinteilige Verordnungen ohne Ende, die selbst die detaillierten Ritual- und Opfervorschriften des Alten Testaments in den Schatten stellten.<br \/>\nUnd f\u00fcrwahr, der Staatsgott schenkte vielleicht ein paar Monate Gnadenfrist f\u00fcr die Alten, Kranken und Gebrechlichen. Das w\u00e4re sogar richtig gut gewesen, h\u00e4tte der falsche Gott nicht die Lebensmonate an anderer Stelle gestohlen: bei den Nicht-Behandelten, Nicht-Operierten, Impfopfern, zwangsweise Vereinsamten \u2013 Einsamkeit gilt weltweit als Todesursache Nummer eins. Weiter w\u00e4ren da die vielen zus\u00e4tzlichen Suizide, die Opfer von Gewalt, psychischer Sch\u00e4digung, Zwangsheirat, Hunger und Tod in der Dritten Welt. Der falsche Gott kann nichts schaffen, er kann nur nehmen und umverteilen. Wie im Sozialismus. Dort war der Gottesstaat ein \u00fcbergro\u00dfer Robin Hood, der von den Reichen (Bourgeoisie) nahm und es den Armen (Proletariern) gab, bis es die bourgeoisen Unternehmer nicht mehr gab.<\/p>\n<p>Der Staat rettet aber nicht nur Klima und Leben, sondern ist drauf und dran, den Garten Eden wiederherzustellen. Bedingungsloses Grundeinkommen ist das Zauberwort. Der gute Gott gibt jedem, soviel er zum Leben ben\u00f6tigt. Keiner soll mehr gezwungen werden, im Schwei\u00dfe seines Angesichts zu schuften um der puren Existenz willen. Kommet her zum Staatsgott, die ihr m\u00fchselig und beladen seid.<\/p>\n<p>Und die G\u00f6tter haben sich daf\u00fcr etwas Tolles ausgedacht: die Notenpresse. Sie druckt das Geld, das allen zuteil wird. Schon die Corona-Krise war ein Musterbeispiel, gab man doch den B\u00fcrgern wie auch den Unternehmern reichlich frisch gedrucktes Geld in die Hand, w\u00e4hrend man zugleich die Betriebe schlo\u00df. Die Kinder der Zivilreligion freuten sich \u00fcber die sch\u00f6nen Glasperlen. Bald bekommen sie B\u00fcrgergeld und werden nicht mehr mit der diskriminatorischen Frage behelligt, ob sie sich nicht selber helfen k\u00f6nnten? Da\u00df das Ganze auf Pump finanziert wird, braucht die G\u00f6tter nicht zu gr\u00e4men, denn die Schulden werden ja von Generation zu Generation weitergereicht bis in Ewigkeit, Amen. Auch die, die wir f\u00fcr Europa und den Euro aufnehmen. Und da ein richtiger Gott f\u00fcr alle da ist und allen das Paradies zukommen l\u00e4\u00dft, darf auch kein Zaun um den Garten Eden herum sein. Nieder mit den Grenzen, Freibier f\u00fcr alle.<br \/>\nLeider spielt aber auch hier der Staatsgott mit gezinkten Karten. Wer garantiert uns, da\u00df wir uns von dem gedruckten Geld etwas kaufen k\u00f6nnen \u2013 Stichwort Inflation. Wer bestellt denn die \u00c4cker dieser Welt, wer bespielt die Fabriken, und wer erbringt die Dienstleistungen von A wie Automechaniker bis Z wie Zahntechniker, wenn man einmal die Flei\u00dfigen und Gelehrten und Gebildeten vergrault hat mit \u00fcberm\u00e4\u00dfigen Steuern und Vorschriften? Der Kettenbrief der Schulden kann weitergegeben werden; Flei\u00df, Risikobereitschaft und Produktivit\u00e4t nicht.<br \/>\nKeine Religion ohne Messe. Diese findet nicht nur einmal in der Woche, sondern praktisch jeden Tag statt und hat moderne Namen wie \u201eTagesschau\u201c und Talkshow. Keine Religion ohne S\u00fcnde \u2013 wir gei\u00dfelten bereits Fl\u00fcge und Fleisch. Keine Religion ohne Vergebung: die \u00f6ffentlichen Reuebekundungen von Joshua Kimmich bis Xavier Naidoo erlaubten es den Zivilgl\u00e4ubigen, die Abtr\u00fcnnigen wieder gn\u00e4dig aufzunehmen. Die Abbitte kommt heutzutage in einem feschen Insta-Video daher \u2013 was f\u00fcr ein Fortschritt gegen\u00fcber der grau-tristen K\u00e4lte Stalinscher Gerichtss\u00e4le oder dem Muff mittelalterlicher Beichtst\u00fchle! Auch der Gott des Klimas und der Impfung duldet keine G\u00f6tzen neben sich. Er ist rachs\u00fcchtig, wo immer den G\u00f6tzen der Vernunft und Freiheit gehuldigt wird und schlie\u00dft diese unw\u00fcrdigen Gesch\u00f6pfe vom \u00f6ffentlichen Diskurs aus. Der zust\u00e4ndige Priester hei\u00dft Faktenchecker, die Exkommunikation erfolgt mit rituellen Worten wie \u201eNazi\u201c, \u201e*leugner\u201c und \u201e-phob\u201c.<br \/>\nUm nicht der Blasphemie zu verfallen: Dem neuen Gott ist die Sch\u00f6pferkraft nicht abzusprechen: Das mit den zwei Geschlechtern ist ein alter Hut, die Zuckerberger Domspatzen pfeifen bereits 60 Geschlechtsidentit\u00e4ten von den D\u00e4chern. Genderlehrst\u00fchle sprie\u00dfen wie Pilz:innen aus dem Boden und entwickeln einen Entdeckergeist, der selbst Christoph Kolumbus vor Neid erblassen lie\u00dfe.<br \/>\nDer Gott des Klimas kann auch Wunder tun. Er wandelt nicht mehr Wasser in Wein, nicht einmal in Bio-Burgunder, sondern Wind und Sonnenstrahl in Strom, und das ist besser als die schlechte grundlastf\u00e4hige fossile Energie von gestern. Physikalische Gesetze werden aufgehoben im Evangelium der Energiewende. Dumm nur, wenn die G\u00f6tter dabei erwischt werden, Atomstrom aus Frankreich zu ordern oder Gas aus Ru\u00dfland. Denn die Kinder von V\u00e4terchen Staat wollen doch auch des Nachts ihre Smartphones aufladen und die gro\u00dfen Kinder ihre Elektroautos. Naja, das mit dem Gas der Russen war wohl nichts, auch G\u00f6tter sind fehlbar, ebenso G\u00f6ttinnen \u2013 schlie\u00dflich beansprucht ja dieses eine der 60 Geschlechter 50 Prozent der lukrativen Stellen. Wie rief der alt\u00adtestamentarische Prophet schon vor 2.700 Jahren: \u201eKinder sind Gebieter meines Volkes, und Frauen herrschen \u00fcber sie. Mein Volk, deine Leiter verf\u00fchren dich und zerst\u00f6ren den Weg, welchen du gehen sollst\u201c (Jesaja 3,12).<br \/>\n&#8230; Alles vom 8.7.2022 von Reiner Osbild bitte lesen in der JF 28\/22, Seite 18<\/p>\n<p><em>Prof. Dr. Reiner Osbild, Jahrgang 1962, ist Ordinarius f\u00fcr Volkswirtschaftslehre an der Hochschule Emden\/Leer. Auf dem Forum schrieb er zuletzt \u00fcber die verheerende Bilanz der Amtszeit von Merkel (\u201eDie Wertevernichterin\u201c, JF 39\/21).<\/em><\/p>\n<p>&nbsp;<\/p>\n<p>&nbsp;<\/p>\n<p>&nbsp;<\/p>\n","protected":false},"excerpt":{"rendered":"<p>Home\u00a0&gt;Religion\u00a0&gt;Kirchen\u00a0&gt;Klima-Religion\u00a0 &gt;Christentum &gt;Zivilreligion &gt;Gottesstaat Ayaan Hirsi Ali warnt vor Wokeismus und Islamismus\u00a0(18.11.2022) Gottesstaat 2.0 kann alles retten\u00a0(10.7.2022) Der Staat, der alles rettet &#8211; Ihr werdet sein wie Gott (8.7.2022) Dostojewski \u201eB\u00f6se Geister\u201c: Nihilismus und Destruktion\u00a0(8.7.2022) Sing along \u2013 Meinungs\u00e4u\u00dferung im &hellip; <a href=\"https:\/\/www.freiburg-schwarzwald.de\/blog\/gottesstaat\/\">Weiterlesen <span class=\"meta-nav\">&rarr;<\/span><\/a><\/p>\n","protected":false},"author":2,"featured_media":0,"parent":0,"menu_order":0,"comment_status":"closed","ping_status":"closed","template":"","meta":{"footnotes":""},"class_list":["post-102424","page","type-page","status-publish","hentry"],"_links":{"self":[{"href":"https:\/\/www.freiburg-schwarzwald.de\/blog\/wp-json\/wp\/v2\/pages\/102424","targetHints":{"allow":["GET"]}}],"collection":[{"href":"https:\/\/www.freiburg-schwarzwald.de\/blog\/wp-json\/wp\/v2\/pages"}],"about":[{"href":"https:\/\/www.freiburg-schwarzwald.de\/blog\/wp-json\/wp\/v2\/types\/page"}],"author":[{"embeddable":true,"href":"https:\/\/www.freiburg-schwarzwald.de\/blog\/wp-json\/wp\/v2\/users\/2"}],"replies":[{"embeddable":true,"href":"https:\/\/www.freiburg-schwarzwald.de\/blog\/wp-json\/wp\/v2\/comments?post=102424"}],"version-history":[{"count":5,"href":"https:\/\/www.freiburg-schwarzwald.de\/blog\/wp-json\/wp\/v2\/pages\/102424\/revisions"}],"predecessor-version":[{"id":106533,"href":"https:\/\/www.freiburg-schwarzwald.de\/blog\/wp-json\/wp\/v2\/pages\/102424\/revisions\/106533"}],"wp:attachment":[{"href":"https:\/\/www.freiburg-schwarzwald.de\/blog\/wp-json\/wp\/v2\/media?parent=102424"}],"curies":[{"name":"wp","href":"https:\/\/api.w.org\/{rel}","templated":true}]}}