{"id":102236,"date":"2022-07-04T14:30:32","date_gmt":"2022-07-04T12:30:32","guid":{"rendered":"https:\/\/www.freiburg-schwarzwald.de\/blog\/?page_id=102236"},"modified":"2024-08-04T14:10:48","modified_gmt":"2024-08-04T12:10:48","slug":"demo2022","status":"publish","type":"page","link":"https:\/\/www.freiburg-schwarzwald.de\/blog\/engagement\/buergerinitiativen\/demo\/demo2022\/","title":{"rendered":"Demo2022"},"content":{"rendered":"<p>Home &gt;<a title=\"Engagement\" href=\"https:\/\/www.freiburg-schwarzwald.de\/blog\/engagement\/\">Engagement<\/a>\u00a0&gt;<a title=\"Buergerinitiativen\" href=\"https:\/\/www.freiburg-schwarzwald.de\/blog\/engagement\/buergerinitiativen\/\">Buergerinitiativen<\/a> &gt;<a href=\"https:\/\/www.freiburg-schwarzwald.de\/blog\/engagement\/buergerinitiativen\/demonstrationsrecht\/\">Demonstrationsrecht<\/a> &gt;<a href=\"https:\/\/www.freiburg-schwarzwald.de\/blog\/engagement\/buergerinitiativen\/grundrechte-demo\/\">Grundrechte-Demo<\/a> &gt;Demo &gt;Demo2022<\/p>\n<div id=\"attachment_102051\" style=\"width: 650px\" class=\"wp-caption alignnone\"><a href=\"https:\/\/www.freiburg-schwarzwald.de\/blog\/wp-content\/uploads\/2022\/06\/FreiseinFreiburg-demo-pan220618.jpg\"><img loading=\"lazy\" decoding=\"async\" aria-describedby=\"caption-attachment-102051\" class=\"size-full wp-image-102051\" src=\"https:\/\/www.freiburg-schwarzwald.de\/blog\/wp-content\/uploads\/2022\/06\/FreiseinFreiburg-demo-pan220618.jpg\" alt=\"\" width=\"640\" height=\"322\" srcset=\"https:\/\/www.freiburg-schwarzwald.de\/blog\/wp-content\/uploads\/2022\/06\/FreiseinFreiburg-demo-pan220618.jpg 640w, https:\/\/www.freiburg-schwarzwald.de\/blog\/wp-content\/uploads\/2022\/06\/FreiseinFreiburg-demo-pan220618-180x91.jpg 180w\" sizes=\"auto, (max-width: 640px) 100vw, 640px\" \/><\/a><p id=\"caption-attachment-102051\" class=\"wp-caption-text\">Demo von FreiseinFreiburg am 18.6.2022 in der KaJo<\/p><\/div>\n<ul>\n<li><a href=\"https:\/\/www.freiburg-schwarzwald.de\/blog\/frieden-freiheit-demo-berlin-3-8\/\">Frieden Freiheit Demo Berlin 3.8.<\/a>\u00a0(4.8.2023)<\/li>\n<li><a href=\"https:\/\/www.freiburg-schwarzwald.de\/blog\/engagement\/zukunft\/demokratie\/gegen-rechts\/\">Gegen rechts\u201c \u2013 Entt\u00e4uschung?<\/a>\u00a0(12.2.2024)<\/li>\n<li><a href=\"https:\/\/www.freiburg-schwarzwald.de\/blog\/engagement\/buergerinitiativen\/demo\/demos-gegen-rechts\/\">Ulrike Gu\u00e9rot: Demos \u201egegen rechts\u201c tragen faschistische Elemente<\/a>\u00a0(28.1.2024)<\/li>\n<li><a href=\"https:\/\/www.freiburg-schwarzwald.de\/blog\/geheimtreffen-correctiv-wannsee\/\">Geheimtreffen Correctiv Wannsee<\/a>\u00a0(21.1.2024)<\/li>\n<li><a href=\"https:\/\/www.freiburg-schwarzwald.de\/blog\/business\/industrie\/mittelstand\/mittelstand-proteste\/\">Der Bauernprotest mobilisiert den Mittelstand<\/a>\u00a0(16.1.2024)<\/li>\n<li><a href=\"https:\/\/www.freiburg-schwarzwald.de\/blog\/die-angst-vor-den-bauern\/\">Die Angst vor den Bauern<\/a>\u00a0(10.1.2024)<\/li>\n<li><a href=\"https:\/\/www.freiburg-schwarzwald.de\/blog\/freiheitsindex-2023-nur-40-frei\/\">Freiheitsindex 2023: nur 40% frei<\/a>\u00a0(5.1.2024)<\/li>\n<li><a href=\"https:\/\/www.freiburg-schwarzwald.de\/blog\/friedensbewegung-2-0-wann\/\">Friedensbewegung 2.0 \u2013 Wann?<\/a>\u00a0(4.12.2023)<\/li>\n<li><a href=\"https:\/\/www.freiburg-schwarzwald.de\/blog\/friedensdemo-israel-ukraine\/\">Friedensdemo: Israel \u2013 Ukraine<\/a>\u00a0(1.11.2023)<\/li>\n<li><a href=\"https:\/\/www.freiburg-schwarzwald.de\/blog\/demo-verbot-wegen-sicherheit\/\">Demo-Verbot wegen Sicherheit?<\/a>\u00a0(22.10.2023)<\/li>\n<li><a href=\"https:\/\/www.freiburg-schwarzwald.de\/blog\/free-palestine-from-german-guilt\/\">\u201eFree Palestine from German guilt\u201c<\/a>\u00a0(20.10.2023)<\/li>\n<li><a href=\"https:\/\/www.freiburg-schwarzwald.de\/blog\/zweites-hambacher-fest-28-5-23\/\">Neues Hambacher Fest 28.5.23<\/a>\u00a0(29.5.2023)<\/li>\n<li>Demonstrationen &#8211; vier Phasen seit 1950 (20.1.2023)<\/li>\n<li><a href=\"https:\/\/www.freiburg-schwarzwald.de\/blog\/demo-party-oder-rueckzug\/\">Demo, Party oder R\u00fcckzug?<\/a>\u00a0(8.12.2022)<\/li>\n<li><a href=\"https:\/\/www.freiburg-schwarzwald.de\/blog\/engagement\/zukunft\/demokratie\/opposition\/querdenken\/\">Free Michael Ballweg \u2013 Demo in Stuttgart-Stammheim<\/a>\u00a0(1.11.2022)<\/li>\n<li><a href=\"https:\/\/www.freiburg-schwarzwald.de\/blog\/engagement\/buergerinitiativen\/sozialprotest\/\">Demonstrationen gegen Corona- und Ukraine-Politik in Prag, Dresden, \u2026<\/a>\u00a0(1.11.2022)<\/li>\n<li><a href=\"https:\/\/www.freiburg-schwarzwald.de\/blog\/kanada-corona-entschuldigung\/\">Kanada Corona Entschuldigung<\/a>\u00a0(30.10.2022)<\/li>\n<li>Zehntausende gehen gegen Bundesregierung auf die Stra\u00dfe (20.9.2022)<\/li>\n<li><a href=\"https:\/\/www.freiburg-schwarzwald.de\/blog\/engagement\/zukunft\/demokratie\/widerstand\/\">Gegendruck statt Resignation<\/a>\u00a0(17.9.2022)<\/li>\n<li><a href=\"https:\/\/www.freiburg-schwarzwald.de\/blog\/friedensbewegung-kiliz-more\/\">Friedensbewegung \u2013 Kiliz More<\/a>\u00a0(20.8.2022)<\/li>\n<li><a href=\"https:\/\/www.freiburg-schwarzwald.de\/blog\/wutbuerger-im-wutwinter\/\">Wutb\u00fcrger im Wutwinter<\/a>\u00a0(16.8.2022)<\/li>\n<li>Medienmarsch Berlin am 1.8.2022 mit 10.000 Demonstranten (2.8.2022)<\/li>\n<li>Million Mach II EuropeansUnited am 25.6.2022 Frankfurt (28.6.2022)<\/li>\n<\/ul>\n<ul>\n<li><a href=\"https:\/\/www.freiburg-schwarzwald.de\/blog\/kultur\/kunst\/satire\/allesdichtmachen\/\">AllesDichtmachen<\/a><\/li>\n<li><a href=\"https:\/\/www.freiburg-schwarzwald.de\/blog\/engagement\/zukunft\/demokratie\/denunziation\/ausgrenzung\/\">Ausgrenzung<\/a><\/li>\n<li><a href=\"https:\/\/www.freiburg-schwarzwald.de\/blog\/business\/gesund\/corona-virus\/corona-demo\/\">Corona-Demo<\/a><\/li>\n<li><a href=\"https:\/\/www.freiburg-schwarzwald.de\/blog\/engagement\/buergerinitiativen\/demonstrationsrecht\/\">Demonstrationsrecht<\/a><\/li>\n<li><a href=\"https:\/\/www.freiburg-schwarzwald.de\/blog\/engagement\/buergerinitiativen\/demos-in-freiburg\/\">Demos-in-Freiburg<\/a><\/li>\n<li><a href=\"https:\/\/www.freiburg-schwarzwald.de\/blog\/engagement\/buergerinitiativen\/dreisamtal-demos\/\">Dreisamtal-Demos<\/a><\/li>\n<li><a href=\"https:\/\/www.freiburg-schwarzwald.de\/blog\/engagement\/buergerinitiativen\/demos-in-freiburg\/fahrrad-demo\/\">Fahrrad-Demo<\/a><\/li>\n<li><a href=\"https:\/\/www.freiburg-schwarzwald.de\/blog\/engagement\/buergerinitiativen\/demos-in-freiburg\/freiseinfreiburg\/\">FreiseinFreiburg<\/a><\/li>\n<li><a href=\"https:\/\/www.freiburg-schwarzwald.de\/blog\/engagement\/zukunft\/frieden\/friedensbewegung\/\">Friedensbewegung<\/a><\/li>\n<li><a href=\"https:\/\/www.freiburg-schwarzwald.de\/blog\/engagement\/buergerinitiativen\/grundrechte-demo\/\">Grundrechte-Demo<\/a><\/li>\n<li><a href=\"https:\/\/www.freiburg-schwarzwald.de\/blog\/kultur\/kunst\/kuenstler-proteste\/\">K\u00fcnstler-Proteste<\/a><\/li>\n<li><a href=\"https:\/\/www.freiburg-schwarzwald.de\/blog\/business\/industrie\/mittelstand\/mittelstand-proteste\/\">Mittelstand-Proteste<\/a><\/li>\n<li><a href=\"https:\/\/www.freiburg-schwarzwald.de\/blog\/engagement\/buergerinitiativen\/montagsdemos\/\">Montagsdemos<\/a><\/li>\n<li><a href=\"https:\/\/www.freiburg-schwarzwald.de\/blog\/selbsthilfe\/soziales\/justiz\/polizei\/polizeigewalt\/\">Polizeigewalt<\/a><\/li>\n<li><a href=\"https:\/\/www.freiburg-schwarzwald.de\/blog\/engagement\/buergerinitiativen\/protest\/\">Protest<\/a><\/li>\n<li><a href=\"https:\/\/www.freiburg-schwarzwald.de\/blog\/religion\/katholisch\/rosenkranzgebet\/\">Rosenkranzgebet<\/a><\/li>\n<li><a href=\"https:\/\/www.freiburg-schwarzwald.de\/blog\/kultur\/medien\/journalismus\/ruthenberg-medien\/\">Ruthenberg-Medien<\/a><\/li>\n<li><a href=\"https:\/\/www.freiburg-schwarzwald.de\/blog\/engagement\/buergerinitiativen\/sozialprotest\/\">Sozialprotest<\/a><\/li>\n<li><a href=\"https:\/\/www.freiburg-schwarzwald.de\/blog\/engagement\/buergerinitiativen\/spaziergaenge\/\">Spazierg\u00e4nge<\/a><\/li>\n<li><a href=\"https:\/\/www.freiburg-schwarzwald.de\/blog\/engagement\/zukunft\/demokratie\/widerstand\/\">Widerstand<\/a><\/li>\n<\/ul>\n<p>&nbsp;<\/p>\n<p><strong>Demonstrationen &#8211; vier Phasen seit 1950<\/strong><br \/>\nMan sollte einmal eine systematische Untersuchung von Polizeigro\u00dfeins\u00e4tzen in der Nachkriegszeit durchf\u00fchren. Bis es soweit ist, hier der Entwurf eines Phasenmodells:<\/p>\n<p>In Phase 1, von den Kommunisten- und Halbstarken-Unruhen der f\u00fcnfziger Jahre bis zu den Schwabinger Krawallen der fr\u00fchen sechziger Jahre, war die Staatsgewalt nie ernsthaft in Frage gestellt. Das \u00e4nderte sich<\/p>\n<p>Phase 2 \u2013 angesichts der Studentenrevolte, deren f\u00fchrende K\u00f6pfe in der Provokation der \u201eBullenschweine\u201c ein wichtiges Mittel zur Mobilisierung von Anh\u00e4ngern sahen und mit der legend\u00e4ren \u201eSchlacht am Tegeler Weg\u201c (4. November 1968, 130 verletzte Polizisten, 22 verletzte Demonstranten) einen entscheidenden Schritt von der \u201eGewalt gegen Sachen\u201c zur \u201eGewalt gegen Menschen\u201c unternahmen; was dann<\/p>\n<p>Phase 3 \u2013 im \u201eroten Jahrzehnt\u201c folgte, war eine ununterbrochene Aneinanderreihung von Angriffen des progressiven Mobs auf die Polizei, die ihren vorl\u00e4ufigen H\u00f6hepunkt w\u00e4hrend der Gel\u00f6bnisfeier im Bremer Weserstadion (6. Mai 1980, 257 verletzte Polizisten, drei verwundete Soldaten, 50 verletzte Demonstranten) und der \u201eSchlacht um Brokdorf\u201c (28. Februar 1981, 128 verletzte Polizisten, davon sieben schwer, 56 verletzte Demonstranten) fand.<\/p>\n<p>Phase 4 \u2013 Seitdem hat die Ordnungsmacht nicht nur im Hinblick aufs Deeskalieren zugelernt, sondern sieht sich auch an politische Vorgaben gebunden, die klarstellen, da\u00df Durchgreifen nur gegen Rechts erlaubt ist, wenn es darum geht, Identit\u00e4re vom besetzten Brandenburger Tor zu treiben, Corona-Ma\u00dfnahmen-Gegner zu zernieren oder putschbereite Reichsb\u00fcrger festzunehmen, gegen Links dagegen sind Samthandschuhe anzulegen, m\u00fcssen offene Rechtsbr\u00fcche geduldet werden, weil sonst \u2013 wie jetzt bei der aktuellen \u201eSchlacht um L\u00fctzi\u201c (70 verletzte Polizisten mit Schutzhelmen und -schilden) \u2013 der Protest wegen inakzeptabler \u201ePolizeigewalt\u201c (Thunberg dixit) eskaliert.<br \/>\n&#8230; Alles vom 20.1.2023 von Karlheinz Weissmann bitte lesen in der JF 4\/2023, Seite 15<\/p>\n<p>&nbsp;<\/p>\n<p><strong>Zehntausende gehen gegen Bundesregierung auf die Stra\u00dfe<\/strong><br \/>\n<strong>&#8230;und die Medien verschleiern es geschickt<\/strong><br \/>\nIn Deutschland kam es in zahlreichen St\u00e4dten zu Protesten gegen die Energie-Politik der Regierung. Mit einem bemerkenswerten Trick sorgen viele gro\u00dfe Medien daf\u00fcr, dass dies nicht im Bewusstsein der Menschen in diesem Land ankommt. Der m\u00f6gliche Grund: W\u00fcrde ehrlich und fair berichtet, k\u00e4men wohl viele Menschen auf die Idee, sich diesen Demonstrationen anzuschlie\u00dfen. Der polit-mediale Komplex will das offenbar um jeden Preis verhindern. Und greift daf\u00fcr tief in die Trickkiste.<br \/>\n&#8230;.<br \/>\nUnd nun der Trick: Ich habe keine zusammenfassende dpa-Meldung gesehen \u2013 nur die jeweils einzelnen Meldungen aus den einzelnen Bundesl\u00e4ndern. Der Effekt: Es ist nur eine regionale Nachricht, die Zahlen sind weniger beeindruckend, und die Meldungen verpuffen. Journalistische Pflicht w\u00e4re es dagegen, einen Gesamtbericht zu machen. Etwa: \u201eZehntausende in mehreren Bundesl\u00e4ndern auf der Stra\u00dfe\u201c. Dass die dpa als Leitmedium, aus dem sich die anderen Medien bedienen, dies nicht tut, ist Manipulation<br \/>\n&#8230;<br \/>\nDer Herbst und der Winter drohen zwar in den Wohnungen kalt zu werden, aber auf der Stra\u00dfe hei\u00df. Wenn es dabei friedlich und demokratisch bleibt, ist das eine gro\u00dfe Chance f\u00fcr unser Land. Angst macht aber, dass sowohl \u2013 wirklich \u2013 extremistische Kr\u00e4fte als auch die Regierung aus v\u00f6llig unterschiedlichen Gr\u00fcnden ein Interesse an einer Eskalation haben d\u00fcrften. Umso wichtiger ist es, dass die B\u00fcrger auf Kundgebungen die demokratischen Spielregeln einhalten, und sich von denen abgrenzen, die ein tr\u00fcbes S\u00fcppchen kochen wollen. Danach zu urteilen, dass in den Medienberichten nicht die Rede ist von Zwischenf\u00e4llen, hat das an diesem Montag erfreulich gut funktioniert.<br \/>\n&#8230; Alles vom 20.9.2022 bitte lesen auf<br \/>\n<a href=\"https:\/\/reitschuster.de\/post\/zehntausende-gehen-gegen-bundesregierung-auf-die-strasse\/\">https:\/\/reitschuster.de\/post\/zehntausende-gehen-gegen-bundesregierung-auf-die-strasse\/<\/a><\/p>\n<p>&nbsp;<\/p>\n<p><strong>Medienmarsch Berlin am 1.8.2022 mit 10.000 Demonstranten<\/strong><br \/>\nDie gr\u00f6\u00dfte Demo f\u00fcr Grundrechte und Freiheit seit dem <a href=\"https:\/\/www.freiburg-schwarzwald.de\/blog\/engagement\/zukunft\/demokratie\/berlin-demo-querdenker1-8-2021\/\">1.8.2021<\/a>. Der Medienmarsch innerhalb der Demowoche &#8222;Mehr Demokratie wagen&#8220; am 1.8.2022 startete beim Berliner Reichstag und f\u00fchrte an mehreren Mainstream-Medienh\u00e4usern vorbei, darunter ARD, ZDF, Springer, taz und Tagesspiegel. Leider schlossen sich die Fenster, den Aufforderung &#8222;Kommt raus zu uns zur Diskussion, wir bieten euch ein Megaphon&#8220; leistete niemand Folge. Dabei werden diese Leitmedien vom Staat finanziert (Transfers, Anzeigen), um eine objektive und ausgewogene Berichterstattung&#8220; der B\u00fcrger zu gew\u00e4hrleisten.<br \/>\n2.8.2022<br \/>\n.<\/p>\n<p><strong>\u201eWoche der Demokratie\u201c: Tausende Menschen bei Medienmarsch<\/strong><br \/>\nNur 500 Teilnehmer hatten die Veranstalter der Demowoche \u201eMehr Demokratie wagen\u201c zu dem Medienmarsch am gestrigen Montag angemeldet, gekommen waren deutlich mehr als 5000 (Polizei 4.800, pers\u00f6nlich Z\u00e4hlung ca. 10.000)<br \/>\nWie bei den Querdenken-Demos \u00fcblich setzten sich die Teilnehmer in faszinierender Weise aus allen m\u00f6glichen Schichten, politischen und weltanschaulichen Richtungen zusammen. Vom Punker, kiffenden Jungs, Muslimen, Juden und bibeltreuen Christen oder Katholiken mit Herz-Jesu-Fahne, braven Eltern mit Ikea-Family-Card, schwulen Paaren bis zum AfD-Politiker war alles vertreten, was eine bunte Gesellschaft ausmacht. Und was die Querdenken-Bewegung f\u00fcr die Propagandisten der \u201eneuen Normalit\u00e4t\u201c und des totalit\u00e4ren Weltstaates so gef\u00e4hrlich erscheinen l\u00e4sst.<br \/>\nSpringerstiefel und Glatzen, Reichsb\u00fcrger und \u201eNazis\u201c suchte man vergeblich. Stattdessen Regebogenfahnen, Fahnen der \u201efreien Linken\u201c, Anarchosymobole, Deutschlandfahnen. Und alle vereinte sie der Ruf nach Freiheit, Selbstbestimmung, Frieden \u2013 gegen die Coronadiktatur und die Kriegestreiberei der herrschenden Politik und ihrer Blasen.<br \/>\n<a href=\"https:\/\/www.youtube.com\/watch?v=8oT4PK1aPKM\">https:\/\/www.youtube.com\/watch?v=8oT4PK1aPKM<\/a> (28 min)<br \/>\n&#8230; Alles vom 2.8.2022 bitte lesen auf<br \/>\n<a href=\"https:\/\/philosophia-perennis.com\/2022\/08\/02\/woche-der-demokratie-tausende-menschen-bei-medienmarsch\/\">https:\/\/philosophia-perennis.com\/2022\/08\/02\/woche-der-demokratie-tausende-menschen-bei-medienmarsch\/<\/a><br \/>\n<a href=\"https:\/\/philosophia-perennis.com\/wp-content\/uploads\/2022\/08\/WhatsApp-Video-2022-08-02-at-08.58.14.mp4?_=1\">https:\/\/philosophia-perennis.com\/wp-content\/uploads\/2022\/08\/WhatsApp-Video-2022-08-02-at-08.58.14.mp4?_=1<\/a><br \/>\n<a href=\"https:\/\/youtu.be\/bgEw22Wha14\">https:\/\/youtu.be\/bgEw22Wha14<\/a> (8,20 Std , Layla am Ende)<br \/>\n<a href=\"https:\/\/youtu.be\/5O_ATIYqgTk\">https:\/\/youtu.be\/5O_ATIYqgTk<\/a><br \/>\n<a href=\"https:\/\/www.youtube.com\/watch?v=a1mmQSUZ6Ow\">https:\/\/www.youtube.com\/watch?v=a1mmQSUZ6Ow<\/a><br \/>\n<a href=\"https:\/\/www.alexander-wallasch.de\/files\/content\/videos\/IMG_6816.mp4\">https:\/\/www.alexander-wallasch.de\/files\/content\/videos\/IMG_6816.mp4<\/a><\/p>\n<p>ABSTIMMUNG VOR DEM BUNDESTAGSGEB\u00c4UDE &#8211; Rede von Anselm Lenz (Demokratischer Widerstand Berlin). 1. August 2022 &#8211;<br \/>\n&#8211; Kein Maskenzwang f\u00fcr Kinder wie Erwachsene<br \/>\n&#8211; Impfzwangsregime sofort beenden und aufkl\u00e4ren<br \/>\n&#8211; Corona-Agenda stoppen<br \/>\n&#8211; Grundgesetz, N\u00fcrnberger Kodes und Menschenrechte gelten wieder voll<br \/>\n&#8211; Neuwahlen, Parteien ersetzt durch Imperatives Mandat<br \/>\n&#8211; Volksentscheide in allen grundlegenden Angelegenheiten<br \/>\n&#8211; Verfassungserneuerung mit Wirtschafts- und Sozialcharta<br \/>\n&#8211;<\/p>\n<p><a href=\"https:\/\/www.youtube.com\/watch?v=LzXhsrjj2jA\">https:\/\/www.youtube.com\/watch?v=LzXhsrjj2jA<\/a><\/p>\n<p>CSD Berlin meets Freedom Parade, ganz viel Liebe und ein bisschen Hass,<br \/>\n23.07.2022:<br \/>\n<a href=\"https:\/\/www.youtube.com\/watch?v=BFulYa20_c4\">https:\/\/www.youtube.com\/watch?v=BFulYa20_c4<\/a><br \/>\n<a href=\"https:\/\/freedomparade.de\/csd-berlin-meets-freedom-parade\/\">https:\/\/freedomparade.de\/csd-berlin-meets-freedom-parade\/<\/a><br \/>\nAuf dem Montagsspaziergang Berlin-Pankow am 18.07.2022 machten wir wieder Halt vor dem B\u00fcrgerb\u00fcro der Gr\u00fcnen. Leider war wieder niemand darin, aber immerhin stand Thorsten Kirschke von den Gr\u00fcnen davor und lie\u00df sich nach anf\u00e4nglichem Z\u00f6gern auf ein Gespr\u00e4ch ein, das wir euch hier ungeschnitten pr\u00e4sentieren.<br \/>\n18.07.2022, Thorsten Kirschke (Gr\u00fcne) im Interview mit Captain Future (Freedom Parade) UNCUT<br \/>\n<a href=\"https:\/\/youtu.be\/3gde-xvL0Ew\">https:\/\/youtu.be\/3gde-xvL0Ew<\/a><br \/>\n<a href=\"https:\/\/www.protestkarte.de\/\">https:\/\/www.protestkarte.de\/<\/a><\/p>\n<p>&nbsp;<\/p>\n<p>.<\/p>\n<p>&nbsp;<\/p>\n<p><strong>Million Mach II EuropeansUnited am 25.6.2022 Frankfurt<\/strong><\/p>\n<p>Million Mach II EuropeansUnited Frankfurt 25.6.2022, Teil 1\/4 <a href=\"https:\/\/youtu.be\/U2dFoXmFm74\">https:\/\/youtu.be\/U2dFoXmFm74<\/a><br \/>\nKlardenker-Kanal: <a href=\"https:\/\/www.mediarebell.com\/\u20acKlardenker\">https:\/\/www.mediarebell.com\/\u20acKlardenker<\/a><br \/>\n<a href=\"https:\/\/youtu.be\/U2dFoXmFm74\">https:\/\/youtu.be\/U2dFoXmFm74<\/a><\/p>\n<p>Trailer: Gro\u00dfdemo in Frankfurt am Mein &#8211; Europeans United Million March II 25.06.2022<br \/>\n<a href=\"https:\/\/youtu.be\/InWKV4No_Vk\">https:\/\/youtu.be\/InWKV4No_Vk<\/a><br \/>\n<a href=\"https:\/\/youtu.be\/76lpfPp1Ha4\">https:\/\/youtu.be\/76lpfPp1Ha4<\/a><br \/>\n<a href=\"https:\/\/twitter.com\/i\/status\/1540725631838584836\">https:\/\/twitter.com\/i\/status\/1540725631838584836<\/a><br \/>\n<a href=\"https:\/\/twitter.com\/i\/status\/1540738092893609986\">https:\/\/twitter.com\/i\/status\/1540738092893609986<\/a><br \/>\n<a href=\"https:\/\/twitter.com\/i\/status\/1540803806916517888\">https:\/\/twitter.com\/i\/status\/1540803806916517888<\/a><br \/>\n<a href=\"https:\/\/twitter.com\/i\/status\/1540809541813772288\">https:\/\/twitter.com\/i\/status\/1540809541813772288<\/a><br \/>\nMarkus Hantz: Friedenstrommler:<br \/>\n<a href=\"https:\/\/twitter.com\/i\/status\/1541126404032561154\">https:\/\/twitter.com\/i\/status\/1541126404032561154<\/a><br \/>\n.<br \/>\n<strong>Corona-Demonstrationen erhalten neuen Zulauf<\/strong><br \/>\nDie Demonstration in Frankfurt war friedlich, die Polizei hielt sich zur\u00fcck. Proteste gab es auch in einigen anderen deutschen St\u00e4dten. Weitere sollen \u2013 in Reminiszenz an die Montagsspazierg\u00e4nge vom vergangenen Winter \u2013 an diesem Montag stattfinden.<br \/>\n&#8230; Alles vom 27.6.022 bitte lesen auf<br \/>\n<a href=\"https:\/\/reitschuster.de\/post\/widerstand-2-0-corona-demonstrationen-erhalten-neuen-zulauf\/\">https:\/\/reitschuster.de\/post\/widerstand-2-0-corona-demonstrationen-erhalten-neuen-zulauf\/<\/a><\/p>\n<p>Kommentare:<br \/>\n<strong>Die Demonstration war super organisiert.<\/strong><br \/>\nAngemeldet wurden 15.000 Besucher. Die Polizei beschwerte sich bei den Veranstaltern, das es weit mehr wahren. Noch gibt es keine genauen Zahlen &#8211; aber m\u00f6glicherweise war es eine der gr\u00f6\u00dften Coronademonstrationen. Der Veranstalter sagte, das die Logistik sehr aufwendig war.<br \/>\nAuf der einen Seite, die \u00fcberw\u00e4ltigende Menge an Besuchern und auf der anderen Seite, die Eventaktivisten wie Trommler und Trychler und Lautsprecherwagen.<br \/>\nLautsprecherwagen waren nicht nur PKW sondern auch gezogene Leiterwagen, ein umgebauter Rasenm\u00e4her war dabei oder einer trug die Lautsprecher am R\u00fccken.<br \/>\nDiese beim Start des Demonstrationszuges zusammenzuf\u00fchren, war eine Herkulesaufgabe.<br \/>\nW\u00f6rtlich sagte der Veranstalter: &#8222;&#8230;nicht das 30.000 losziehen und von dutzenden Lautsprecherwagen am Ende des Zuges verfolgt w\u00fcrden.&#8220;<br \/>\nEs funktionierte deswegen so gut, weil erfahrene Organisatoren aus dem ganzen Land und Europa nach Frankfurt kamen.<br \/>\nDie Organisatoren haben zwischenzeitlich jahrelange Corona-Demonstations-Erfahrung.<br \/>\nUnter weit schwierigeren Bedingungen.<br \/>\nDiesmal inszenierte die Polizei jedoch keine Eskalationen f\u00fcr die L\u00fcgenpresse &#8211; wie sie es noch in Br\u00fcssel tat.<br \/>\nSo mischte man Demonstranten, Lautsprecherwagen und Eventaktivisten perfekt zusammen.<br \/>\nMegaphone wurden die ganze riesige Strecke gleichm\u00e4\u00dfig verteilt.<\/p>\n<p>Der Veranstalter sagte:<br \/>\n&#8222;Ich versuchte von hinten zum Anfang des Zugs zu kommen und schaffte es nicht.<br \/>\nEs waren einfach zu viele.<br \/>\nDer Demonstrationszug war einfach zu lang.<br \/>\nAber die Organisation war perfekt.<br \/>\nJeder f\u00fchlte ich bei der Demonstration am richtigen Platz.<br \/>\nAuf der ganzen Strecke war eine bomben Stimmung.<br \/>\nAuch waren viele Demonstranten zum ersten Mal auf einer Demo und kommen sicher gerne wieder.&#8220;<br \/>\nDer Veranstalter bedankte sich bei der Polizei.<br \/>\nDiese f\u00fchrte den Demonstrationszug mit einem Wasserwerfer an.<br \/>\nDiesmal nicht gegen die Coronademonstranten gerichtet, sondern f\u00fcr den Fall das sich eine Gegendemonstration dem Zug entgegen stellen w\u00fcrde.<\/p>\n<p>Aber auf der gesamten Strecke wurden 7 Gegendemonstranten gez\u00e4hlt.<br \/>\nDiese verh\u00f6hnten die zehntausenden friedlichen Demonstranten ohne auch nur ein schlaghaltiges Gegenargument bringen zu k\u00f6nnen.<br \/>\nDas dumme war nur, das der Demonstrationszug \u00fcber zwei Stunden an ihnen vorbeizog.<br \/>\nSo viele haben die bezahlten Hansel noch nie gesehen.<br \/>\nJe l\u00e4nger es dauerte, um so sichtlich &#8222;m\u00fcder&#8220; wurden die armen W\u00fcrstchen.<\/p>\n<p>Die zuf\u00fchrenden Stra\u00dfen wurden erst nur gesperrt &#8211; aber mit Dauer des Zuges, sah man Autos dann wenden.<br \/>\nEs waren einfach zu viele Demonstranten.<\/p>\n<p>Im Demonstrationszug sah man Belgier, Franzosen, Polen, Italiener etc.<br \/>\nBei dieser Demo achtete ich extra darauf, ob man T\u00fcrken oder Araber sehen w\u00fcrde.<br \/>\nIch achtete extra darauf ob die Bilder so aussehen w\u00fcrden wie im Berliner Freibad.<br \/>\nKorrigiert mich bitte gerne &#8211; aber ein Kopftuch oder ein Araber suchte man vergebens.<\/p>\n<p>Die Veranstalter fragten sich selber warum so viele kamen.<br \/>\nVor allem so viele die zum ersten Mal zu einer Demo gingen.<br \/>\nM\u00f6glicherweise war es der Auftritt von Klabauterbach auf der Verdi Veranstaltung.<\/p>\n<p>Ein Rettungssanit\u00e4ter rettet einem Unfallopfer um 4:30 Uhr in der Nacht durch einen Luftr\u00f6hrenschnitt das Leben.<br \/>\nKarl Lauterbach sagt das diese Einsatz wertlos war.<\/p>\n<p>Eine Hebamme rettet einem Kind und der Mutter durch ihre Erfahrung uns ihren selbstlosen Einsatz bei der Entbindung das Leben.<br \/>\nKarl Lauterbach sagt das diese Einsatz wertlos war.<\/p>\n<p>Am 1.Mai 1933 beteiligte sich die ADGB &#8211; die gr\u00f6\u00dfte Gewerkschaft, an dem von der N S D A P organisierten &#8222;Tag der nationalen Arbeit&#8220;.<br \/>\nSie bezeichneten die Arbeit der j\u00fcdischen \u00c4rzte f\u00fcr wertlos.<\/p>\n<p>Wir k\u00f6nnen sie nicht zwingen, die Wahrheit zu berichten.<br \/>\nAber wir k\u00f6nnen sie zwingen, immer dreister zu l\u00fcgen.<br \/>\n26.6.2022, J.K.<\/p>\n<p><strong>Staatsmedien ignorieren die Demo<\/strong><br \/>\nDie Staatsmedien berichteten am Samstag von einer Demonstration von 100 Abtreibungsdemonstranten in Senegal und einer Demo von 500 Demonstranten in Bangladesch, weil dort die Kugelschreiber Farbe an den Flie\u00dfb\u00e4ndern von Rot auf Blau ge\u00e4ndert wurde. \u00dcber die Riesendemo in Frankfurt berichteten sie nicht. In einer Frankfurter Staatszeitung wurde eine Zahl von 5000 genannt.<br \/>\nWenn man bedenkt wieviel die SED bis jetzt an Demonstrationsteilnehmern sonst so zugegeben hat, ist es schon erstaunlich, das Mielke-Junior jetzt zumindest 5000 Teilnehmer zugeben muss.<br \/>\nStundenlang schallte es durch die Stra\u00dfen &#8222;Lauterbach &#8211; R\u00fccktritt&#8220;<br \/>\nSo sehr ich das &#8222;zur Verantwortung ziehen&#8220; von Spahn und Lauterbach begr\u00fc\u00dfe. Solange mRNA nicht wieder dem normalen Medikamentenzulassungsverfahren unterzogen wird, l\u00f6sen wir das Problem nicht. Wem ist geholfen wenn die fette Fester jetzt Gesundheitsminister w\u00fcrde? mRNA wurde \u00fcber 30 Jahre lang nicht zugelassen und wird auch in den n\u00e4chsten 30 Jahren keine Zulassung bekommen. Punkt.<br \/>\n27.6.2022, Kou<br \/>\nEnde Kommentare<\/p>\n","protected":false},"excerpt":{"rendered":"<p>Home &gt;Engagement\u00a0&gt;Buergerinitiativen &gt;Demonstrationsrecht &gt;Grundrechte-Demo &gt;Demo &gt;Demo2022 Frieden Freiheit Demo Berlin 3.8.\u00a0(4.8.2023) Gegen rechts\u201c \u2013 Entt\u00e4uschung?\u00a0(12.2.2024) Ulrike Gu\u00e9rot: Demos \u201egegen rechts\u201c tragen faschistische Elemente\u00a0(28.1.2024) Geheimtreffen Correctiv Wannsee\u00a0(21.1.2024) Der Bauernprotest mobilisiert den Mittelstand\u00a0(16.1.2024) Die Angst vor den Bauern\u00a0(10.1.2024) Freiheitsindex 2023: nur 40% &hellip; <a href=\"https:\/\/www.freiburg-schwarzwald.de\/blog\/engagement\/buergerinitiativen\/demo\/demo2022\/\">Weiterlesen <span class=\"meta-nav\">&rarr;<\/span><\/a><\/p>\n","protected":false},"author":2,"featured_media":0,"parent":7192,"menu_order":0,"comment_status":"closed","ping_status":"closed","template":"","meta":{"footnotes":""},"class_list":["post-102236","page","type-page","status-publish","hentry"],"_links":{"self":[{"href":"https:\/\/www.freiburg-schwarzwald.de\/blog\/wp-json\/wp\/v2\/pages\/102236","targetHints":{"allow":["GET"]}}],"collection":[{"href":"https:\/\/www.freiburg-schwarzwald.de\/blog\/wp-json\/wp\/v2\/pages"}],"about":[{"href":"https:\/\/www.freiburg-schwarzwald.de\/blog\/wp-json\/wp\/v2\/types\/page"}],"author":[{"embeddable":true,"href":"https:\/\/www.freiburg-schwarzwald.de\/blog\/wp-json\/wp\/v2\/users\/2"}],"replies":[{"embeddable":true,"href":"https:\/\/www.freiburg-schwarzwald.de\/blog\/wp-json\/wp\/v2\/comments?post=102236"}],"version-history":[{"count":6,"href":"https:\/\/www.freiburg-schwarzwald.de\/blog\/wp-json\/wp\/v2\/pages\/102236\/revisions"}],"predecessor-version":[{"id":125911,"href":"https:\/\/www.freiburg-schwarzwald.de\/blog\/wp-json\/wp\/v2\/pages\/102236\/revisions\/125911"}],"up":[{"embeddable":true,"href":"https:\/\/www.freiburg-schwarzwald.de\/blog\/wp-json\/wp\/v2\/pages\/7192"}],"wp:attachment":[{"href":"https:\/\/www.freiburg-schwarzwald.de\/blog\/wp-json\/wp\/v2\/media?parent=102236"}],"curies":[{"name":"wp","href":"https:\/\/api.w.org\/{rel}","templated":true}]}}