{"id":10212,"date":"2012-09-01T12:02:33","date_gmt":"2012-09-01T10:02:33","guid":{"rendered":"https:\/\/www.freiburg-schwarzwald.de\/blog\/?page_id=10212"},"modified":"2014-05-23T20:46:29","modified_gmt":"2014-05-23T18:46:29","slug":"effizienz","status":"publish","type":"page","link":"https:\/\/www.freiburg-schwarzwald.de\/blog\/engagement\/zukunft\/effizienz\/","title":{"rendered":"Effizienz"},"content":{"rendered":"<p>Home &gt;<a title=\"Engagement\" href=\"https:\/\/www.freiburg-schwarzwald.de\/blog\/engagement\/\">Engagement <\/a>&gt;<a title=\"Zukunft\" href=\"https:\/\/www.freiburg-schwarzwald.de\/blog\/engagement\/zukunft\/\">Zukunft<\/a> &gt;<a title=\"Nachhaltigkeit\" href=\"https:\/\/www.freiburg-schwarzwald.de\/blog\/natur\/klima\/nachhaltigkeit\/\">Nachhaltigkeit <\/a>&gt;Effizienz<\/p>\n<div id=\"attachment_6895\" style=\"width: 610px\" class=\"wp-caption alignnone\"><a href=\"https:\/\/www.freiburg-schwarzwald.de\/blog\/regio\/hochrhein\/wasserkraftwerk3pan-080814\/\" rel=\"attachment wp-att-6895\"><img loading=\"lazy\" decoding=\"async\" aria-describedby=\"caption-attachment-6895\" class=\"size-full wp-image-6895\" title=\"wasserkraftwerk3pan-080814\" alt=\"\" src=\"https:\/\/www.freiburg-schwarzwald.de\/blog\/wp-content\/uploads\/2012\/07\/wasserkraftwerk3pan-080814.jpg\" width=\"600\" height=\"180\" srcset=\"https:\/\/www.freiburg-schwarzwald.de\/blog\/wp-content\/uploads\/2012\/07\/wasserkraftwerk3pan-080814.jpg 600w, https:\/\/www.freiburg-schwarzwald.de\/blog\/wp-content\/uploads\/2012\/07\/wasserkraftwerk3pan-080814-180x54.jpg 180w\" sizes=\"auto, (max-width: 600px) 100vw, 600px\" \/><\/a><p id=\"caption-attachment-6895\" class=\"wp-caption-text\">Blick nach Nordosten \u00fcber den Hochrhein zur Kraftwerkbaustelle bei Schw\u00f6rstadt rechts am 14.8.2008<\/p><\/div>\n<p>&nbsp;<\/p>\n<ul>\n<li><a href=\"https:\/\/www.freiburg-schwarzwald.de\/blog\/energieeffizienz-findet-nicht-statt\/\">https:\/\/www.freiburg-schwarzwald.de\/blog\/energieeffizienz-findet-nicht-statt\/<\/a>\u00a0(23.5.2014)<\/li>\n<li>Energieverschwendung statt Energieeffizienz (23.5.2014)<\/li>\n<li><a href=\"https:\/\/www.freiburg-schwarzwald.de\/blog\/rebound-effekt-energieeffizienz\/\">https:\/\/www.freiburg-schwarzwald.de\/blog\/rebound-effekt-energieeffizienz\/<\/a>\u00a0(10.12.2013)<\/li>\n<li><a href=\"https:\/\/www.freiburg-schwarzwald.de\/blog\/weizsaecker-energieeffizienz\/\">https:\/\/www.freiburg-schwarzwald.de\/blog\/weizsaecker-energieeffizienz\/<\/a>\u00a0(17.4.2013)<\/li>\n<li><a href=\"https:\/\/www.freiburg-schwarzwald.de\/blog\/energiesparen-umlagefinanziert\/\">https:\/\/www.freiburg-schwarzwald.de\/blog\/energiesparen-umlagefinanziert\/<\/a>\u00a0(28.3.2013)<\/li>\n<li><a href=\"https:\/\/www.freiburg-schwarzwald.de\/blog\/energieeffizienz-reboundeffekte\/\">https:\/\/www.freiburg-schwarzwald.de\/blog\/energieeffizienz-reboundeffekte\/<\/a>\u00a0(24.1.2013)<\/li>\n<li><a href=\"https:\/\/www.freiburg-schwarzwald.de\/blog\/energiewende-dreiland-2013\/\">https:\/\/www.freiburg-schwarzwald.de\/blog\/energiewende-dreiland-2013\/<\/a>\u00a0(4.1.2013)<\/li>\n<li><a href=\"https:\/\/www.freiburg-schwarzwald.de\/blog\/energieeffizienz-portal-bigee-net\/\">https:\/\/www.freiburg-schwarzwald.de\/blog\/energieeffizienz-portal-bigee-net\/<\/a>\u00a0(18.12.2012)<\/li>\n<li><\/li>\n<li>Die drei Strategien der Nachhaltigkeit:\u00a0Effizienz, Konsistenz und Suffizienz<\/li>\n<li>Energieeffizienz &#8211; 30 % Energie einsparen<\/li>\n<li>dena &#8211; Deutsche Energie-Agentur GmbH<\/li>\n<li>BAFA &#8211; Bundesamt f\u00fcr Wirtschaft und Ausfuhrkontrolle<\/li>\n<li><a title=\"Suffizienz\" href=\"https:\/\/www.freiburg-schwarzwald.de\/blog\/engagement\/zukunft\/suffizienz\/\">Suffizienz<\/a><\/li>\n<\/ul>\n<p>&nbsp;<\/p>\n<p><strong>Energieverschwendung statt Energieeffizienz<\/strong><br \/>\nEnergieverschwendung weiterhin, Energieeffizienz findet\u00a0nicht\u00a0statt. Dabei\u00a0lie\u00dfen sich unsere H\u00e4user mit halb so viel Treibstoff erw\u00e4rmen, Autos mit 5 l\/100 km fahren, Millionen von Heizungspumpen in Kellern und Elektromotoren in Fabriken mit einem Bruchteil des Stroms betreiben und LEDs k\u00f6nnten eine Einsparrevolution bei der Beleuchtung ausl\u00f6sen. Um gerade mal 12 % wird Deutschlands Energieverbrauch bis 2020 sinken, im Herbst 2010\u00a0lag die Vorgabe noch bei stolzen 20 %.<br \/>\nDie EU hat jetzt genauere und strengere Angaben zu den Energieeffizienzzielen angefordert, aber der Bundeswirtschaftsminister tut sich schwer.<br \/>\nDas &#8222;Institut f\u00fcr Resourceneffizienz und Energiestrategien (IREES) in Karlsruhe beklagt eine\u00a0fehlende Investitionsbereitschaft der Industrie. Die &#8222;Deutsche Unternehmensinitiative Energieeffizienz&#8220; (DENEFF) will eine neue Kampagne zur Energieeinsparung ansto\u00dfen. Doch noch ist von einer Effizienzrevolution weit und breit nichts zu sehen, das Thema ist laut Deutscher Energieagentur (DENA) einfach &#8222;weg&#8220;. Dabei ist es so verlockend: Wenn wir das uns verf\u00fcgbare technische KnowHow zur Energieeffizienz nutzen, k\u00f6nnten wir uns frei machen von der Abh\u00e4ngigkeit\u00a0von gas aus Russland.<br \/>\n23.5.2014<br \/>\n<a href=\"https:\/\/www.irees.de\">www.irees.de<\/a><br \/>\n<a href=\"https:\/\/www.deneff.org\">www.deneff.org<\/a><br \/>\n<a href=\"https:\/\/www.dena.de\">www.dena.de<\/a><\/p>\n<p>&nbsp;<\/p>\n<p>&nbsp;<\/p>\n<p><strong>Die drei Strategien der Nachhaltigkeit:\u00a0Effizienz, Konsistenz und Suffizienz\u00a0<\/strong><\/p>\n<p><em>Effizienz<\/em> will mehr aus den Ressourcen herausholen, Effizienzsteigerungen als Ziel gebietet die wirtschaftliche Logik. Die <em>Konsistenz<\/em> als Vereinbarkeit von Natur und Technik ist Kennzeichen der Industrial Ecology. Effizienz und Konsistenz als Technologie-Strategien zielen ab auf\u00a0die Erhaltung und sogar Steigerung des materiellen Wohlstandes. Mit der <em><a title=\"Suffizienz\" href=\"https:\/\/www.freiburg-schwarzwald.de\/blog\/engagement\/zukunft\/suffizienz\/\">Suffizienz<\/a><\/em> als dem &#8222;Sichbegn\u00fcgen mit dem Ausreichenden&#8220;\u00a0tut man sich schon schwerer, da sie auf ein\u00a0weniger materiell denn kulturell bestimmtes Verst\u00e4ndnis von Wohlstand abzielt &#8211; Suffizienz betrifft unser Verhalten, also die Einsicht des Einzelnen und einen\u00a0Wandel der Lebensstile.<\/p>\n<p>&nbsp;<\/p>\n<p><strong>Energieeffizienz &#8211; 30 % Energie einsparen<\/strong><\/p>\n<p>Die Energieeffizienz von Geb\u00e4uden ist einer der gr\u00f6\u00dften Wachstumstreiber f\u00fcr unser Gesch\u00e4ft. Siemens geht davon aus, dass man in Deutschland, \u00d6sterreich und der Schweiz 30 Prozent Energie einsparen k\u00f6nnte, wenn Geb\u00e4ude entsprechend ausger\u00fcstet werden. Eine gro\u00dfe und zeitaufw\u00e4ndige Aufgabe. Dabei geht es gar nicht so sehr um moderne Neubauten, sondern vor allem um den Bestand \u00e4lterer Geb\u00e4ude. Die Energiewende hat Druck und\u00a0Tempo zur Renovierung alter Geb\u00e4ude noch mal erh\u00f6ht.<\/p>\n<p>&nbsp;<\/p>\n<p><strong>dena &#8211; Deutsche Energie-Agentur GmbH<\/strong><\/p>\n<p>Die Deutsche Energie-Agentur GmbH (dena) ist das Kompetenzzentrum f\u00fcr Energieeffizienz, erneuerbare Energien und intelligente Energiesysteme. Das Leitbild der dena ist es, Wirtschaftswachstum zu schaffen und Wohlstand zu sichern \u2013 mit immer geringerem Energieeinsatz. Dazu muss Energie so effizient, sicher, preiswert und klimaschonend wie m\u00f6glich erzeugt und verwendet werden \u2013 national und international.\u00a0Die dena entwickelt M\u00e4rkte f\u00fcr Energieeffizienz und erneuerbare Energien und kooperiert daf\u00fcr mit Akteuren aus Politik, Wirtschaft und Gesellschaft.<br \/>\n<a href=\"https:\/\/www.dena.de\">www.dena.de<\/a><\/p>\n<p>Zugelassene Energieberater sind in der dena-Ausstellerliste gelistet und als solche berechtigt, einen Energieausweis auszustellen.<\/p>\n<p>&nbsp;<\/p>\n<p><strong>BAFA &#8211; Bundesamt f\u00fcr Wirtschaft und Ausfuhrkontrolle<\/strong><\/p>\n<p>Das Bundesamt f\u00fcr Wirtschaft und Ausfuhrkontrolle (BAFA) ist eine Bundesoberbeh\u00f6rde im Gesch\u00e4ftsbereich des Bundesministeriums f\u00fcr Wirtschaft und Technologie (BMWi).\u00a0 Im Energiesektor setzt das BAFA F\u00f6rderma\u00dfnahmen zur st\u00e4rkeren Nutzung erneuerbarer Energien und zur Energieeinsparung<br \/>\nDer Bund f\u00f6rdert Energiesparberatungen nach der Richtlinie des Bundesministeriums f\u00fcr Wirtschaft und Technologie \u00fcber die F\u00f6rderung der Energieberatung in Wohngeb\u00e4uden vor Ort (<strong>Vor-Ort-Beratung<\/strong>) vom 11.06.2012 (Bundesanzeiger BAnz AT 25.06.2012). (Einen Abdruck des Richtlinientextes finden Sie in der rechten Spalte unter dem Punkt \u201eDownloads\u201c \u00fcber den Link \u201eRichtlinie 2012 \u2013 Vor-Ort-Beratung -\u201c.) Die energetische Sanierung von Wohngeb\u00e4uden hat eine Schl\u00fcsselfunktion f\u00fcr das Gelingen der Energiewende. Ziel der F\u00f6rderung ist es, im privaten Bereich Investitionen auszul\u00f6sen, die den Energiebedarf in Wohngeb\u00e4uden senken und Umweltbelastungen, insbesondere CO2-Emissionen, vermindern. Das energiepolitische Ziel eines weitgehend klimaneutralen Geb\u00e4udebestands in 2050 wird damit unterst\u00fctzt.<br \/>\n<a href=\"https:\/\/www.bafa.de\">www.bafa.de<\/a><\/p>\n<p><strong>Experten-Datenbank \u00fcber das BAFA<br \/>\n<\/strong>Herzlichen Dank f\u00fcr Ihren Besuch auf der Seite der Energieeffizienz-Expertenliste f\u00fcr F\u00f6rderprogramme des Bundes!Hier k\u00f6nnen Experten gefunden werden, die in den F\u00f6rderprogrammen des Bundes zur Energieeffizienz in Wohngeb\u00e4uden t\u00e4tig sind. Die gelisteten Experten sind besonders f\u00fcr die Bundesf\u00f6rderprogramme Vor-Ort-Beratung (BAFA) sowie f\u00fcr die Energetische Fachplanung und Baubegleitung von KfW-Effizienzh\u00e4usern 40 und 55 (Neubau und Sanierung) und Baudenkmale qualifiziert.<br \/>\n2473 Experten in der Datenbank &#8211; Stand 8.9.2012<br \/>\n<a href=\"https:\/\/www.energie-effizienz-experten.de\/expertensuche\/\">https:\/\/www.energie-effizienz-experten.de\/expertensuche\/<\/a><\/p>\n<p>&nbsp;<\/p>\n<p><strong>Liebe Gr\u00fcne, warum nocht mehr Forschung, Chemia, Physik, &#8230;?<\/strong><br \/>\nWie beim Biomais suchen die Gr\u00fcnen verzweifelt grundlastf\u00e4hige Alternativen zu Kohle- und Atomkraftwerken. Das ist bei tiefer Geothermie und bei Biogas aus Mais gegeben &#8211; aber zu welchem Preis: Beim Biogas aus Mais noch mehr Naturzerst\u00f6rung durch tote Monokulturen, bei der tiefen Geothermie unerforschte existentielle Risiken.<br \/>\nLiebe Gr\u00fcne: Warum macht Ihr wie alle vor Euch den gleichen Fehler: Vor lauter Fortschrittsglauben die Risiken einer neuen Technologie verdr\u00e4ngen.<br \/>\nWarum st\u00fcrzt Ihr Euch nicht noch viel mehr auf Forschung bei Stromspeichertechniken und deren Verbilligung? Auf Effizienz? Auf Stromsparen? Dann braucht man grundlastf\u00e4hige Energiegewinnung gar nicht mehr. Und bitte beim Stromspeichern nicht gleich wieder an Horrorl\u00f6sungen wie das Speicherbecken im Hotzenwald denken. immer zu Lasten der Natur &#8211; sucht doch endlich die natur- und menschenschonenden L\u00f6sungen ( Chemie, Physik &#8230;. ). Das muss ja nicht die allerbilligste L\u00f6sung sein. Wenn man keine anst\u00e4ndige Alternative hat, muss man halt die zweit- oder drittbilligste L\u00f6sung nehmen.<br \/>\nWolfdietrich Burde, 15.5.2013<\/p>\n<p>&nbsp;<\/p>\n","protected":false},"excerpt":{"rendered":"<p>Home &gt;Engagement &gt;Zukunft &gt;Nachhaltigkeit &gt;Effizienz &nbsp; https:\/\/www.freiburg-schwarzwald.de\/blog\/energieeffizienz-findet-nicht-statt\/\u00a0(23.5.2014) Energieverschwendung statt Energieeffizienz (23.5.2014) https:\/\/www.freiburg-schwarzwald.de\/blog\/rebound-effekt-energieeffizienz\/\u00a0(10.12.2013) https:\/\/www.freiburg-schwarzwald.de\/blog\/weizsaecker-energieeffizienz\/\u00a0(17.4.2013) https:\/\/www.freiburg-schwarzwald.de\/blog\/energiesparen-umlagefinanziert\/\u00a0(28.3.2013) https:\/\/www.freiburg-schwarzwald.de\/blog\/energieeffizienz-reboundeffekte\/\u00a0(24.1.2013) https:\/\/www.freiburg-schwarzwald.de\/blog\/energiewende-dreiland-2013\/\u00a0(4.1.2013) https:\/\/www.freiburg-schwarzwald.de\/blog\/energieeffizienz-portal-bigee-net\/\u00a0(18.12.2012) Die drei Strategien der Nachhaltigkeit:\u00a0Effizienz, Konsistenz und Suffizienz Energieeffizienz &#8211; 30 % Energie einsparen dena &#8211; Deutsche Energie-Agentur GmbH BAFA &#8211; Bundesamt f\u00fcr &hellip; <a href=\"https:\/\/www.freiburg-schwarzwald.de\/blog\/engagement\/zukunft\/effizienz\/\">Weiterlesen <span class=\"meta-nav\">&rarr;<\/span><\/a><\/p>\n","protected":false},"author":4,"featured_media":0,"parent":2250,"menu_order":0,"comment_status":"open","ping_status":"closed","template":"","meta":{"footnotes":""},"class_list":["post-10212","page","type-page","status-publish","hentry"],"_links":{"self":[{"href":"https:\/\/www.freiburg-schwarzwald.de\/blog\/wp-json\/wp\/v2\/pages\/10212","targetHints":{"allow":["GET"]}}],"collection":[{"href":"https:\/\/www.freiburg-schwarzwald.de\/blog\/wp-json\/wp\/v2\/pages"}],"about":[{"href":"https:\/\/www.freiburg-schwarzwald.de\/blog\/wp-json\/wp\/v2\/types\/page"}],"author":[{"embeddable":true,"href":"https:\/\/www.freiburg-schwarzwald.de\/blog\/wp-json\/wp\/v2\/users\/4"}],"replies":[{"embeddable":true,"href":"https:\/\/www.freiburg-schwarzwald.de\/blog\/wp-json\/wp\/v2\/comments?post=10212"}],"version-history":[{"count":0,"href":"https:\/\/www.freiburg-schwarzwald.de\/blog\/wp-json\/wp\/v2\/pages\/10212\/revisions"}],"up":[{"embeddable":true,"href":"https:\/\/www.freiburg-schwarzwald.de\/blog\/wp-json\/wp\/v2\/pages\/2250"}],"wp:attachment":[{"href":"https:\/\/www.freiburg-schwarzwald.de\/blog\/wp-json\/wp\/v2\/media?parent=10212"}],"curies":[{"name":"wp","href":"https:\/\/api.w.org\/{rel}","templated":true}]}}