{"id":101935,"date":"2022-06-22T21:32:00","date_gmt":"2022-06-22T19:32:00","guid":{"rendered":"https:\/\/www.freiburg-schwarzwald.de\/blog\/?page_id=101935"},"modified":"2025-06-29T19:12:03","modified_gmt":"2025-06-29T17:12:03","slug":"partyszene","status":"publish","type":"page","link":"https:\/\/www.freiburg-schwarzwald.de\/blog\/selbsthilfe\/krise\/gewalt\/partyszene\/","title":{"rendered":"Partyszene"},"content":{"rendered":"<p><a href=\"https:\/\/www.freiburg-schwarzwald.de\/blog\">Home<\/a> &gt;<a title=\"Krise\" href=\"https:\/\/www.freiburg-schwarzwald.de\/blog\/selbsthilfe\/krise\/\">Krise<\/a>\u00a0&gt;<a title=\"Gewalt\" href=\"https:\/\/www.freiburg-schwarzwald.de\/blog\/selbsthilfe\/krise\/gewalt\/\">Gewalt<\/a>\u00a0&gt;<a title=\"Polizei\" href=\"https:\/\/www.freiburg-schwarzwald.de\/blog\/selbsthilfe\/soziales\/justiz\/polizei\/\">Polizei<\/a>\u00a0&gt;<a title=\"Linke-Gewalt\" href=\"https:\/\/www.freiburg-schwarzwald.de\/blog\/selbsthilfe\/krise\/gewalt\/linke-gewalt\/\">Linke-Gewalt<\/a> &gt;<a href=\"https:\/\/www.freiburg-schwarzwald.de\/blog\/selbsthilfe\/krise\/gewalt\/strassenschlacht\/\">Strassenschlacht<\/a> &gt;Partyszene<\/p>\n<div id=\"attachment_98350\" style=\"width: 650px\" class=\"wp-caption alignnone\"><img loading=\"lazy\" decoding=\"async\" aria-describedby=\"caption-attachment-98350\" class=\"size-full wp-image-98350\" src=\"https:\/\/www.freiburg-schwarzwald.de\/blog\/wp-content\/uploads\/2022\/02\/demoFreiburg1pan20220205.jpg\" alt=\"\" width=\"640\" height=\"318\" srcset=\"https:\/\/www.freiburg-schwarzwald.de\/blog\/wp-content\/uploads\/2022\/02\/demoFreiburg1pan20220205.jpg 640w, https:\/\/www.freiburg-schwarzwald.de\/blog\/wp-content\/uploads\/2022\/02\/demoFreiburg1pan20220205-180x89.jpg 180w\" sizes=\"auto, (max-width: 640px) 100vw, 640px\" \/><p id=\"caption-attachment-98350\" class=\"wp-caption-text\">Demo 5.2.2022 in Freiburg weicht einer Antifa-Blockade \u00fcber den Gehweg aus<\/p><\/div>\n<ul>\n<li><a href=\"https:\/\/www.freiburg-schwarzwald.de\/blog\/sylt-party-dominiert-die-medien\/\">Sylt-Party dominiert die Medien<\/a>\u00a0(26.5.2024)<\/li>\n<li><a href=\"https:\/\/www.freiburg-schwarzwald.de\/blog\/global\/migration\/migranten-benehmen\/\">Orientalisch gepr\u00e4gte m\u00e4nnliche Dominanz<\/a>\u00a0(27.7.2023)<\/li>\n<li><a href=\"https:\/\/www.freiburg-schwarzwald.de\/blog\/freibad-als-freiheitsraum-ade\/\">Freibad als Freiheitsraum \u2013 ade<\/a>\u00a0(14.7.2023)<\/li>\n<li><a href=\"https:\/\/www.freiburg-schwarzwald.de\/blog\/in-frankreich-guerre-civile\/\">In Frankreich: Guerre civile<\/a>\u00a0(2.7.2023)<\/li>\n<li><a href=\"https:\/\/www.freiburg-schwarzwald.de\/blog\/arbeit-nachtruhe-vor-party-laerm\/\">Arbeit\/Nachtruhe vor Party\/L\u00e4rm<\/a>\u00a0(19..6.2023)<\/li>\n<li><a href=\"https:\/\/www.freiburg-schwarzwald.de\/blog\/parallelgesellschaften-silvester\/\">Parallelgesellschaften Silvester<\/a>\u00a0(2.1.2023)<\/li>\n<li>Deutschland oberster Bademeister r\u00e4t von Freibadbesuchen ab (22.6.2022)<\/li>\n<li>Partyszene wieder aktiv: Massenschl\u00e4gerei im Berliner Freibad (20.6.2022)<\/li>\n<\/ul>\n<ul>\n<li><a href=\"https:\/\/www.freiburg-schwarzwald.de\/blog\/selbsthilfe\/krise\/gewalt\/krawalle\/\">Krawalle nach Marokko-Belgien 2:1 in Br\u00fcssel<\/a>\u00a0(27,11.2022)<\/li>\n<li><a href=\"https:\/\/www.freiburg-schwarzwald.de\/blog\/regio\/orte\/stuttgart\/\">Stuttgarter Innenstadt an Wochenenden: \u201emigrantisch gepr\u00e4gt \u2026 wie im Affenzirkus\u201c<\/a>\u00a0(26.1.2022)<\/li>\n<li><a href=\"https:\/\/www.freiburg-schwarzwald.de\/blog\/global\/migration\/migrationspolitik\/\">Migrationspolitik: D\u00e4nemark versus Deutschland<\/a>\u00a0(24.1.2022)<\/li>\n<li><a href=\"https:\/\/www.freiburg-schwarzwald.de\/blog\/religion\/islam\/islamisierung\/\">Islam-Terror ist Alltag geworden: 1500 offene Verfahren<\/a>\u00a0(7.9.2021)<\/li>\n<li><a href=\"https:\/\/www.freiburg-schwarzwald.de\/blog\/selbsthilfe\/krise\/gewalt\/ueberfall\/\">Jeden Tag ein \u00dcberfall in Freiburg \u2013 Nicht der Rede wert<\/a>\u00a0(16.9.2021)<\/li>\n<li><a href=\"https:\/\/www.freiburg-schwarzwald.de\/blog\/wiederholt-sich-2015-in-2021\/\">Wiederholt sich 20215 im Jahr 2021?<\/a>\u00a0(6.9.2021)<\/li>\n<li><a href=\"https:\/\/www.freiburg-schwarzwald.de\/blog\/berlin-ehrenmord-kein-femizid\/\">Berlin: Ehrenmord kein Femizid<\/a>\u00a0(11.8.2021)<\/li>\n<li><a href=\"https:\/\/www.freiburg-schwarzwald.de\/blog\/selbsthilfe\/krise\/sexuellermissbrauch\/gruppenvergewaltigung\/\">Gruppenvergewaltigung: Gew\u00f6hnt euch nicht dran!<\/a>\u00a0(6.8.2021)<\/li>\n<li><a href=\"https:\/\/www.freiburg-schwarzwald.de\/blog\/zweierlei-opfer-hanau-wuerzburg\/\">Zweierlei Opfer: Hanau W\u00fcrzburg<\/a>\u00a0(14.7.2021)<\/li>\n<li><a href=\"https:\/\/www.freiburg-schwarzwald.de\/blog\/625-gegen-weitere-migranten\/\">62,5 % gegen weitere Migranten<\/a>\u00a0(23.6.2021)<\/li>\n<li><a href=\"https:\/\/www.freiburg-schwarzwald.de\/blog\/selbsthilfe\/krise\/gewalt\/kriminalstatistik\/\">Jeder zweite Sexualstraft\u00e4ter ist Ausl\u00e4nder<\/a>\u00a0(15.6.2021)<\/li>\n<li><a href=\"https:\/\/www.freiburg-schwarzwald.de\/blog\/global\/afrika\/afrika-exodus\/\">Liebe Afrikaner! Kommt nicht nach Europa!<\/a>\u00a0(2.5.2021)<\/li>\n<li><a href=\"https:\/\/www.freiburg-schwarzwald.de\/blog\/engagement\/zukunft\/demokratie\/tabu\/\">Tabu: Corona ist ein Migrationsproblem<\/a>\u00a0(18.4.2021)<\/li>\n<li><a href=\"https:\/\/www.freiburg-schwarzwald.de\/blog\/selbsthilfe\/krise\/gewalt\/kriminalstatistik\/\">Ausl\u00e4nderkriminalit\u00e4t \u2013 Entwicklung seit 2018 laut PKS<\/a>\u00a0(28.1.2021)<\/li>\n<li><a href=\"https:\/\/www.freiburg-schwarzwald.de\/blog\/bildung\/bildung-integration\/\">Integrationsvergeblichkeit zwischen Gebildeten und Bildungsfernen<\/a>\u00a0(3.1.2021)<\/li>\n<li><a href=\"https:\/\/www.freiburg-schwarzwald.de\/blog\/selbsthilfe\/soziales\/justiz\/polizei\/polizeibeamte\/\">Palmer: Wenn Polizisten berichten: Wie w\u00e4re es mal mit Zuh\u00f6ren?<\/a>\u00a0(12.11.2020)<\/li>\n<li><a title=\"Gewalt gegen Frauen nimmt zu\" href=\"https:\/\/www.freiburg-schwarzwald.de\/blog\/gewalt-gegen-frauen-nimmt-zu\/\">Gewalt gegen Frauen nimmt zu<\/a>\u00a0(15.8.2020)<\/li>\n<li><a title=\"Frauenproteste\" href=\"https:\/\/www.freiburg-schwarzwald.de\/blog\/selbsthilfe\/frauen\/frauenproteste\/\">Umfrage von Plan verschleiert sexuelle Gewalt von Migranten gegen M\u00e4dchen und Frauen<\/a>\u00a0(13.8.2020)<\/li>\n<li><a title=\"Partyszene randaliert in S und F\" href=\"https:\/\/www.freiburg-schwarzwald.de\/blog\/partyszene-randaliert-in-s-und-f\/\">Partyszene randaliert in S und F<\/a>\u00a0(21.7.2020)<\/li>\n<\/ul>\n<p>&nbsp;<\/p>\n<ul>\n<li><\/li>\n<li><a href=\"https:\/\/www.freiburg-schwarzwald.de\/blog\/global\/integration\/fluechtlinge-kriminalitaet\/\">Fluechtlinge-Kriminalitaet<\/a><\/li>\n<li><a href=\"https:\/\/www.freiburg-schwarzwald.de\/blog\/selbsthilfe\/krise\/gewalt\/krawalle\/\">Krawalle<\/a><\/li>\n<li><a href=\"https:\/\/www.freiburg-schwarzwald.de\/blog\/global\/migration\/migration-maenner\/\">Migration-Maenner<\/a><\/li>\n<li><a href=\"https:\/\/www.freiburg-schwarzwald.de\/blog\/regio\/orte\/stuttgart\/\">Stuttgart<\/a><\/li>\n<li><a href=\"https:\/\/www.freiburg-schwarzwald.de\/blog\/selbsthilfe\/krise\/gewalt\/linke-gewalt\/stuttgart16mai2020linkegewalt\/\">Stuttgart16Mai2020LinkeGewalt<\/a><\/li>\n<\/ul>\n<p><strong>Die meisten Migranten leben und arbeiten hier gerne und gewaltfrei<\/strong><br \/>\nDeshalb ist es gerade in ihrem Sinne, die wenigen Gewaltbereiten von ihrem Tun abzubringen. Durch Benennen und Ahnden von Gewalttaten sowie durch Pr\u00e4vention und Aufkl\u00e4rung.<br \/>\n.<br \/>\n<strong>Rainer Wendt zum T\u00e4ter-Hintergrund<\/strong><br \/>\nChef der Deutschen Polizeigewerkschaft, Rainer Wendt, hat der Politik vorgeworfen, klare Aussagen \u00fcber den T\u00e4ter-Hintergrund der sog. Partyszene zu verweigern:<br \/>\n\u201eDie Politik scheut die Debatte um diese jungen M\u00e4nner, die meisten mit Migrationshintergrund.\u201c<br \/>\nRainer Wendt, Chef der Deutschen Polizeigewerkschaff<br \/>\n==============================================================<\/p>\n<p>.<\/p>\n<p><strong>Deutschland oberster Bademeister r\u00e4t von Freibadbesuchen ab<\/strong><br \/>\n<strong>\u201eIch w\u00fcrde mit meinen drei Enkeln nicht ins Freibad gehen&#8220;<\/strong><br \/>\n<strong>Deutschlands oberster Bademeister nach Massenschl\u00e4gerei<\/strong><br \/>\nSonntag, 16.30 Uhr in Berlin: Rund hundert junge M\u00e4nner, \u00fcberwiegend mit <a href=\"https:\/\/www.freiburg-schwarzwald.de\/blog\/global\/migration\/migrationshintergrund\/\">Migrationshintergrund<\/a>, pr\u00fcgeln sich im \u201eSommerbad am Insulaner\u201c. Schl\u00e4ge, Tritte, zu f\u00fcnft auf einen \u2013 selbst ein am Boden liegender Mann wird weiter attackiert. &#8230;.<br \/>\n\u201eDiese Bilder ersch\u00fcttern mich. Wenn ich das sehe, graut es mir. Diese Personen, die ich dort sehe, haben keinen Respekt vor den Leuten. Das kann so nicht weitergehen. Die Badbetreiber m\u00fcssen aktiver werden und ihr Publikum besser aussuchen\u201c, sagt Peter Harzheim vom Bundesverband deutscher Schwimmmeister bei BILD TV. Er w\u00fcnsche sich au\u00dferdem mehr Unterst\u00fctzung vonseiten der Politik und h\u00e4rteres Durchgreifen der Polizei. \u201eEs kann nicht sein, dass die Menschen, die dort Straftaten begehen, nach zwei Stunden wieder freigelassen werden\u201c, so Harzheim. \u201eDie Politik verschlie\u00dft die Augen vor den Problemen und l\u00e4sst uns im Stich.\u201c Der Migrationshintergrund einiger T\u00e4ter d\u00fcrfe nicht dazu f\u00fchren, dass man das Problem nicht thematisiere. Aktuell k\u00f6nne er Familien nicht mehr guten Gewissens empfehlen, am Wochenende ins Freibad zu gehen, sagt ganz klar: \u201eIch habe selbst drei kleine Enkelkinder \u2013 wenn ich mit denen da hereingehen w\u00fcrde, w\u00fcrde ich schlicht unverantwortlich handeln!\u201c<br \/>\n&#8230;. Alles vom 22.6.2022 bitte lesen auf<br \/>\n<a href=\"https:\/\/www.bild.de\/news\/inland\/news-inland\/massen-schlaegerei-in-freibad-chef-bademeister-redet-klartext-80478132.bild.html\">https:\/\/www.bild.de\/news\/inland\/news-inland\/massen-schlaegerei-in-freibad-chef-bademeister-redet-klartext-80478132.bild.html<\/a><br \/>\n.<br \/>\n<strong>Oben ohne in Freib\u00e4dern? Ja, bitte! Besser kann man nicht demonstrieren, dass bedingungslose Zuwanderung und westliche Offenheit nicht funktionieren<\/strong><br \/>\nSeit der Fl\u00fcchtlingskrise 2015 kam es zudem vermehrt zu sexuellen \u00dcbergriffen in B\u00e4dern durch Zuwanderer. Lustige Erkl\u00e4rbildchen gerieten in Umlauf, auf denen man den jungen M\u00e4nnern erkl\u00e4rte, dass man Frauen nicht einfach anfassen darf \u2013 Willkommen im Westen.<br \/>\n\u00abUnd nun das?\u00bb, fragen sich daher viele. \u00abWill man es den Typen noch einfacher machen? Noch weiter provozieren?\u00bb<br \/>\n<a href=\"https:\/\/twitter.com\/i\/status\/1538813556547788800\">https:\/\/twitter.com\/i\/status\/1538813556547788800<\/a><br \/>\nIch teile die Skepsis nicht. Der Vorstoss ist Weltklasse. Muslimische Pr\u00fcderie trifft auf offenherzige Gleichberechtigung, auf Deutschland 2022. Und das auf ganz engem Raum.<br \/>\nBesser kann man nicht demonstrieren, dass man als Gesellschaft entweder bedingungslose Zuwanderung oder westliche Freiheit haben kann.<br \/>\nWetten, dass das nicht zusammenpasst?<br \/>\n&#8230; Alles vom 21.6.2022 bitte lesen auf<br \/>\n<a href=\"https:\/\/weltwoche.ch\/daily\/oben-ohne-in-freibaedern-ja-bitte-besser-kann-man-nicht-demonstrieren-dass-bedingungslose-zuwanderung-und-westliche-offenheit-nicht-funktioniert\/\">https:\/\/weltwoche.ch\/daily\/oben-ohne-in-freibaedern-ja-bitte-besser-kann-man-nicht-demonstrieren-dass-bedingungslose-zuwanderung-und-westliche-offenheit-nicht-funktioniert\/<\/a><\/p>\n<p>&nbsp;<\/p>\n<p><strong>Partyszene wieder aktiv: Massenschl\u00e4gerei im Berliner Freibad<\/strong><br \/>\n<strong>Auch Messerstechereien<\/strong><br \/>\n&#8230; Am Nachmittag musste die Berliner Polizei am Sonntag zu der Massenschl\u00e4gerei in das Steglitzer Schwimmbad \u201eInsulaner\u201c ausr\u00fccken. 13 Funkwagen und Teile einer Einsatzhundertschaft mussten anr\u00fccken; es kam zu mehreren Festnahmen und mehreren Verletzten. Ausl\u00f6ser f\u00fcr die Kulmination der Aggression war nichts geringeres als ein Bespritzen mit Wasserpistolen. Im Internet kursieren Bilder der Eskalation \u2013 anzusehen hier.<br \/>\n<a href=\"https:\/\/gettr.com\/post\/p1eyd5ece9c\">https:\/\/gettr.com\/post\/p1eyd5ece9c<\/a><br \/>\n\u201eNach bisherigem Kenntnisstand sollen sich gegen 16.25 Uhr zun\u00e4chst zwei Gruppen, bestehend aus vier und zehn Personen, spa\u00dfig mit Wasserpistolen bespritzt haben. Dann soll sich zun\u00e4chst eine verbale und anschlie\u00dfend eine k\u00f6rperliche Auseinandersetzung entwickelt haben\u201c, sagte eine Polizeisprecherin der Berliner Zeitung. Und weiter: \u201eAls das dortige Sicherheitspersonal einschritt, um zu schlichten, soll die Lage eskaliert sein und sich schlie\u00dflich etwa die einhundert Personen an der Auseinandersetzung beteiligt haben\u201c.<br \/>\nEin weiterer Tatverd\u00e4chtiger gab laut dem Blatt an, von einem Unbekannten mit einem <a href=\"https:\/\/www.freiburg-schwarzwald.de\/blog\/selbsthilfe\/soziales\/justiz\/messerstecher\/\">Messer<\/a> angegriffen und am Oberarm verletzt worden zu sein. Er erlitt Schnittwunden und musste ins Krankenhaus gebracht werden. Den Angaben zufolge wurde eine weitere Person vom selben Mann mit einem Messer an der Schulter verletzt.<br \/>\n<a href=\"https:\/\/twitter.com\/i\/status\/1538813556547788800\">https:\/\/twitter.com\/i\/status\/1538813556547788800<\/a><br \/>\n&#8230; Alles vom 20.6.2022 bitte lesen auf<br \/>\n<a href=\"https:\/\/reitschuster.de\/post\/partyszene-wieder-aktiv-massenschlaegerei-im-berliner-freibad\">https:\/\/reitschuster.de\/post\/partyszene-wieder-aktiv-massenschlaegerei-im-berliner-freibad<\/a>\/<br \/>\n<a href=\"https:\/\/www.berliner-zeitung.de\/news\/berlin-massenschlaegerei-nach-spritzerei-mit-wasserpistolen-li.238276\">https:\/\/www.berliner-zeitung.de\/news\/berlin-massenschlaegerei-nach-spritzerei-mit-wasserpistolen-li.238276<\/a><\/p>\n<p>Einige Kommentare:<br \/>\n<strong>Das Freibad am Insulaner ist das Bad meiner Kindheit und Jugendzeit.<\/strong> Damals gab es praktisch kaum <a href=\"https:\/\/www.freiburg-schwarzwald.de\/blog\/global\/migration\/migrantifa\/\">Migranten<\/a> und nie Probleme. Die begangen erst so um die Jahrtausendwende. Damals wurden immer wieder Schr\u00e4nke aufgebrochen. Au\u00dferdem gab es in den Duschen die eine oder andere Handgreiflichkeit. Diebst\u00e4hle waren an der Tagesordnung. Ich habe das Bad dann ab 2005 komplett gemieden. Wenn man im Sommer dort vorbeif\u00e4hrt, stehen wie in Kreuzberg einige Polizei-Mannschaftswagen vor dem Bad. Es lohnt sich nicht mehr f\u00fcr die Beamten wegzufahren, weil st\u00e4ndig Einsatzbedarf besteht. Alle Freib\u00e4der in Berlin sind f\u00fcr Deutsche komplett unbenutzbar geworden. \u00dcberall vor dem Schwimmen Taschenkontrollen auf Waffen und Drogen, wie an einem Flugplatz. Sicherheitsschleusen vor dem Betreten eines Bades, v\u00f6llig irre. Am Stadtrand gibt es das noch nicht, z. B. in Kleinmachnow. Dort sind die wohlhabenden Biodeutschen unter sich. Noch. Oder eben, was ich heute mache, man f\u00e4hrt zu einem See im Umland und kann dort wie vor 30 Jahren in Ruhe baden. Meiner Meinung nach sollte man langsam mal die Rei\u00dfleine ziehen und die B\u00e4der in Berlin schlie\u00dfen. Die Neub\u00fcrger verstehen das Konzept eines Bades schlicht nicht. Es geht nicht um Raub, sexuelle Bel\u00e4stigung und hormongesteuerte Randale, sondern um das Baden und Sonnen. Einfach ganz friedlich. Und das ist schon lange nicht mehr m\u00f6glich. Ich denke, sp\u00e4testens in 5 Jahren werden s\u00e4mtliche Freib\u00e4der in Berlin sowieso alle dicht sein. Es wird Zeit, sich bzgl. gescheiterter Migration mal ehrlich zu machen.<br \/>\n20.6.2022, Sun<\/p>\n<p><strong>Die Migration bzw. Integration ist nicht <a href=\"https:\/\/www.freiburg-schwarzwald.de\/blog\/global\/integration\/integration-gescheitert\/\">gescheitert<\/a>.<\/strong><br \/>\nEs war nie geplant, diese extrem gegens\u00e4tzlichen Kulturen zu integrieren. Ab einer gewissen Quote (ab ca. 10% Bev\u00f6lkerungsanteil) funktioniert sowieso keine Integration mehr. Die angelockten Migranten wandern sofort in die sich automatisch entwickelnden Parallelgesellschaften und leben einfach ihre Kultur weiter. Und je dominierender die werden, umso mehr verdr\u00e4ngen die unsere Kultur.<br \/>\nNichts geschieht zuf\u00e4llig. Weshalb wurde wohl dieser alberne Asylparagraph ins GG eingef\u00fchrt? Das gibt es sonst nirgends, und Asyl funktioniert weltweit trotzdem. Die Antwort: Das ist eine Hintert\u00fcr, die uns zwingt, jeden, der auch nur Asyl stottern kann, rein zu lassen. Weshalb wohl wurden massenhaft t\u00fcrkische Gastarbeiter hier eingeschleust, dazu noch aus dem total r\u00fcckst\u00e4ndigen Anatolien? Weil die am inkompatibelsten sind zu unserer abendl\u00e4ndischen Kultur. Weshalb wohl wurden in Burka L\u00e4ndern, wie Afghanistan, Pakistan heimlich Werbekampagnen mit allen m\u00f6glichen Versprechungen gestartet, um die Muslime nach Deutschland zu locken? Weil die mit ihrem Steinzeitislam kaum integrierbar sind.<br \/>\nDas hat alles System. Man erinnere nur an die Deutschenhasser Morgenthau, Hooton, Kaufman (Germany must perish). Es steht alles geschrieben.<br \/>\nUnd nein, unser Regime denkt nicht im Traum daran, ihren Eid zu erf\u00fcllen, und Schaden von DE abzuwenden. Das Gegenteil ist der Fall.<br \/>\n20..2022, T.S.<\/p>\n<p><strong>Unsere degenerierte Gesellschaft ist vollkommen unf\u00e4hig<\/strong> ,<br \/>\nsich in der eigene Heimat gegen ausl\u00e4ndische Jugendliche durchzusetzen, aber spielt sich mit dem Gedanken gegen Russen anstinken zu wollen.<br \/>\nL\u00e4cherlich und erb\u00e4rmlich, anders kann man das nicht nennen.<br \/>\n20.6.2022, Ger<\/p>\n<p><strong>Nun stelle man sich vor, die Security w\u00e4ren nicht \u00fcberwiegend muslimisch.<\/strong> Bei deutschen Sicherheitskr\u00e4ften wird sofort angegriffen&#8230;und zwar aus Respektlosigkeit und Hass gegen alles Deutsche! Wenn diese Leute erst einmal in den St\u00e4dten die Mehrheit stellen, dann wird alles nach deren Regeln laufen!<br \/>\n20.6.2022, B.Sch<\/p>\n<p><strong>Als Kind bin ich h\u00e4ufig ohne Begleitung zum Insulaner Schwimmen gegangen.<\/strong> Ohne Angst haben mich meine Eltern dorthin gehen lassen, da es ja Bademeister gab. Wenn ich die Bilder des Zwischenfalls sehe, dann besteht das Badepublikum \u00fcberwiegend aus jungen Migrationsm\u00e4nnern und die Bademeister wurden durch muskelbepackte Ordnungkr\u00e4fte ersetzt. Wir leben jetzt in Deutsch-Migrantistan und die unbeschwerte Lebensfreude wurde abgeschafft.<br \/>\n20.6.2022, R.St.<\/p>\n<p><strong>Europa wird der neue Gaza Streifen.<\/strong><br \/>\nSo meine lieben deutschen Mitb\u00fcrger wollen wir mal bisschen Klartext reden?<br \/>\nIch kann euch sagen, dass ich auch entsetzt w\u00e4re, wenn mein Land vor die Hunde geht. Selbst ich als T\u00fcrke in Berlin geboren meide es mich dort aufzuhalten wo viele Migranten sind. Einfach zu dreckig und Stress an jeder Ecke wenn man es drauf ankommen l\u00e4sst.<br \/>\nDa k\u00f6nnt ihr euch bei den fake deutschen Politiker bedanken. Die w\u00fcrden f\u00fcr Israel sterben aber nicht f\u00fcr deutschland. Die afd scheint eure letzte Hoffnung zu sein aber bitte gro\u00dfe Vorsicht der Schein tr\u00fcgt.<br \/>\nEuropa wird der neue Gaza Streifen. Merkt ihr schon langsam oder?<br \/>\nWir in Deutschland werden noch richtig leiden. Traurig aber wahr<br \/>\n20.6.2022, Bra<\/p>\n<p><strong>Berlin ist das deutsche Testlabor f\u00fcr die links-lila-gr\u00fcne Ideologie.<\/strong><br \/>\nWas an dieser Ideologie nicht passt, wird einfach passend gemacht. Herkunft und Aufenthaltsstatus werden gerne verkl\u00e4rt, wenn es sich z. B. um wiederholt kriminelle Migranten handelt, die nur &#8222;geduldet&#8220; sind und trotz wiederholter Straftaten nicht abgeschoben werden.<br \/>\nMal sehen, wie Berlins Regierende B\u00fcrgermeisterin Giffey und Innenministerin Faeser aus den kriminellen Messerstechern des Freibades Opfer der herkunftsdeutschen Berliner B\u00fcrgerschaft machen&#8230;<br \/>\n20.6.2022, D.S.<br \/>\nEnde Kommentare<\/p>\n<p>&nbsp;<\/p>\n","protected":false},"excerpt":{"rendered":"<p>Home &gt;Krise\u00a0&gt;Gewalt\u00a0&gt;Polizei\u00a0&gt;Linke-Gewalt &gt;Strassenschlacht &gt;Partyszene Sylt-Party dominiert die Medien\u00a0(26.5.2024) Orientalisch gepr\u00e4gte m\u00e4nnliche Dominanz\u00a0(27.7.2023) Freibad als Freiheitsraum \u2013 ade\u00a0(14.7.2023) In Frankreich: Guerre civile\u00a0(2.7.2023) Arbeit\/Nachtruhe vor Party\/L\u00e4rm\u00a0(19..6.2023) Parallelgesellschaften Silvester\u00a0(2.1.2023) Deutschland oberster Bademeister r\u00e4t von Freibadbesuchen ab (22.6.2022) Partyszene wieder aktiv: Massenschl\u00e4gerei im Berliner &hellip; <a href=\"https:\/\/www.freiburg-schwarzwald.de\/blog\/selbsthilfe\/krise\/gewalt\/partyszene\/\">Weiterlesen <span class=\"meta-nav\">&rarr;<\/span><\/a><\/p>\n","protected":false},"author":2,"featured_media":0,"parent":8837,"menu_order":0,"comment_status":"closed","ping_status":"closed","template":"","meta":{"footnotes":""},"class_list":["post-101935","page","type-page","status-publish","hentry"],"_links":{"self":[{"href":"https:\/\/www.freiburg-schwarzwald.de\/blog\/wp-json\/wp\/v2\/pages\/101935","targetHints":{"allow":["GET"]}}],"collection":[{"href":"https:\/\/www.freiburg-schwarzwald.de\/blog\/wp-json\/wp\/v2\/pages"}],"about":[{"href":"https:\/\/www.freiburg-schwarzwald.de\/blog\/wp-json\/wp\/v2\/types\/page"}],"author":[{"embeddable":true,"href":"https:\/\/www.freiburg-schwarzwald.de\/blog\/wp-json\/wp\/v2\/users\/2"}],"replies":[{"embeddable":true,"href":"https:\/\/www.freiburg-schwarzwald.de\/blog\/wp-json\/wp\/v2\/comments?post=101935"}],"version-history":[{"count":5,"href":"https:\/\/www.freiburg-schwarzwald.de\/blog\/wp-json\/wp\/v2\/pages\/101935\/revisions"}],"predecessor-version":[{"id":135716,"href":"https:\/\/www.freiburg-schwarzwald.de\/blog\/wp-json\/wp\/v2\/pages\/101935\/revisions\/135716"}],"up":[{"embeddable":true,"href":"https:\/\/www.freiburg-schwarzwald.de\/blog\/wp-json\/wp\/v2\/pages\/8837"}],"wp:attachment":[{"href":"https:\/\/www.freiburg-schwarzwald.de\/blog\/wp-json\/wp\/v2\/media?parent=101935"}],"curies":[{"name":"wp","href":"https:\/\/api.w.org\/{rel}","templated":true}]}}