{"id":10188,"date":"2012-08-31T21:45:15","date_gmt":"2012-08-31T19:45:15","guid":{"rendered":"https:\/\/www.freiburg-schwarzwald.de\/blog\/?page_id=10188"},"modified":"2026-04-13T14:36:31","modified_gmt":"2026-04-13T12:36:31","slug":"ausland","status":"publish","type":"page","link":"https:\/\/www.freiburg-schwarzwald.de\/blog\/global\/ausland\/","title":{"rendered":"Ausland"},"content":{"rendered":"<p><a href=\"https:\/\/www.freiburg-schwarzwald.de\/blog\">Home<\/a> &gt;<a title=\"Global\" href=\"https:\/\/www.freiburg-schwarzwald.de\/blog\/global\/\">Global<\/a> &gt;<a href=\"https:\/\/www.freiburg-schwarzwald.de\/blog\/global\/migration\/auswanderung\/\">Auswanderung<\/a> &gt;Ausland<\/p>\n<div id=\"attachment_682\" style=\"width: 610px\" class=\"wp-caption alignnone\"><a href=\"https:\/\/www.freiburg-schwarzwald.de\/blog\/kultur\/medien\/schmittenbach2pan-080210\/\" rel=\"attachment wp-att-682\"><img loading=\"lazy\" decoding=\"async\" aria-describedby=\"caption-attachment-682\" class=\"size-full wp-image-682\" title=\"schmittenbach2pan-080210\" src=\"https:\/\/www.freiburg-schwarzwald.de\/blog\/wp-content\/uploads\/2012\/04\/schmittenbach2pan-080210.jpg\" alt=\"\" width=\"600\" height=\"170\" srcset=\"https:\/\/www.freiburg-schwarzwald.de\/blog\/wp-content\/uploads\/2012\/04\/schmittenbach2pan-080210.jpg 600w, https:\/\/www.freiburg-schwarzwald.de\/blog\/wp-content\/uploads\/2012\/04\/schmittenbach2pan-080210-180x51.jpg 180w\" sizes=\"auto, (max-width: 600px) 100vw, 600px\" \/><\/a><p id=\"caption-attachment-682\" class=\"wp-caption-text\">Blick vom Schmittenbach nach S\u00fcden \u00fcber St.Peter zu Feldberg (links) und Schauinsland (rechts) am 10.2.2008<\/p><\/div>\n<p>&nbsp;<\/p>\n<p><strong>Auslandsjob, Praktikum, Austausch, &#8230;.<\/strong><\/p>\n<ul>\n<li><em>Listenauswahl eines Beitrags (Artikel\/Datum, Seite\/Inhalt): <span style=\"text-decoration: underline;\">Klicken<\/span> oder scrollen<\/em><\/li>\n<li><a href=\"https:\/\/www.freiburg-schwarzwald.de\/blog\/auswandern-da-planwirtschaft\/\">Auswandern, da Planwirtschaft<\/a>\u00a0(13.4.2026)<\/li>\n<li><a href=\"https:\/\/www.freiburg-schwarzwald.de\/blog\/blick-von-usa-f-und-israel-auf-d\/\">Blick von USA, F und Israel auf D<\/a>\u00a0(15.8.2025)<\/li>\n<li><a href=\"https:\/\/www.freiburg-schwarzwald.de\/blog\/global\/integration\/auslaenderkriminalitaet\/\">Kriminalit\u00e4tsraten 2023: Afghanen, Syrer, Iraker, Chinesen<\/a>\u00a0(26.6.2024)<\/li>\n<li><a href=\"https:\/\/www.freiburg-schwarzwald.de\/blog\/auch-die-basf-verlaesst-das-land\/\">Auch die BASF verl\u00e4sst das Land<\/a>\u00a0(23.5.2024)<\/li>\n<li><a href=\"https:\/\/www.freiburg-schwarzwald.de\/blog\/business\/industrie\/produktionsverlagerung\/\">Industrie wandert ab: \u201eDer Kipp-Punkt ist erreicht worden, es beginnt\u201c<\/a>\u00a0(8.4.2024)<\/li>\n<li><a href=\"https:\/\/www.freiburg-schwarzwald.de\/blog\/business\/industrie\/mittelstand\/unternehmer-ins-ausland\/\">Auswandern? Nur f\u00fcr die Oberschicht ratsam<\/a>\u00a0(16.3.2023)<\/li>\n<li><a href=\"https:\/\/www.freiburg-schwarzwald.de\/blog\/woher-kommen-sie\/\">Woher kommen Sie<\/a> (2.1.2023)<\/li>\n<li><a href=\"https:\/\/www.freiburg-schwarzwald.de\/blog\/engagement\/zukunft\/demokratie\/demokratie-export\/\">In Afghanistan begr\u00e4bt der Westen seinen Wahn vom Demokratie-Export<\/a>\u00a0(18.8.2021)<\/li>\n<li>Die deutsche \u00dcberheblichkeit &#8211; auch bei Aussenminister Maas (23.11.2018)<\/li>\n<li><a href=\"https:\/\/www.freiburg-schwarzwald.de\/blog\/benefizkonzert-afs-costa-rica\/\">https:\/\/www.freiburg-schwarzwald.de\/blog\/benefizkonzert-afs-costa-rica\/<\/a>\u00a0(17.11.2013)<\/li>\n<li><a href=\"https:\/\/www.freiburg-schwarzwald.de\/blog\/asf-brasilien-kirchzarten\/\">https:\/\/www.freiburg-schwarzwald.de\/blog\/asf-brasilien-kirchzarten\/<\/a>\u00a0(31.8.2012)<\/li>\n<li><a href=\"https:\/\/www.freiburg-schwarzwald.de\/ausland.htm#Internationales Work-Camp des IGB in Kirchzarten\">Internationales Work-Camp des IGB in Kirchzarten<\/a> &gt;Ausland (17.9.2010)<\/li>\n<li><a href=\"https:\/\/www.freiburg-schwarzwald.de\/jung3.htm#F\u00f6rderkreis Ferienzentren: F\u00f6Fe organisiert wieder Jugendcamps\">F\u00f6rderkreis Ferienzentren: F\u00f6Fe organisiert wieder Jugendcamps<\/a> &gt;Jung3 (12.3.2010)<\/li>\n<li><a href=\"https:\/\/www.freiburg-schwarzwald.de\/ausland.htm#Erasmus: EU-Stipendien f\u00fcr Studium oder Praktikum im Ausland nehmen zu\">Erasmus: EU-Stipendien f\u00fcr Studium oder Praktikum im Ausland nehmen zu<\/a> &gt;Ausland (2.7.)<\/li>\n<li><a href=\"https:\/\/www.freiburg-schwarzwald.de\/kapitalanlage.htm#Bauminvest ? Das Geld w\u00e4chst aus der Wurzel\">Bauminvest \u2013 Das Geld w\u00e4chst aus der Wurzel<\/a> &gt;Kapitalanlage (8.4.2010)<\/li>\n<li><a href=\"https:\/\/www.freiburg-schwarzwald.de\/afghanistan.htm#Zivi aus Staufen 2,5 Jahre f\u00fcr Operation Mercy in Afghanistan\">Zivi aus Staufen 2,5 Jahre f\u00fcr Operation Mercy in Afghanistan<\/a> &gt;Afghanistan (25.3.2010)<\/li>\n<li><a href=\"https:\/\/www.freiburg-schwarzwald.de\/ausland.htm#Schallstadter Abiturientinnen Hanna Baumeister und Anja Pro\u00df nach Indien\">Schallstadter Abiturientinnen Hanna Baumeister und Anja Pro\u00df nach Indien<\/a> &gt;Ausland (18.8.09)<\/li>\n<li><a href=\"https:\/\/www.freiburg-schwarzwald.de\/ausland.htm#Das deutsche Image ist im Ausland blass\">Das deutsche Image ist im Ausland blass<\/a> (12.8.2009)<\/li>\n<li><a href=\"https:\/\/www.freiburg-schwarzwald.de\/korruption.htm#Korruption und Entwicklungshilfe: Kick-back, Social auditing\">Korruption und Entwicklungshilfe: Kick-back, Social auditing<\/a> &gt;Korruption (21.7.2009)<\/li>\n<li><a href=\"https:\/\/www.freiburg-schwarzwald.de\/ausland.htm#Zwei Jahre lang alleine durch Australien reisen\">Zwei Jahre lang alleine durch Australien reisen<\/a> &gt;Ausland (3.1.2009)<\/li>\n<li><a href=\"https:\/\/www.freiburg-schwarzwald.de\/littenweiler\/bachpaten.htm#Jugendliche aus den USA bringen die Freiburger Natur auf Vordermann\">Jugendliche aus den USA bringen die Freiburger Natur auf Vordermann<\/a> &gt;Bachpaten (17.7.2008)<\/li>\n<li><a href=\"https:\/\/www.freiburg-schwarzwald.de\/familie3.htm#AFS sucht Gastfamilien f\u00fcr Sch\u00fcler aus aller Welt ab September\">AFS sucht Gastfamilien f\u00fcr Sch\u00fcler aus aller Welt ab Septembe<\/a>r &gt;Familie3 (5.7.2008)<\/li>\n<li><a href=\"https:\/\/www.freiburg-schwarzwald.de\/ausland.htm#Europ\u00e4ischer Freiwilligendienst EFD - Jugendliche von 16 bis 30\">Europ\u00e4ischer Freiwilligendienst EFD &#8211; Jugendliche von 16 bis 30<\/a> &gt;Ausland (17.6.2008)<\/li>\n<li><a href=\"https:\/\/www.freiburg-schwarzwald.de\/ausland.htm#American Field Service (AFS) in Freiburg sucht Gasteltern\">American Field Service (AFS) in Freiburg sucht Gasteltern<\/a> &gt;Ausland (3.3.2008)<\/li>\n<li><a href=\"https:\/\/www.freiburg-schwarzwald.de\/einewelt5.htm#Michael Veeck hilft idem-network.org ehrenamtlich in Afrika\">idem-network.org &#8211; ehrenamtliche Jugendworkcamps in Afrika<\/a> &gt;EineWelt5 (13.9.2007)<\/li>\n<li><a href=\"https:\/\/www.freiburg-schwarzwald.de\/praktikum.htm#Auslandserfahrung nach der Schule - \u00dcbersicht\">Auslandserfahrung nach der Schule &#8211; \u00dcbersicht<\/a> &gt;Praktikum (5.9.2007)<\/li>\n<li><\/li>\n<li><strong><a href=\"https:\/\/www.freiburg-schwarzwald.de\/ausland.htm\">www.freiburg-schwarzwald.de\/ausland.htm<\/a> &gt;Archivseite Ausland<\/strong><\/li>\n<li><a href=\"https:\/\/www.freiburg-schwarzwald.de\/ausland.htm#Academic Year in Freiburg (AYF) - Auslandsjahr f\u00fcr US-Studenten\">Academic Year in Freiburg (AYF) &#8211; Auslandsjahr f\u00fcr US-Studenten<\/a><\/li>\n<li>Aiesec Freiburg \u2013 Gr\u00f6\u00dfte internationale Studentenorganisation<\/li>\n<li>Amntena &#8211; Freiwilligendienst in S\u00fcdamerika<\/li>\n<li><a href=\"https:\/\/www.freiburg-schwarzwald.de\/ausland.htm#Australien: Study, Work and Travel\">Australien: Study, Work and Travel<\/a><\/li>\n<li><a href=\"https:\/\/www.freiburg-schwarzwald.de\/ausland.htm#Au pair - G\u00fctegemeinschaft\">Au pair &#8211; G\u00fctegemeinschaft &#8211; AMS<\/a><\/li>\n<li><a href=\"https:\/\/www.freiburg-schwarzwald.de\/littenweiler\/job.htm\">Arbeit und Jobs bei uns konkret<\/a> &gt;Freiburg-Dreisamtal.de\/Job<\/li>\n<li><a href=\"https:\/\/www.freiburg-schwarzwald.de\/blog\/global\/integration\/auslaenderkriminalitaet\/\">Auslaenderkriminalitaet<\/a><\/li>\n<li><a href=\"https:\/\/www.freiburg-schwarzwald.de\/berufspaten.htm\">Berufspatenschaften f\u00fcr Jugendliche<\/a> &gt;Berufspaten<\/li>\n<li><a href=\"https:\/\/www.freiburg-schwarzwald.de\/blog\/engagement\/zukunft\/demokratie\/demokratie-export\/\">Demokratie-Export<\/a><\/li>\n<li><a href=\"https:\/\/www.freiburg-schwarzwald.de\/zivi.htm\">Ersatzdienst und Zivildienst<\/a> &gt;Zivi<\/li>\n<li><a title=\"Freiwillig\" href=\"https:\/\/www.freiburg-schwarzwald.de\/blog\/engagement\/freiwillig\/\">Freiwilligendienst<\/a> &gt;Freiwillig<\/li>\n<li><a href=\"https:\/\/www.freiburg-schwarzwald.de\/fsj.htm\">Freiwilliges Soziales Jahr<\/a> &gt;FSJ<\/li>\n<li><a href=\"https:\/\/www.freiburg-schwarzwald.de\/zivi.htm#FJS-ADiA.de - Zivildienst im Ausland\">FJS-ADiA.de &#8211; Zivildienst im Ausland<\/a> &gt;Zivi<\/li>\n<li><a href=\"https:\/\/www.freiburg-schwarzwald.de\/ausland.htm#ICJA Freiwilligenaustausch\">ICJA Freiwilligenaustausch<\/a><\/li>\n<li><a href=\"https:\/\/www.freiburg-schwarzwald.de\/korruption.htm\">Korruption<\/a> &gt;Korruption<\/li>\n<li><a href=\"https:\/\/www.freiburg-schwarzwald.de\/blog\/business\/industrie\/produktionsverlagerung\/\">Produktionsverlagerung<\/a><\/li>\n<li><a title=\"SCI\" href=\"https:\/\/www.freiburg-schwarzwald.de\/blog\/engagement\/freiwillig\/sci\/\">SCI &#8211; Service Civil\u00a0International<\/a> &gt;SCI<\/li>\n<li><a href=\"https:\/\/www.freiburg-schwarzwald.de\/blog\/business\/industrie\/mittelstand\/unternehmer-ins-ausland\/\">Unternehmer-ins-Ausland<\/a><\/li>\n<li>Wegweiser-Freiwilligenarbeit.com<\/li>\n<li><a href=\"https:\/\/www.freiburg-schwarzwald.de\/ausland.htm#Weltw\u00e4rts in die Berufswelt - neue Freiwilligendienste\">Weltw\u00e4rts in die Berufswelt &#8211; neue Freiwilligendienste<\/a><\/li>\n<li><a href=\"https:\/\/www.freiburg-schwarzwald.de\/wirtschaft-schule.htm\">Wirtschaft und Schule<\/a> &gt;Wirtschaft-Schule<\/li>\n<li><a href=\"https:\/\/www.freiburg-schwarzwald.de\/ausland.htm#Links\">Links<\/a><\/li>\n<\/ul>\n<p><em>\u201eDie Neigung, sich f\u00fcr fremde Nationalit\u00e4ten und Nationalbestrebungen zu begeistern, auch dann, wenn dieselben nur auf Kosten des eigenen Vaterlandes verwirklich werden k\u00f6nnen, ist eine politische Krankheit, deren geographische Verbreitung sich leider auf Deutschland beschr\u00e4nkt.\u201c (Otto von Bismarck)<br \/>\n<\/em>==========================================================<\/p>\n<p>.<br \/>\n<strong>Die deutsche \u00dcberheblichkeit &#8211; auch bei Aussenminister Maas<\/strong><br \/>\nDer gemeinsame Nenner ist die unglaubliche deutsche \u00dcberheblichkeit. Der politische Slogan &#8222;Am deutschen Wesen mag die Welt genesen&#8220;, den Emanuel Geibel 1861 in die Welt gesetzt hat, wurde von Theodor Heuss explizit zur\u00fcckgenommen. Heute scheint er in den K\u00f6pfen vieler Deutscher leider wieder ein Leitmotiv darzustellen, mit dem betr\u00fcblichen Unterschied, dass sie es nicht einmal wissen&#8230;..<br \/>\nMich hat <a title=\"Konstanz moralischer als Lodi?\" href=\"https:\/\/www.freiburg-schwarzwald.de\/blog\/konstanz-moralischer-als-lodi\/\">der Fall Lodi<\/a> an manches erinnert, in erster Linie aber an die Berichterstattung \u00fcber Myanmar und die \u201cRohingyas\u201d, sowie j\u00fcngst an China und seine Uighuren. Die hiesige Presse wei\u00df genau, was in Myanmar los ist und wer die B\u00f6sen sind. Keine Frage. Details, die man durchaus in der internationalen Presse nachsehen kann, interessieren nicht. \u00c4hnlich die Uighuren. Au\u00dfenminister Maas war gerade in China und hat sich mit seinen eingelernten Spr\u00fcchlein \u00fcber die Menschenrechte (\u201eMit Umerziehungslagern k\u00f6nnen wir uns nicht abfinden\u201c) vermutlich nicht einmal unbeliebt sondern allenfalls l\u00e4cherlich gemacht. Welche L\u00e4nder u.a. zu dem uighurischen autonomen Gebiet Xinjiang Anrainer sind, d\u00fcrfte vielen von den links-gr\u00fcnen Besserwissern, die Maas zujubeln, gar nicht bekannt sein: Pakistan, Afghanistan, Tadschikistan, Kirgisistan, Kasachstan, und last not least der Unruheherd Kaschmir, alles wunderbare Orte, in denen der islamische Fundamentalismus bl\u00fcht und gedeiht. Mit der Politik eines Heiko Maas w\u00e4re wohl Xinjiang schon bald kein Teil der Volksrepublik China mehr.<br \/>\n&#8230;. Alles vom 22.11.2018 bitte lesen auf<br \/>\n<a href=\"https:\/\/www.tichyseinblick.de\/meinungen\/lodi-und-konstanz-staedtepartnerschaft-am-ende\/\">https:\/\/www.tichyseinblick.de\/meinungen\/lodi-und-konstanz-staedtepartnerschaft-am-ende\/<\/a><br \/>\n.<br \/>\n<em>Josef Bayer ist Professor f\u00fcr Allgemeine und Germanistische Sprachwissenschaft <\/em><br \/>\n<em>an der Universit\u00e4t Konstanz.<br \/>\n<\/em>\u00a0.<br \/>\n<strong>Deutsche Aussenpolitik als T\u00fcr\u00f6ffner f\u00fcr China<\/strong><br \/>\nZu Maas und China: Maas und Konsorten sind nicht nur in Deutschland und Europa der entscheidende T\u00fcr\u00f6ffner f\u00fcr den Islam, sondern auch weltweit dort, wo er noch nicht Fu\u00df fassen konnte. Dabei bedienen sie sich in verlogener Absicht des Narrativs der Verletzung der Menschenrechte, um einer menschenrechtsfeindlichen Ideologie (Islam) den weltweiten Weg zu bereiten.<br \/>\nWir erinnern uns: Maas ist der, der sich vor Kurzem im Menschenrechtsrat in jedem Punkt gegen Israel, also die Juden gestellt hat. Wie war das doch gleich mit den Sozialisten und den Juden im 20. Jahrhundert? Ich glaube diesem Herren kein einziges Wort von seiner heuchlerischen Begr\u00fcndung, warum er angeblich in die Politik gegangen ist (\u201eAuschwitz\u201c). Kein einziges!<br \/>\n23.11.2018,<\/p>\n<p>&nbsp;<\/p>\n<p>&nbsp;<\/p>\n<p><strong>Aiesec Freiburg \u2013 Gr\u00f6\u00dfte internationale Studentenorganisation<\/strong><\/p>\n<p>Unter der Zielsetzung \u201ePeace and fulfillment of human kinds potential\u201c engagieren sich Studenten in \u00fcber 110 L\u00e4ndern ehrenamtlich, um jungen Menschen aus aller Welt die M\u00f6glichkeit zu bieten ein Auslandspraktikum zu absolvieren. Durch die gemeinsame Arbeit im Youth Talent Programm von AIESEC entsteht eines der gr\u00f6\u00dften Praktikantennetzwerke f\u00fcr Studenten.<\/p>\n<p>Sei mit dabei und engagiere dich in der gr\u00f6\u00dften internationalen Studentenorganisation. Informiere dich an unserem Infostand vor der Mensa Rempartstra\u00dfe der <a title=\"Universitaet\" href=\"https:\/\/www.freiburg-schwarzwald.de\/blog\/bildung\/hochschulen\/universitaet\/\">Universit\u00e4t Freiburg <\/a>am Donnerstag, den 18.04 und Dienstag, den 23.04 jeweils von 11:30- 13:00 Uhr oder komme zu einem unserer Infoabenden: Donnerstag, 18.04 \u2013 19:00 Uhr \u2013 KG1 HS 1236<br \/>\nDienstag, 23.04 \u2013 19:00 Uhr \u2013 KG1 HS 1016<br \/>\n<a href=\"https:\/\/page.aiesec.de\/?page_id=235\/\/\">https:\/\/page.aiesec.de\/?page_id=235\/\/<\/a>\u00a0&#8211; Aiesec Freiburg<br \/>\n<a href=\"https:\/\/www.aiesec.de\/\">www.aiesec.de<\/a><\/p>\n<p>&nbsp;<\/p>\n<p><strong>Amntena &#8211; Freiwilligendienst in S\u00fcdamerika<br \/>\n<\/strong><br \/>\nAmntena ist ein gemeinn\u00fctziger Verein (anerkannt durch das Finanzamt Pforzheim), der \u00fcberkonfessionell arbeitet. Als Entsendeorganisation bietet er jungen Erwachsenen die M\u00f6glichkeit im Rahmen des Freiwilligendienstes weltw\u00e4rts in S\u00fcdamerikanischen L\u00e4ndern zu leisten. Amntena finanziert sich durch Spenden und Mitgliedsbeitr\u00e4ge. Alle Mitglieder arbeiten ehrenamtlich.<br \/>\n<a href=\"https:\/\/www.amntena.de\">www.amntena.de<\/a><\/p>\n<p>Beispiel: Nora in Lima\/Peru<br \/>\n<a href=\"https:\/\/norainlima.wordpress.com\/\">https:\/\/norainlima.wordpress.com\/<\/a><\/p>\n<p>&nbsp;<\/p>\n<p>&nbsp;<\/p>\n<p><strong>Wegweiser-Freiwilligenarbeit.com <\/strong><br \/>\nWegweiser-freiwilligenarbeit.com\u00a0ist ein unabh\u00e4ngiges Online-Portal f\u00fcr sinnvolle und flexible Freiwilligenarbeit im Ausland. Auf der Website finden Sie nicht nur eine Vielzahl von sinnvollen Freiwilligenprojekten weltweit, sondern auch ausf\u00fchrliche Informationen und \u00dcbersichten zu den verschiedenen geregelten Freiwilligendiensten sowie wichtige Hintergrundinformationen zu internationaler Freiwilligenarbeit.<br \/>\n<a href=\"https:\/\/www.wegweiser-freiwilligenarbeit.com\/\">www.wegweiser-freiwilligenarbeit.com<\/a><br \/>\n<a href=\"https:\/\/www.wegweiser-freiwilligenarbeit.com\/freiwilligendienst-ausland\/\">https:\/\/www.wegweiser-freiwilligenarbeit.com\/freiwilligendienst-ausland\/<\/a><br \/>\n<a href=\"https:\/\/www.facebook.com\/wegweiser.freiwilligenarbeit\">www.facebook.com\/wegweiser.freiwilligenarbeit<\/a><br \/>\nTwitter: @wwFreiwillig<\/p>\n<p>&#8222;Freiwilligenarbeit im\u00a0Waisenhaus: warum wir keine Waisenhaus-Projekte haben&#8220;<br \/>\n<a href=\"https:\/\/www.wegweiser-freiwilligenarbeit.com\/freiwilligenarbeit-mit-waisen\/keine-waisenhaus-projekte\/\">https:\/\/www.wegweiser-freiwilligenarbeit.com\/freiwilligenarbeit-mit-waisen\/keine-waisenhaus-projekte\/<\/a><\/p>\n<p>Die Website <a href=\"https:\/\/www.wegweiser-freiwilligenarbeit.com\/\">www.wegweiser-freiwilligenarbeit.com<\/a> wird von der Firma Adieu-Arche-B SAS, 29 chemin du Vieux Ch\u00eane, F-38240 Meylan ((bei Grenoble) unterhalten. Gesch\u00e4ftsf\u00fchrer: Frank Seidel, der aus St.M\u00e4rgen stammt.<\/p>\n","protected":false},"excerpt":{"rendered":"<p>Home &gt;Global &gt;Auswanderung &gt;Ausland &nbsp; Auslandsjob, Praktikum, Austausch, &#8230;. Listenauswahl eines Beitrags (Artikel\/Datum, Seite\/Inhalt): Klicken oder scrollen Auswandern, da Planwirtschaft\u00a0(13.4.2026) Blick von USA, F und Israel auf D\u00a0(15.8.2025) Kriminalit\u00e4tsraten 2023: Afghanen, Syrer, Iraker, Chinesen\u00a0(26.6.2024) Auch die BASF verl\u00e4sst das Land\u00a0(23.5.2024) &hellip; <a href=\"https:\/\/www.freiburg-schwarzwald.de\/blog\/global\/ausland\/\">Weiterlesen <span class=\"meta-nav\">&rarr;<\/span><\/a><\/p>\n","protected":false},"author":4,"featured_media":0,"parent":27,"menu_order":0,"comment_status":"open","ping_status":"closed","template":"","meta":{"footnotes":""},"class_list":["post-10188","page","type-page","status-publish","hentry"],"_links":{"self":[{"href":"https:\/\/www.freiburg-schwarzwald.de\/blog\/wp-json\/wp\/v2\/pages\/10188","targetHints":{"allow":["GET"]}}],"collection":[{"href":"https:\/\/www.freiburg-schwarzwald.de\/blog\/wp-json\/wp\/v2\/pages"}],"about":[{"href":"https:\/\/www.freiburg-schwarzwald.de\/blog\/wp-json\/wp\/v2\/types\/page"}],"author":[{"embeddable":true,"href":"https:\/\/www.freiburg-schwarzwald.de\/blog\/wp-json\/wp\/v2\/users\/4"}],"replies":[{"embeddable":true,"href":"https:\/\/www.freiburg-schwarzwald.de\/blog\/wp-json\/wp\/v2\/comments?post=10188"}],"version-history":[{"count":6,"href":"https:\/\/www.freiburg-schwarzwald.de\/blog\/wp-json\/wp\/v2\/pages\/10188\/revisions"}],"predecessor-version":[{"id":147823,"href":"https:\/\/www.freiburg-schwarzwald.de\/blog\/wp-json\/wp\/v2\/pages\/10188\/revisions\/147823"}],"up":[{"embeddable":true,"href":"https:\/\/www.freiburg-schwarzwald.de\/blog\/wp-json\/wp\/v2\/pages\/27"}],"wp:attachment":[{"href":"https:\/\/www.freiburg-schwarzwald.de\/blog\/wp-json\/wp\/v2\/media?parent=10188"}],"curies":[{"name":"wp","href":"https:\/\/api.w.org\/{rel}","templated":true}]}}