{"id":10155,"date":"2012-08-31T19:39:51","date_gmt":"2012-08-31T17:39:51","guid":{"rendered":"https:\/\/www.freiburg-schwarzwald.de\/blog\/?page_id=10155"},"modified":"2014-06-27T20:55:19","modified_gmt":"2014-06-27T18:55:19","slug":"malven","status":"publish","type":"page","link":"https:\/\/www.freiburg-schwarzwald.de\/blog\/natur\/flora\/malven\/","title":{"rendered":"Malven"},"content":{"rendered":"<p>Home &gt;<a title=\"Natur\" href=\"https:\/\/www.freiburg-schwarzwald.de\/blog\/natur\/\">Natur<\/a> &gt;<a title=\"Flora\" href=\"https:\/\/www.freiburg-schwarzwald.de\/blog\/natur\/flora\/\">Flora<\/a> &gt;<a title=\"Garten\" href=\"https:\/\/www.freiburg-schwarzwald.de\/blog\/natur\/garten\/\">Garten<\/a> &gt;Malven<\/p>\n<div id=\"attachment_7895\" style=\"width: 648px\" class=\"wp-caption alignnone\"><a href=\"https:\/\/www.freiburg-schwarzwald.de\/blog\/kultur\/kunst\/keramik\/gregor\/gregor2malven-pan120728\/\" rel=\"attachment wp-att-7895\"><img loading=\"lazy\" decoding=\"async\" aria-describedby=\"caption-attachment-7895\" class=\"size-full wp-image-7895\" title=\"gregor2malven-pan120728\" alt=\"\" src=\"https:\/\/www.freiburg-schwarzwald.de\/blog\/wp-content\/uploads\/2012\/07\/gregor2malven-pan120728.jpg\" width=\"638\" height=\"309\" srcset=\"https:\/\/www.freiburg-schwarzwald.de\/blog\/wp-content\/uploads\/2012\/07\/gregor2malven-pan120728.jpg 638w, https:\/\/www.freiburg-schwarzwald.de\/blog\/wp-content\/uploads\/2012\/07\/gregor2malven-pan120728-180x87.jpg 180w\" sizes=\"auto, (max-width: 638px) 100vw, 638px\" \/><\/a><p id=\"caption-attachment-7895\" class=\"wp-caption-text\">Gregor haucht gewaltfrei die Weisheit ein Mitte Juli 2012 &#8211; umgeben von Stockrosen<\/p><\/div>\n<p>&nbsp;<\/p>\n<ul>\n<li><a href=\"https:\/\/www.anitakaier.de\/malven.htm\">www.anitakaier.de\/malven.htm<\/a><\/li>\n<li>Auch <a title=\"Gregor\" href=\"https:\/\/www.freiburg-schwarzwald.de\/blog\/kultur\/kunst\/keramik\/gregor\/\">Gregor<\/a> liebt Malven\u00a0bzw. Stockrosen (im S\u00fcden).<\/li>\n<li>Ritterwanze liebt Malven<\/li>\n<li><a title=\"Mohn\" href=\"https:\/\/www.freiburg-schwarzwald.de\/blog\/natur\/flora\/mohn\/\">Mohn<\/a><\/li>\n<\/ul>\n<p>&nbsp;<\/p>\n<p><strong>Ritterwanze liebt Malven<\/strong><\/p>\n<p>Die farbenpr\u00e4chtige Ritterwanze ist zum Insekt des Jahres 2009 gew\u00e4hlt worden. Dies teilte die Biologische Bundesanstalt f\u00fcr Land- und Forstwirtschaft gestern mit. Im Gegensatz zu den Raubwanzen, die bekanntlich &#8222;auf der Mauer, auf der Lauer&#8220; liegen, ist sie ein harmloser Vegetarier. Ritterwanzen lieben Malven bzw. Stockrosen &#8211; deswegen nennt man sie auch Malvenk\u00e4fer.<\/p>\n<p>&nbsp;<\/p>\n<div id=\"attachment_33911\" style=\"width: 649px\" class=\"wp-caption alignnone\"><a href=\"https:\/\/www.freiburg-schwarzwald.de\/blog\/religion\/kirchen\/stbarbara\/malven-lila-pan130628\/\" rel=\"attachment wp-att-33911\"><img loading=\"lazy\" decoding=\"async\" aria-describedby=\"caption-attachment-33911\" class=\"size-full wp-image-33911\" title=\"malven-lila-pan130628\" alt=\"\" src=\"https:\/\/www.freiburg-schwarzwald.de\/blog\/wp-content\/uploads\/2012\/12\/malven-lila-pan130628.jpg\" width=\"639\" height=\"270\" srcset=\"https:\/\/www.freiburg-schwarzwald.de\/blog\/wp-content\/uploads\/2012\/12\/malven-lila-pan130628.jpg 639w, https:\/\/www.freiburg-schwarzwald.de\/blog\/wp-content\/uploads\/2012\/12\/malven-lila-pan130628-180x76.jpg 180w\" sizes=\"auto, (max-width: 639px) 100vw, 639px\" \/><\/a><p id=\"caption-attachment-33911\" class=\"wp-caption-text\">Blick nach S\u00fcden in Freiburg-Littenweiler \u00fcber lila Malven und Kirchturm St.Barbara hoch zum Kybfelsen am 28.6.2013<\/p><\/div>\n<p>&nbsp;<\/p>\n<p>&nbsp;<\/p>\n<p>&nbsp;<\/p>\n<p><a href=\"https:\/\/www.freiburg-schwarzwald.de\/blog\/natur\/flora\/malven\/malve1-120831\/\" rel=\"attachment wp-att-10157\"><img loading=\"lazy\" decoding=\"async\" class=\"alignnone size-thumbnail wp-image-10157\" title=\"malve1-120831\" alt=\"\" src=\"https:\/\/www.freiburg-schwarzwald.de\/blog\/wp-content\/uploads\/2012\/08\/malve1-120831-135x180.jpg\" width=\"135\" height=\"180\" srcset=\"https:\/\/www.freiburg-schwarzwald.de\/blog\/wp-content\/uploads\/2012\/08\/malve1-120831-135x180.jpg 135w, https:\/\/www.freiburg-schwarzwald.de\/blog\/wp-content\/uploads\/2012\/08\/malve1-120831.jpg 480w\" sizes=\"auto, (max-width: 135px) 100vw, 135px\" \/><\/a>\u00a0\u00a0\u00a0\u00a0\u00a0\u00a0\u00a0\u00a0\u00a0\u00a0\u00a0\u00a0\u00a0\u00a0\u00a0\u00a0\u00a0\u00a0\u00a0 <a href=\"https:\/\/www.freiburg-schwarzwald.de\/blog\/natur\/flora\/malven\/malve2-120831\/\" rel=\"attachment wp-att-10158\"><img loading=\"lazy\" decoding=\"async\" class=\"alignnone size-thumbnail wp-image-10158\" title=\"malve2-120831\" alt=\"\" src=\"https:\/\/www.freiburg-schwarzwald.de\/blog\/wp-content\/uploads\/2012\/08\/malve2-120831-133x180.jpg\" width=\"133\" height=\"180\" srcset=\"https:\/\/www.freiburg-schwarzwald.de\/blog\/wp-content\/uploads\/2012\/08\/malve2-120831-133x180.jpg 133w, https:\/\/www.freiburg-schwarzwald.de\/blog\/wp-content\/uploads\/2012\/08\/malve2-120831.jpg 473w\" sizes=\"auto, (max-width: 133px) 100vw, 133px\" \/><\/a>\u00a0\u00a0\u00a0\u00a0\u00a0\u00a0\u00a0\u00a0\u00a0\u00a0\u00a0\u00a0\u00a0\u00a0\u00a0\u00a0\u00a0\u00a0\u00a0 <a href=\"https:\/\/www.freiburg-schwarzwald.de\/blog\/natur\/flora\/malven\/malve2kaefer120831\/\" rel=\"attachment wp-att-10159\"><img loading=\"lazy\" decoding=\"async\" class=\"alignnone size-thumbnail wp-image-10159\" title=\"malve2kaefer120831\" alt=\"\" src=\"https:\/\/www.freiburg-schwarzwald.de\/blog\/wp-content\/uploads\/2012\/08\/malve2kaefer120831-180x143.jpg\" width=\"180\" height=\"143\" srcset=\"https:\/\/www.freiburg-schwarzwald.de\/blog\/wp-content\/uploads\/2012\/08\/malve2kaefer120831-180x143.jpg 180w, https:\/\/www.freiburg-schwarzwald.de\/blog\/wp-content\/uploads\/2012\/08\/malve2kaefer120831.jpg 638w\" sizes=\"auto, (max-width: 180px) 100vw, 180px\" \/><\/a><br \/>\n(1) Bl\u00fcte oben 31.8.2012\u00a0\u00a0\u00a0\u00a0\u00a0\u00a0\u00a0\u00a0\u00a0\u00a0\u00a0\u00a0\u00a0\u00a0\u00a0\u00a0\u00a0\u00a0\u00a0 (2) Samen\u00a0\u00a0\u00a0\u00a0\u00a0\u00a0\u00a0\u00a0\u00a0\u00a0\u00a0\u00a0\u00a0\u00a0\u00a0\u00a0\u00a0\u00a0\u00a0\u00a0\u00a0\u00a0\u00a0\u00a0\u00a0\u00a0\u00a0\u00a0\u00a0\u00a0\u00a0\u00a0\u00a0\u00a0\u00a0\u00a0\u00a0\u00a0\u00a0\u00a0\u00a0\u00a0\u00a0\u00a0 (3) Ritterwanze am 31.8.2012<\/p>\n<p><a href=\"https:\/\/www.freiburg-schwarzwald.de\/blog\/natur\/flora\/malven\/malve3-120831\/\" rel=\"attachment wp-att-10160\"><img loading=\"lazy\" decoding=\"async\" class=\"alignnone size-thumbnail wp-image-10160\" title=\"malve3-120831\" alt=\"\" src=\"https:\/\/www.freiburg-schwarzwald.de\/blog\/wp-content\/uploads\/2012\/08\/malve3-120831-142x180.jpg\" width=\"142\" height=\"180\" srcset=\"https:\/\/www.freiburg-schwarzwald.de\/blog\/wp-content\/uploads\/2012\/08\/malve3-120831-142x180.jpg 142w, https:\/\/www.freiburg-schwarzwald.de\/blog\/wp-content\/uploads\/2012\/08\/malve3-120831-508x640.jpg 508w, https:\/\/www.freiburg-schwarzwald.de\/blog\/wp-content\/uploads\/2012\/08\/malve3-120831.jpg 509w\" sizes=\"auto, (max-width: 142px) 100vw, 142px\" \/><\/a>\u00a0\u00a0\u00a0\u00a0\u00a0\u00a0\u00a0\u00a0\u00a0\u00a0\u00a0\u00a0\u00a0\u00a0\u00a0\u00a0\u00a0 <a href=\"https:\/\/www.freiburg-schwarzwald.de\/blog\/natur\/flora\/malven\/malven-lila130628\/\" rel=\"attachment wp-att-33972\"><img loading=\"lazy\" decoding=\"async\" class=\"alignnone size-thumbnail wp-image-33972\" title=\"malven-lila130628\" alt=\"\" src=\"https:\/\/www.freiburg-schwarzwald.de\/blog\/wp-content\/uploads\/2012\/08\/malven-lila130628-180x135.jpg\" width=\"180\" height=\"135\" srcset=\"https:\/\/www.freiburg-schwarzwald.de\/blog\/wp-content\/uploads\/2012\/08\/malven-lila130628-180x135.jpg 180w, https:\/\/www.freiburg-schwarzwald.de\/blog\/wp-content\/uploads\/2012\/08\/malven-lila130628.jpg 640w\" sizes=\"auto, (max-width: 180px) 100vw, 180px\" \/><\/a>\u00a0\u00a0\u00a0\u00a0\u00a0\u00a0\u00a0\u00a0\u00a0\u00a0\u00a0\u00a0\u00a0\u00a0 \u00a0\u00a0\u00a0\u00a0<a href=\"https:\/\/www.freiburg-schwarzwald.de\/blog\/natur\/flora\/malven\/malve130826\/\" rel=\"attachment wp-att-37275\"><img loading=\"lazy\" decoding=\"async\" title=\"malve130826\" alt=\"\" src=\"https:\/\/www.freiburg-schwarzwald.de\/blog\/wp-content\/uploads\/2012\/08\/malve130826-135x180.jpg\" width=\"135\" height=\"180\" \/><\/a><br \/>\n(4)\u00a0\u00a0\u00a0\u00a0\u00a0\u00a0\u00a0\u00a0\u00a0\u00a0\u00a0\u00a0\u00a0\u00a0\u00a0\u00a0\u00a0\u00a0\u00a0\u00a0\u00a0\u00a0\u00a0\u00a0\u00a0\u00a0\u00a0\u00a0\u00a0\u00a0\u00a0\u00a0\u00a0\u00a0\u00a0\u00a0\u00a0\u00a0\u00a0\u00a0\u00a0\u00a0\u00a0\u00a0\u00a0\u00a0\u00a0\u00a0\u00a0\u00a0\u00a0\u00a0\u00a0\u00a0\u00a0\u00a0\u00a0\u00a0\u00a0 (5) Lila Malven am 28.6.2013\u00a0\u00a0\u00a0\u00a0\u00a0\u00a0\u00a0\u00a0\u00a0\u00a0\u00a0\u00a0\u00a0\u00a0\u00a0\u00a0\u00a0\u00a0\u00a0\u00a0\u00a0\u00a0 \u00a0 (6) Rote Malve 26.8.2013<\/p>\n<p><a href=\"https:\/\/www.freiburg-schwarzwald.de\/blog\/natur\/flora\/malven\/kind-brunnen-malve130830\/\" rel=\"attachment wp-att-37278\"><img loading=\"lazy\" decoding=\"async\" class=\"alignnone size-thumbnail wp-image-37278\" title=\"kind-brunnen-malve130830\" alt=\"\" src=\"https:\/\/www.freiburg-schwarzwald.de\/blog\/wp-content\/uploads\/2012\/08\/kind-brunnen-malve130830-135x180.jpg\" width=\"135\" height=\"180\" srcset=\"https:\/\/www.freiburg-schwarzwald.de\/blog\/wp-content\/uploads\/2012\/08\/kind-brunnen-malve130830-135x180.jpg 135w, https:\/\/www.freiburg-schwarzwald.de\/blog\/wp-content\/uploads\/2012\/08\/kind-brunnen-malve130830.jpg 480w\" sizes=\"auto, (max-width: 135px) 100vw, 135px\" \/><\/a>\u00a0\u00a0\u00a0\u00a0\u00a0\u00a0\u00a0\u00a0\u00a0\u00a0\u00a0\u00a0\u00a0\u00a0\u00a0\u00a0\u00a0\u00a0\u00a0\u00a0\u00a0\u00a0 <a href=\"https:\/\/www.freiburg-schwarzwald.de\/blog\/natur\/flora\/malven\/malwe-samen130903\/\" rel=\"attachment wp-att-37617\"><img loading=\"lazy\" decoding=\"async\" class=\"alignnone size-thumbnail wp-image-37617\" title=\"malwe-samen130903\" alt=\"\" src=\"https:\/\/www.freiburg-schwarzwald.de\/blog\/wp-content\/uploads\/2012\/08\/malwe-samen130903-135x180.jpg\" width=\"135\" height=\"180\" srcset=\"https:\/\/www.freiburg-schwarzwald.de\/blog\/wp-content\/uploads\/2012\/08\/malwe-samen130903-135x180.jpg 135w, https:\/\/www.freiburg-schwarzwald.de\/blog\/wp-content\/uploads\/2012\/08\/malwe-samen130903.jpg 480w\" sizes=\"auto, (max-width: 135px) 100vw, 135px\" \/><\/a>\u00a0\u00a0\u00a0\u00a0\u00a0\u00a0\u00a0\u00a0\u00a0\u00a0\u00a0\u00a0\u00a0\u00a0\u00a0\u00a0\u00a0\u00a0\u00a0\u00a0\u00a0<a href=\"https:\/\/www.freiburg-schwarzwald.de\/blog\/natur\/flora\/malven\/malve-samen-rot130903\/\" rel=\"attachment wp-att-37928\"><img loading=\"lazy\" decoding=\"async\" class=\"alignnone size-thumbnail wp-image-37928\" title=\"malve-samen-rot130903\" alt=\"\" src=\"https:\/\/www.freiburg-schwarzwald.de\/blog\/wp-content\/uploads\/2012\/08\/malve-samen-rot130903-180x135.jpg\" width=\"180\" height=\"135\" srcset=\"https:\/\/www.freiburg-schwarzwald.de\/blog\/wp-content\/uploads\/2012\/08\/malve-samen-rot130903-180x135.jpg 180w, https:\/\/www.freiburg-schwarzwald.de\/blog\/wp-content\/uploads\/2012\/08\/malve-samen-rot130903.jpg 640w\" sizes=\"auto, (max-width: 180px) 100vw, 180px\" \/><\/a><br \/>\n(7) 30.8.2013\u00a0\u00a0\u00a0\u00a0\u00a0\u00a0\u00a0\u00a0\u00a0\u00a0\u00a0\u00a0\u00a0\u00a0\u00a0\u00a0\u00a0\u00a0\u00a0\u00a0\u00a0\u00a0\u00a0\u00a0\u00a0\u00a0\u00a0\u00a0\u00a0\u00a0\u00a0\u00a0\u00a0\u00a0\u00a0\u00a0\u00a0\u00a0\u00a0\u00a0\u00a0\u00a0\u00a0 (8) Malve mit Samen (unten) 3.9.13\u00a0 (9)<\/p>\n<p><a href=\"https:\/\/www.freiburg-schwarzwald.de\/blog\/natur\/flora\/malven\/malve-trauben1-weiss30903\/\" rel=\"attachment wp-att-37929\"><img loading=\"lazy\" decoding=\"async\" class=\"alignnone size-thumbnail wp-image-37929\" title=\"malve-trauben1-weiss30903\" alt=\"\" src=\"https:\/\/www.freiburg-schwarzwald.de\/blog\/wp-content\/uploads\/2012\/08\/malve-trauben1-weiss30903-180x135.jpg\" width=\"180\" height=\"135\" srcset=\"https:\/\/www.freiburg-schwarzwald.de\/blog\/wp-content\/uploads\/2012\/08\/malve-trauben1-weiss30903-180x135.jpg 180w, https:\/\/www.freiburg-schwarzwald.de\/blog\/wp-content\/uploads\/2012\/08\/malve-trauben1-weiss30903-640x480.jpg 640w, https:\/\/www.freiburg-schwarzwald.de\/blog\/wp-content\/uploads\/2012\/08\/malve-trauben1-weiss30903.jpg 1000w\" sizes=\"auto, (max-width: 180px) 100vw, 180px\" \/><\/a>\u00a0\u00a0\u00a0\u00a0\u00a0\u00a0\u00a0\u00a0\u00a0\u00a0\u00a0\u00a0\u00a0\u00a0 <a href=\"https:\/\/www.freiburg-schwarzwald.de\/blog\/natur\/flora\/malven\/malve-trauben130903\/\" rel=\"attachment wp-att-37930\"><img loading=\"lazy\" decoding=\"async\" class=\"alignnone size-thumbnail wp-image-37930\" title=\"malve-trauben130903\" alt=\"\" src=\"https:\/\/www.freiburg-schwarzwald.de\/blog\/wp-content\/uploads\/2012\/08\/malve-trauben130903-138x180.jpg\" width=\"138\" height=\"180\" srcset=\"https:\/\/www.freiburg-schwarzwald.de\/blog\/wp-content\/uploads\/2012\/08\/malve-trauben130903-138x180.jpg 138w, https:\/\/www.freiburg-schwarzwald.de\/blog\/wp-content\/uploads\/2012\/08\/malve-trauben130903.jpg 491w\" sizes=\"auto, (max-width: 138px) 100vw, 138px\" \/><\/a>\u00a0\u00a0\u00a0\u00a0\u00a0\u00a0\u00a0\u00a0\u00a0\u00a0\u00a0\u00a0 <a href=\"https:\/\/www.freiburg-schwarzwald.de\/blog\/natur\/flora\/malven\/malve1rot130923\/\" rel=\"attachment wp-att-38845\"><img loading=\"lazy\" decoding=\"async\" class=\"alignnone size-thumbnail wp-image-38845\" title=\"malve1rot130923\" alt=\"\" src=\"https:\/\/www.freiburg-schwarzwald.de\/blog\/wp-content\/uploads\/2012\/08\/malve1rot130923-135x180.jpg\" width=\"135\" height=\"180\" srcset=\"https:\/\/www.freiburg-schwarzwald.de\/blog\/wp-content\/uploads\/2012\/08\/malve1rot130923-135x180.jpg 135w, https:\/\/www.freiburg-schwarzwald.de\/blog\/wp-content\/uploads\/2012\/08\/malve1rot130923-480x640.jpg 480w, https:\/\/www.freiburg-schwarzwald.de\/blog\/wp-content\/uploads\/2012\/08\/malve1rot130923.jpg 750w\" sizes=\"auto, (max-width: 135px) 100vw, 135px\" \/><\/a><br \/>\n(10) Malve und weisse Trauben 3.9.2013\u00a0 (11) Rote Malve\u00a0\u00a0\u00a0\u00a0\u00a0\u00a0\u00a0\u00a0\u00a0\u00a0\u00a0\u00a0\u00a0\u00a0\u00a0\u00a0\u00a0\u00a0\u00a0\u00a0\u00a0\u00a0\u00a0\u00a0\u00a0\u00a0\u00a0\u00a0 (12) Rote Malve 23.9.2013<\/p>\n<p><a href=\"https:\/\/www.freiburg-schwarzwald.de\/blog\/natur\/flora\/malven\/malve2rot130923\/\" rel=\"attachment wp-att-38846\"><img loading=\"lazy\" decoding=\"async\" class=\"alignnone size-thumbnail wp-image-38846\" title=\"malve2rot130923\" alt=\"\" src=\"https:\/\/www.freiburg-schwarzwald.de\/blog\/wp-content\/uploads\/2012\/08\/malve2rot130923-135x180.jpg\" width=\"135\" height=\"180\" srcset=\"https:\/\/www.freiburg-schwarzwald.de\/blog\/wp-content\/uploads\/2012\/08\/malve2rot130923-135x180.jpg 135w, https:\/\/www.freiburg-schwarzwald.de\/blog\/wp-content\/uploads\/2012\/08\/malve2rot130923-480x640.jpg 480w, https:\/\/www.freiburg-schwarzwald.de\/blog\/wp-content\/uploads\/2012\/08\/malve2rot130923.jpg 750w\" sizes=\"auto, (max-width: 135px) 100vw, 135px\" \/><\/a>\u00a0\u00a0\u00a0\u00a0\u00a0\u00a0\u00a0\u00a0\u00a0\u00a0\u00a0\u00a0\u00a0\u00a0\u00a0\u00a0\u00a0\u00a0\u00a0\u00a0\u00a0\u00a0\u00a0\u00a0\u00a0\u00a0 <a href=\"https:\/\/www.freiburg-schwarzwald.de\/blog\/natur\/flora\/malven\/malve-violett140617\/\" rel=\"attachment wp-att-48933\"><img loading=\"lazy\" decoding=\"async\" class=\"alignnone size-thumbnail wp-image-48933\" alt=\"malve-violett140617\" src=\"https:\/\/www.freiburg-schwarzwald.de\/blog\/wp-content\/uploads\/2012\/08\/malve-violett140617-180x135.jpg\" width=\"180\" height=\"135\" srcset=\"https:\/\/www.freiburg-schwarzwald.de\/blog\/wp-content\/uploads\/2012\/08\/malve-violett140617-180x135.jpg 180w, https:\/\/www.freiburg-schwarzwald.de\/blog\/wp-content\/uploads\/2012\/08\/malve-violett140617.jpg 640w\" sizes=\"auto, (max-width: 180px) 100vw, 180px\" \/><\/a><br \/>\n(13) Rote Malve 23.9.2013\u00a0\u00a0\u00a0\u00a0\u00a0\u00a0\u00a0\u00a0\u00a0\u00a0\u00a0\u00a0\u00a0\u00a0\u00a0\u00a0\u00a0\u00a0\u00a0\u00a0\u00a0\u00a0\u00a0\u00a0\u00a0 (14) Malcen violett 17.6.2014<\/p>\n<p>&nbsp;<\/p>\n<p>&nbsp;<\/p>\n<p>(1) Malve am 31.8.2012: Bl\u00fcte oben, verbl\u00fcte Dolden und Samen unten<br \/>\n(2) Malve am 31.8.2012: Samen<br \/>\n(3) Malve am 31.8.2012: Der rote K\u00e4fer namens Ritterwanze liebt Stockrosen<br \/>\n(4) Malve am 31.8.2012: Sp\u00e4tsommer<\/p>\n","protected":false},"excerpt":{"rendered":"<p>Home &gt;Natur &gt;Flora &gt;Garten &gt;Malven &nbsp; www.anitakaier.de\/malven.htm Auch Gregor liebt Malven\u00a0bzw. Stockrosen (im S\u00fcden). Ritterwanze liebt Malven Mohn &nbsp; Ritterwanze liebt Malven Die farbenpr\u00e4chtige Ritterwanze ist zum Insekt des Jahres 2009 gew\u00e4hlt worden. Dies teilte die Biologische Bundesanstalt f\u00fcr Land- &hellip; <a href=\"https:\/\/www.freiburg-schwarzwald.de\/blog\/natur\/flora\/malven\/\">Weiterlesen <span class=\"meta-nav\">&rarr;<\/span><\/a><\/p>\n","protected":false},"author":4,"featured_media":0,"parent":1531,"menu_order":0,"comment_status":"open","ping_status":"closed","template":"","meta":{"footnotes":""},"class_list":["post-10155","page","type-page","status-publish","hentry"],"_links":{"self":[{"href":"https:\/\/www.freiburg-schwarzwald.de\/blog\/wp-json\/wp\/v2\/pages\/10155","targetHints":{"allow":["GET"]}}],"collection":[{"href":"https:\/\/www.freiburg-schwarzwald.de\/blog\/wp-json\/wp\/v2\/pages"}],"about":[{"href":"https:\/\/www.freiburg-schwarzwald.de\/blog\/wp-json\/wp\/v2\/types\/page"}],"author":[{"embeddable":true,"href":"https:\/\/www.freiburg-schwarzwald.de\/blog\/wp-json\/wp\/v2\/users\/4"}],"replies":[{"embeddable":true,"href":"https:\/\/www.freiburg-schwarzwald.de\/blog\/wp-json\/wp\/v2\/comments?post=10155"}],"version-history":[{"count":0,"href":"https:\/\/www.freiburg-schwarzwald.de\/blog\/wp-json\/wp\/v2\/pages\/10155\/revisions"}],"up":[{"embeddable":true,"href":"https:\/\/www.freiburg-schwarzwald.de\/blog\/wp-json\/wp\/v2\/pages\/1531"}],"wp:attachment":[{"href":"https:\/\/www.freiburg-schwarzwald.de\/blog\/wp-json\/wp\/v2\/media?parent=10155"}],"curies":[{"name":"wp","href":"https:\/\/api.w.org\/{rel}","templated":true}]}}