{"id":101381,"date":"2022-05-31T18:33:28","date_gmt":"2022-05-31T16:33:28","guid":{"rendered":"https:\/\/www.freiburg-schwarzwald.de\/blog\/?page_id=101381"},"modified":"2023-01-27T09:11:40","modified_gmt":"2023-01-27T08:11:40","slug":"stollenbach","status":"publish","type":"page","link":"https:\/\/www.freiburg-schwarzwald.de\/blog\/tourismus\/gastro\/huetten\/stollenbach\/","title":{"rendered":"Stollenbach"},"content":{"rendered":"<p><a title=\"Orte\" href=\"https:\/\/www.freiburg-schwarzwald.de\/blog\/\">Home<\/a>\u00a0&gt;<a title=\"Tourismus\" href=\"https:\/\/www.freiburg-schwarzwald.de\/blog\/tourismus\/\">Tourismus<\/a>\u00a0&gt;<a title=\"Gastro\" href=\"https:\/\/www.freiburg-schwarzwald.de\/blog\/tourismus\/gastro\/\">Gastro<\/a>\u00a0&gt;<a title=\"Huetten\" href=\"https:\/\/www.freiburg-schwarzwald.de\/blog\/tourismus\/gastro\/huetten\/\">Huetten<\/a> &gt;<a href=\"https:\/\/www.freiburg-schwarzwald.de\/blog\/regio\/orte\/oberried\/\">Oberried<\/a> &gt;<a href=\"https:\/\/www.freiburg-schwarzwald.de\/blog\/tourismus\/gastro\/huetten\/erlenbacher\/\">Erlenbacher H\u00fctte<\/a> &gt;Stollenbach<\/p>\n<div id=\"attachment_101383\" style=\"width: 648px\" class=\"wp-caption alignnone\"><a href=\"https:\/\/www.freiburg-schwarzwald.de\/blog\/wp-content\/uploads\/2022\/05\/stollenbach2pan-220530.jpg\"><img loading=\"lazy\" decoding=\"async\" aria-describedby=\"caption-attachment-101383\" class=\"size-full wp-image-101383\" src=\"https:\/\/www.freiburg-schwarzwald.de\/blog\/wp-content\/uploads\/2022\/05\/stollenbach2pan-220530.jpg\" alt=\"\" width=\"638\" height=\"373\" srcset=\"https:\/\/www.freiburg-schwarzwald.de\/blog\/wp-content\/uploads\/2022\/05\/stollenbach2pan-220530.jpg 638w, https:\/\/www.freiburg-schwarzwald.de\/blog\/wp-content\/uploads\/2022\/05\/stollenbach2pan-220530-180x105.jpg 180w\" sizes=\"auto, (max-width: 638px) 100vw, 638px\" \/><\/a><p id=\"caption-attachment-101383\" class=\"wp-caption-text\">Blick vom Skihang nach Westen zu Ruheberg, Skiliftstation. Stollenbacherh\u00fctte und Skiclubh\u00fctte (von links) am 30.5.2022<\/p><\/div>\n<p>&nbsp;<\/p>\n<ul>\n<li><a href=\"https:\/\/www.freiburg-schwarzwald.de\/blog\/selbsthilfe\/chronisch\/herz\/defibrillator\/\">Drei neue Defibrillatoren im Ortsteil Oberried-Zastler dank zahlreicher Spenden<\/a>\u00a0(25.1.2023)<\/li>\n<li><\/li>\n<li>Stollenbacherh\u00fctte<\/li>\n<li><strong><a href=\"https:\/\/www.freiburg-schwarzwald.de\/stollenbacher.htm\">https:\/\/www.freiburg-schwarzwald.de\/stollenbacher.htm<\/a> &gt;Archivseite H\u00fctte<\/strong><\/li>\n<li><a href=\"https:\/\/www.freiburg-schwarzwald.de\/stollenbacher.htm#Stollenbach%20Skilifte\">https:\/\/www.freiburg-schwarzwald.de\/stollenbacher.htm#Stollenbach%20Skilifte<\/a> &gt;Archivseite Skilifte<\/li>\n<li>Skih\u00fctte am Stollenbach<\/li>\n<li>Bilder vom Stollenbach<\/li>\n<li><\/li>\n<li><a href=\"https:\/\/www.freiburg-schwarzwald.de\/blog\/tourismus\/gastro\/huetten\/baldenweger-huette\/\">Baldenweger H\u00fctte unterhalb des Feldbergs mit neuen P\u00e4chtern<\/a>\u00a0(7.12.2022)<\/li>\n<li><a href=\"https:\/\/www.freiburg-schwarzwald.de\/blog\/tourismus\/gastro\/huetten\/baldenweger-huette\/\">Baldenweger-H\u00fctte<\/a><\/li>\n<li><a href=\"https:\/\/www.freiburg-schwarzwald.de\/blog\/tourismus\/gastro\/huetten\/erlenbacher\/\">Erlenbacher H\u00fctte<\/a><\/li>\n<li><a href=\"https:\/\/www.freiburg-schwarzwald.de\/blog\/tourismus\/gastro\/huetten\/hinterwaldkopfhuette\/\">Hinterwaldkopfh\u00fctte<\/a><\/li>\n<li><a href=\"https:\/\/www.freiburg-schwarzwald.de\/blog\/kultur\/friedhoefe\/ruheberg\/\">Ruheberg<\/a><\/li>\n<li><a href=\"https:\/\/www.freiburg-schwarzwald.de\/blog\/tourismus\/gastro\/huetten\/wilhelmerhuette\/\">St-Wilhelmerh\u00fctte<\/a><\/li>\n<li><a href=\"https:\/\/www.freiburg-schwarzwald.de\/blog\/regio\/orte\/oberried\/zastler\/\">Zastler<\/a><\/li>\n<\/ul>\n<p>&nbsp;<\/p>\n<p>&nbsp;<\/p>\n<p><strong>Stollenbacherh\u00fctte<\/strong><br \/>\nDie auf 1092 m H\u00f6he gelegene Stollenbacherh\u00fctte (Stollenacher Hof) wird seit 2019 vom P\u00e4chterpaar Sophia Sauter und Frank F\u00fcnfgeld bewirtschaftet.<br \/>\n\u00dcbernachtungen im Matrazenlager sowie Doppel- und Dreibettzimmer,<br \/>\nMontag und Dienstag sind Ruhetage.<br \/>\nDie H\u00fctte ist 50 m vom Kinder-Skilift und 200 m vom gro\u00dfen Skilift entfernt.<br \/>\nNeben der H\u00fctte liegt das Geb\u00e4ude des Skiclubs Oberried.<\/p>\n<p>Stollenbacherh\u00fctte, Stollenbacher Hof<br \/>\nStollenbacherstra\u00dfe 8, 79254 Oberried<br \/>\nTel: 07661 \u2013 4519<br \/>\n<a href=\"mailto:info@stollenbacherhuette.de\">info@stollenbacherhuette.de<\/a><br \/>\n<a href=\"https:\/\/stollenbacherhuette.de\/\">https:\/\/stollenbacherhuette.de\/<\/a><\/p>\n<p><strong>Skih\u00fctte am Stollenbach<\/strong><br \/>\nSkilub nur f\u00fcr Mitglieder des Skilubs Oberried<br \/>\nTel 0160\/9428573 bzw. 07615930<br \/>\n<a href=\"https:\/\/www.skiclub-oberried.de\/\">https:\/\/www.skiclub-oberried.de\/<\/a><\/p>\n<p>&nbsp;<\/p>\n<p><strong>Bilder vom Stollenbach<\/strong><\/p>\n<p><a href=\"https:\/\/www.freiburg-schwarzwald.de\/blog\/wp-content\/uploads\/2022\/05\/stollenbach1-220530.jpg\"><img loading=\"lazy\" decoding=\"async\" class=\"alignnone size-thumbnail wp-image-101387\" src=\"https:\/\/www.freiburg-schwarzwald.de\/blog\/wp-content\/uploads\/2022\/05\/stollenbach1-220530-180x135.jpg\" alt=\"\" width=\"180\" height=\"135\" srcset=\"https:\/\/www.freiburg-schwarzwald.de\/blog\/wp-content\/uploads\/2022\/05\/stollenbach1-220530-180x135.jpg 180w, https:\/\/www.freiburg-schwarzwald.de\/blog\/wp-content\/uploads\/2022\/05\/stollenbach1-220530-640x480.jpg 640w, https:\/\/www.freiburg-schwarzwald.de\/blog\/wp-content\/uploads\/2022\/05\/stollenbach1-220530-768x576.jpg 768w, https:\/\/www.freiburg-schwarzwald.de\/blog\/wp-content\/uploads\/2022\/05\/stollenbach1-220530.jpg 1000w\" sizes=\"auto, (max-width: 180px) 100vw, 180px\" \/><\/a>\u00a0 \u00a0 \u00a0 \u00a0 \u00a0 <a href=\"https:\/\/www.freiburg-schwarzwald.de\/blog\/wp-content\/uploads\/2022\/05\/stollenbach3-220530.jpg\"><img loading=\"lazy\" decoding=\"async\" class=\"alignnone size-thumbnail wp-image-101388\" src=\"https:\/\/www.freiburg-schwarzwald.de\/blog\/wp-content\/uploads\/2022\/05\/stollenbach3-220530-180x135.jpg\" alt=\"\" width=\"180\" height=\"135\" srcset=\"https:\/\/www.freiburg-schwarzwald.de\/blog\/wp-content\/uploads\/2022\/05\/stollenbach3-220530-180x135.jpg 180w, https:\/\/www.freiburg-schwarzwald.de\/blog\/wp-content\/uploads\/2022\/05\/stollenbach3-220530-640x480.jpg 640w, https:\/\/www.freiburg-schwarzwald.de\/blog\/wp-content\/uploads\/2022\/05\/stollenbach3-220530-768x576.jpg 768w, https:\/\/www.freiburg-schwarzwald.de\/blog\/wp-content\/uploads\/2022\/05\/stollenbach3-220530.jpg 1000w\" sizes=\"auto, (max-width: 180px) 100vw, 180px\" \/><\/a><br \/>\n(1) Stollenbacher H\u00fctte\u00a0 \u00a0 \u00a0 \u00a0 \u00a0 \u00a0 \u00a0(2) H\u00fctte mit Kinderlifthang<\/p>\n<p><a href=\"https:\/\/www.freiburg-schwarzwald.de\/blog\/wp-content\/uploads\/2022\/05\/stollenbach4kinderlift220530.jpg\"><img loading=\"lazy\" decoding=\"async\" class=\"alignnone size-thumbnail wp-image-101389\" src=\"https:\/\/www.freiburg-schwarzwald.de\/blog\/wp-content\/uploads\/2022\/05\/stollenbach4kinderlift220530-180x135.jpg\" alt=\"\" width=\"180\" height=\"135\" srcset=\"https:\/\/www.freiburg-schwarzwald.de\/blog\/wp-content\/uploads\/2022\/05\/stollenbach4kinderlift220530-180x135.jpg 180w, https:\/\/www.freiburg-schwarzwald.de\/blog\/wp-content\/uploads\/2022\/05\/stollenbach4kinderlift220530-640x480.jpg 640w, https:\/\/www.freiburg-schwarzwald.de\/blog\/wp-content\/uploads\/2022\/05\/stollenbach4kinderlift220530-768x576.jpg 768w, https:\/\/www.freiburg-schwarzwald.de\/blog\/wp-content\/uploads\/2022\/05\/stollenbach4kinderlift220530.jpg 1000w\" sizes=\"auto, (max-width: 180px) 100vw, 180px\" \/><\/a>\u00a0 \u00a0 \u00a0 \u00a0 \u00a0 <a href=\"https:\/\/www.freiburg-schwarzwald.de\/blog\/wp-content\/uploads\/2022\/05\/stollenbach5-Lifte-Skiclubhaus220530.jpg\"><img loading=\"lazy\" decoding=\"async\" class=\"alignnone size-thumbnail wp-image-101390\" src=\"https:\/\/www.freiburg-schwarzwald.de\/blog\/wp-content\/uploads\/2022\/05\/stollenbach5-Lifte-Skiclubhaus220530-180x135.jpg\" alt=\"\" width=\"180\" height=\"135\" srcset=\"https:\/\/www.freiburg-schwarzwald.de\/blog\/wp-content\/uploads\/2022\/05\/stollenbach5-Lifte-Skiclubhaus220530-180x135.jpg 180w, https:\/\/www.freiburg-schwarzwald.de\/blog\/wp-content\/uploads\/2022\/05\/stollenbach5-Lifte-Skiclubhaus220530-640x480.jpg 640w, https:\/\/www.freiburg-schwarzwald.de\/blog\/wp-content\/uploads\/2022\/05\/stollenbach5-Lifte-Skiclubhaus220530-1024x768.jpg 1024w, https:\/\/www.freiburg-schwarzwald.de\/blog\/wp-content\/uploads\/2022\/05\/stollenbach5-Lifte-Skiclubhaus220530-768x576.jpg 768w, https:\/\/www.freiburg-schwarzwald.de\/blog\/wp-content\/uploads\/2022\/05\/stollenbach5-Lifte-Skiclubhaus220530.jpg 1327w\" sizes=\"auto, (max-width: 180px) 100vw, 180px\" \/><\/a><br \/>\n(3) Talstation Kinderskilift\u00a0 \u00a0 \u00a0 \u00a0 \u00a0(4) Blick nach Westen<\/p>\n<p><a href=\"https:\/\/www.freiburg-schwarzwald.de\/blog\/wp-content\/uploads\/2022\/05\/stollenbach7-wegweiser220530.jpg\"><img loading=\"lazy\" decoding=\"async\" class=\"alignnone size-thumbnail wp-image-101392\" src=\"https:\/\/www.freiburg-schwarzwald.de\/blog\/wp-content\/uploads\/2022\/05\/stollenbach7-wegweiser220530-180x120.jpg\" alt=\"\" width=\"180\" height=\"120\" srcset=\"https:\/\/www.freiburg-schwarzwald.de\/blog\/wp-content\/uploads\/2022\/05\/stollenbach7-wegweiser220530-180x120.jpg 180w, https:\/\/www.freiburg-schwarzwald.de\/blog\/wp-content\/uploads\/2022\/05\/stollenbach7-wegweiser220530-640x427.jpg 640w, https:\/\/www.freiburg-schwarzwald.de\/blog\/wp-content\/uploads\/2022\/05\/stollenbach7-wegweiser220530-1024x684.jpg 1024w, https:\/\/www.freiburg-schwarzwald.de\/blog\/wp-content\/uploads\/2022\/05\/stollenbach7-wegweiser220530-768x513.jpg 768w, https:\/\/www.freiburg-schwarzwald.de\/blog\/wp-content\/uploads\/2022\/05\/stollenbach7-wegweiser220530.jpg 1131w\" sizes=\"auto, (max-width: 180px) 100vw, 180px\" \/><\/a>\u00a0 \u00a0 \u00a0 \u00a0 <a href=\"https:\/\/www.freiburg-schwarzwald.de\/blog\/wp-content\/uploads\/2022\/05\/stollenbach8-skihang220530.jpg\"><img loading=\"lazy\" decoding=\"async\" class=\"alignnone size-thumbnail wp-image-101393\" src=\"https:\/\/www.freiburg-schwarzwald.de\/blog\/wp-content\/uploads\/2022\/05\/stollenbach8-skihang220530-180x135.jpg\" alt=\"\" width=\"180\" height=\"135\" srcset=\"https:\/\/www.freiburg-schwarzwald.de\/blog\/wp-content\/uploads\/2022\/05\/stollenbach8-skihang220530-180x135.jpg 180w, https:\/\/www.freiburg-schwarzwald.de\/blog\/wp-content\/uploads\/2022\/05\/stollenbach8-skihang220530-640x480.jpg 640w, https:\/\/www.freiburg-schwarzwald.de\/blog\/wp-content\/uploads\/2022\/05\/stollenbach8-skihang220530-768x576.jpg 768w, https:\/\/www.freiburg-schwarzwald.de\/blog\/wp-content\/uploads\/2022\/05\/stollenbach8-skihang220530.jpg 1000w\" sizes=\"auto, (max-width: 180px) 100vw, 180px\" \/><\/a><br \/>\n(5) Wegweiser am Stollenbach\u00a0 \u00a0 (6) Blick nach S\u00fcdosten<\/p>\n<p>&nbsp;<\/p>\n<p>(4) Blick vom Skihang nach Westen zu Ruheberg, Kinderskilifthang. Stollenbacherh\u00fctte,\u00a0 Liftstation, Skiclubh\u00fctte (von links) und Weg zur Erlenbacher H\u00fctte am 30.5.2022<br \/>\n(6) Blick nach S\u00fcdosten zu Lifthang (Talstation hinter Fichte), Stollenbacherh\u00fctte, Skiclubh\u00fctte am 30.5.2022<\/p>\n<p>&nbsp;<\/p>\n","protected":false},"excerpt":{"rendered":"<p>Home\u00a0&gt;Tourismus\u00a0&gt;Gastro\u00a0&gt;Huetten &gt;Oberried &gt;Erlenbacher H\u00fctte &gt;Stollenbach &nbsp; Drei neue Defibrillatoren im Ortsteil Oberried-Zastler dank zahlreicher Spenden\u00a0(25.1.2023) Stollenbacherh\u00fctte https:\/\/www.freiburg-schwarzwald.de\/stollenbacher.htm &gt;Archivseite H\u00fctte https:\/\/www.freiburg-schwarzwald.de\/stollenbacher.htm#Stollenbach%20Skilifte &gt;Archivseite Skilifte Skih\u00fctte am Stollenbach Bilder vom Stollenbach Baldenweger H\u00fctte unterhalb des Feldbergs mit neuen P\u00e4chtern\u00a0(7.12.2022) Baldenweger-H\u00fctte Erlenbacher H\u00fctte Hinterwaldkopfh\u00fctte &hellip; <a href=\"https:\/\/www.freiburg-schwarzwald.de\/blog\/tourismus\/gastro\/huetten\/stollenbach\/\">Weiterlesen <span class=\"meta-nav\">&rarr;<\/span><\/a><\/p>\n","protected":false},"author":2,"featured_media":0,"parent":3817,"menu_order":0,"comment_status":"closed","ping_status":"closed","template":"","meta":{"footnotes":""},"class_list":["post-101381","page","type-page","status-publish","hentry"],"_links":{"self":[{"href":"https:\/\/www.freiburg-schwarzwald.de\/blog\/wp-json\/wp\/v2\/pages\/101381","targetHints":{"allow":["GET"]}}],"collection":[{"href":"https:\/\/www.freiburg-schwarzwald.de\/blog\/wp-json\/wp\/v2\/pages"}],"about":[{"href":"https:\/\/www.freiburg-schwarzwald.de\/blog\/wp-json\/wp\/v2\/types\/page"}],"author":[{"embeddable":true,"href":"https:\/\/www.freiburg-schwarzwald.de\/blog\/wp-json\/wp\/v2\/users\/2"}],"replies":[{"embeddable":true,"href":"https:\/\/www.freiburg-schwarzwald.de\/blog\/wp-json\/wp\/v2\/comments?post=101381"}],"version-history":[{"count":6,"href":"https:\/\/www.freiburg-schwarzwald.de\/blog\/wp-json\/wp\/v2\/pages\/101381\/revisions"}],"predecessor-version":[{"id":109040,"href":"https:\/\/www.freiburg-schwarzwald.de\/blog\/wp-json\/wp\/v2\/pages\/101381\/revisions\/109040"}],"up":[{"embeddable":true,"href":"https:\/\/www.freiburg-schwarzwald.de\/blog\/wp-json\/wp\/v2\/pages\/3817"}],"wp:attachment":[{"href":"https:\/\/www.freiburg-schwarzwald.de\/blog\/wp-json\/wp\/v2\/media?parent=101381"}],"curies":[{"name":"wp","href":"https:\/\/api.w.org\/{rel}","templated":true}]}}