{"id":101143,"date":"2022-05-23T11:17:46","date_gmt":"2022-05-23T09:17:46","guid":{"rendered":"https:\/\/www.freiburg-schwarzwald.de\/blog\/?page_id=101143"},"modified":"2023-08-12T10:43:59","modified_gmt":"2023-08-12T08:43:59","slug":"hoefener-huette","status":"publish","type":"page","link":"https:\/\/www.freiburg-schwarzwald.de\/blog\/tourismus\/gastro\/huetten\/hoefener-huette\/","title":{"rendered":"Hoefener-Huette"},"content":{"rendered":"<p><a title=\"Orte\" href=\"https:\/\/www.freiburg-schwarzwald.de\/blog\/\">Home<\/a>\u00a0&gt;<a title=\"Tourismus\" href=\"https:\/\/www.freiburg-schwarzwald.de\/blog\/tourismus\/\">Tourismus<\/a>\u00a0&gt;<a title=\"Gastro\" href=\"https:\/\/www.freiburg-schwarzwald.de\/blog\/tourismus\/gastro\/\">Gastro<\/a>\u00a0&gt;<a title=\"Huetten\" href=\"https:\/\/www.freiburg-schwarzwald.de\/blog\/tourismus\/gastro\/huetten\/\">Huetten<\/a> &gt;Hoefener-Huette<\/p>\n<div id=\"attachment_101146\" style=\"width: 648px\" class=\"wp-caption alignnone\"><a href=\"https:\/\/www.freiburg-schwarzwald.de\/blog\/wp-content\/uploads\/2022\/05\/hoefener-huette-pan2005.jpg\"><img loading=\"lazy\" decoding=\"async\" aria-describedby=\"caption-attachment-101146\" class=\"size-full wp-image-101146\" src=\"https:\/\/www.freiburg-schwarzwald.de\/blog\/wp-content\/uploads\/2022\/05\/hoefener-huette-pan2005.jpg\" alt=\"\" width=\"638\" height=\"360\" srcset=\"https:\/\/www.freiburg-schwarzwald.de\/blog\/wp-content\/uploads\/2022\/05\/hoefener-huette-pan2005.jpg 638w, https:\/\/www.freiburg-schwarzwald.de\/blog\/wp-content\/uploads\/2022\/05\/hoefener-huette-pan2005-180x102.jpg 180w\" sizes=\"auto, (max-width: 638px) 100vw, 638px\" \/><\/a><p id=\"caption-attachment-101146\" class=\"wp-caption-text\">Blick nach Osten am Pfingstsonntag 2005 um 18 Uhr<\/p><\/div>\n<p>&nbsp;<\/p>\n<ul>\n<li>H\u00f6fener H\u00fctte: Markus Schroth seit 9 Jahren H\u00fcttenwirt (12.8.2023)<\/li>\n<li><a href=\"https:\/\/www.freiburg-schwarzwald.de\/blog\/natur\/wasser\/trockenheit\/\">Weidetieren in der Region rund um Freiburg geht das Futter aus<\/a>\u00a0(16.8.2022)<\/li>\n<li>Die H\u00f6fener H\u00fctte ist immer einen Besuch wert (1.4.2022)<\/li>\n<li><strong><a href=\"https:\/\/www.freiburg-schwarzwald.de\/hoefener.htm\">https:\/\/www.freiburg-schwarzwald.de\/hoefener.htm<\/a> (Archivseite)<\/strong><\/li>\n<li><\/li>\n<li>Ausblick rundum: <a href=\"https:\/\/www.freiburg-schwarzwald.de\/haeusleberg.htm\">https:\/\/www.freiburg-schwarzwald.de\/haeusleberg.htm<\/a><\/li>\n<li><a href=\"https:\/\/www.freiburg-schwarzwald.de\/blog\/tourismus\/gastro\/huetten\/\">Baldenweger H\u00fctte<\/a><\/li>\n<li><a href=\"https:\/\/www.freiburg-schwarzwald.de\/blog\/regio\/orte\/buchenbach\/\">Buchenbach<\/a><\/li>\n<li><a href=\"https:\/\/www.freiburg-schwarzwald.de\/blog\/tourismus\/gastro\/huetten\/erlenbacher\/\">Erlenbacher H\u00fctte<\/a><\/li>\n<li><a href=\"https:\/\/www.freiburg-schwarzwald.de\/blog\/tourismus\/gastro\/huetten\/hinterwaldkopfhuette\/\">Hinterwaldkopfh\u00fctte<\/a><\/li>\n<li><a href=\"https:\/\/www.freiburg-schwarzwald.de\/blog\/regio\/berge\/rappeneck\/\">Rappenecker H\u00fctte<\/a><\/li>\n<li><a href=\"https:\/\/www.freiburg-schwarzwald.de\/blog\/tourismus\/gastro\/huetten\/stollenbach\/\">Stollenbacher H\u00fctte<\/a><\/li>\n<li><a href=\"https:\/\/www.freiburg-schwarzwald.de\/blog\/tourismus\/gastro\/huetten\/wilhelmerhuette\/\">St. Wilhelmer H\u00fctte<\/a><\/li>\n<li><a href=\"https:\/\/www.freiburg-schwarzwald.de\/blog\/regio\/orte\/oberried\/zastler\/\">Zastler H\u00fctte<\/a><\/li>\n<\/ul>\n<p>&nbsp;<\/p>\n<p><strong>H\u00f6fener H\u00fctte, 79256 Buchenbach<\/strong><br \/>\n<a href=\"https:\/\/www.hoefener-huette.de\">https:\/\/www.hoefener-huette.de<\/a><br \/>\nab 1.4.2022: Di &#8211; So 10-22 Uhr<br \/>\nMarkus Schroth<br \/>\nTel 07661\/3324 oder 0173\/9068945<br \/>\n<a href=\"mailto:info@hoefener-huette.de\">info@hoefener-huette.de<\/a><\/p>\n<p>Seit 2015 f\u00fchren der aus dem Nordschwarzwald stammende Markus Schroth und seine Frau Sonja die H\u00f6fener H\u00fctte oberhalb Buchenbach. Schroth ist Forstwirt, der leidenschaftlich gerne kocht und backt.<\/p>\n<p>============================================<\/p>\n<p><strong>H\u00f6fener H\u00fctte: Markus Schroth seit 9 Jahren H\u00fcttenwirt<\/strong><br \/>\nWo sie stolz sind, kein WLAN zu haben<br \/>\nAuf tausend Meter H\u00f6he wohnt und arbeitet Markus Schroth. Er bietet, was Wanderer, Biker und E-Biker wollen: Bier, Kuchen, Aussicht, Strom. Ein Nachmittag bei ihm auf der H\u00f6fener H\u00fctte. &#8230;.<br \/>\nJeden Morgen backt Markus Schroth einen Zwetschgen-, K\u00e4se- und Heidelbeerkuchen. Auch die Speck-, Spinat- und K\u00e4sekn\u00f6del bereitet er selber vor, seine &#8222;Spezialit\u00e4t&#8220;,<br \/>\n&#8230; Alles vom 12.8.2023 von Philipp Schulte bitte lesen auf<br \/>\n<a href=\"https:\/\/www.badische-zeitung.de\/wo-sie-stolz-sind-kein-wlan-zu-haben--279266640.html\">https:\/\/www.badische-zeitung.de\/wo-sie-stolz-sind-kein-wlan-zu-haben&#8211;279266640.html<\/a><\/p>\n<p>&nbsp;<\/p>\n<p><strong>Die H\u00f6fener H\u00fctte ist immer einen Besuch wert<\/strong><br \/>\nAm besten zu Fuss von Osten (Hinterzarten, Hinterwaldkopf), S\u00fcdosten (Feldberg Rinken), S\u00fcden (Zastlertal, Jockelesh\u00e4usle), Westen (Kirchzarten, Giersberg, Weilersbach) oder Norden (Falkensteig) her.<br \/>\nOder auch mit dem Pkw von Buchenbach-Falkensteig im H\u00f6llental aus.<br \/>\nSie geniessen gute Luft, herrliche Ausblicke, Rinder auf der Hochalm und die Gastfreundschaft netter Wirtsleute.<\/p>\n<p>Vom H\u00e4usleberg (5 min zu Fu\u00df) haben sie einen einmaligen Rundumblick<br \/>\nDer Gipfel vom H\u00e4usleberg ist der einzige Punkt, von dem man nicht nur zum Feldberg, Kandel und Schauinsland sieht, sondern auch nach Freiburg zum M\u00fcnsterturm.<br \/>\n<a href=\"https:\/\/www.freiburg-schwarzwald.de\/haeusleberg.htm\">https:\/\/www.freiburg-schwarzwald.de\/haeusleberg.htm<\/a><br \/>\n1.4.2022<\/p>\n<p>&nbsp;<\/p>\n<p>&nbsp;<\/p>\n<p>&nbsp;<\/p>\n<p>&nbsp;<\/p>\n","protected":false},"excerpt":{"rendered":"<p>Home\u00a0&gt;Tourismus\u00a0&gt;Gastro\u00a0&gt;Huetten &gt;Hoefener-Huette &nbsp; H\u00f6fener H\u00fctte: Markus Schroth seit 9 Jahren H\u00fcttenwirt (12.8.2023) Weidetieren in der Region rund um Freiburg geht das Futter aus\u00a0(16.8.2022) Die H\u00f6fener H\u00fctte ist immer einen Besuch wert (1.4.2022) https:\/\/www.freiburg-schwarzwald.de\/hoefener.htm (Archivseite) Ausblick rundum: https:\/\/www.freiburg-schwarzwald.de\/haeusleberg.htm Baldenweger H\u00fctte Buchenbach &hellip; <a href=\"https:\/\/www.freiburg-schwarzwald.de\/blog\/tourismus\/gastro\/huetten\/hoefener-huette\/\">Weiterlesen <span class=\"meta-nav\">&rarr;<\/span><\/a><\/p>\n","protected":false},"author":2,"featured_media":0,"parent":3817,"menu_order":0,"comment_status":"closed","ping_status":"closed","template":"","meta":{"footnotes":""},"class_list":["post-101143","page","type-page","status-publish","hentry"],"_links":{"self":[{"href":"https:\/\/www.freiburg-schwarzwald.de\/blog\/wp-json\/wp\/v2\/pages\/101143","targetHints":{"allow":["GET"]}}],"collection":[{"href":"https:\/\/www.freiburg-schwarzwald.de\/blog\/wp-json\/wp\/v2\/pages"}],"about":[{"href":"https:\/\/www.freiburg-schwarzwald.de\/blog\/wp-json\/wp\/v2\/types\/page"}],"author":[{"embeddable":true,"href":"https:\/\/www.freiburg-schwarzwald.de\/blog\/wp-json\/wp\/v2\/users\/2"}],"replies":[{"embeddable":true,"href":"https:\/\/www.freiburg-schwarzwald.de\/blog\/wp-json\/wp\/v2\/comments?post=101143"}],"version-history":[{"count":5,"href":"https:\/\/www.freiburg-schwarzwald.de\/blog\/wp-json\/wp\/v2\/pages\/101143\/revisions"}],"predecessor-version":[{"id":114609,"href":"https:\/\/www.freiburg-schwarzwald.de\/blog\/wp-json\/wp\/v2\/pages\/101143\/revisions\/114609"}],"up":[{"embeddable":true,"href":"https:\/\/www.freiburg-schwarzwald.de\/blog\/wp-json\/wp\/v2\/pages\/3817"}],"wp:attachment":[{"href":"https:\/\/www.freiburg-schwarzwald.de\/blog\/wp-json\/wp\/v2\/media?parent=101143"}],"curies":[{"name":"wp","href":"https:\/\/api.w.org\/{rel}","templated":true}]}}