{"id":100842,"date":"2022-05-11T13:14:33","date_gmt":"2022-05-11T11:14:33","guid":{"rendered":"https:\/\/www.freiburg-schwarzwald.de\/blog\/?page_id=100842"},"modified":"2026-02-04T13:18:03","modified_gmt":"2026-02-04T12:18:03","slug":"putin","status":"publish","type":"page","link":"https:\/\/www.freiburg-schwarzwald.de\/blog\/global\/russland\/putin\/","title":{"rendered":"Putin"},"content":{"rendered":"<p><a href=\"https:\/\/www.freiburg-schwarzwald.de\/blog\">Home<\/a>\u00a0&gt;<a title=\"Global\" href=\"https:\/\/www.freiburg-schwarzwald.de\/blog\/global\/\">Global<\/a>\u00a0 &gt;<a href=\"https:\/\/www.freiburg-schwarzwald.de\/blog\/global\/russland\/\">Russland<\/a>\u00a0&gt;<a href=\"https:\/\/www.freiburg-schwarzwald.de\/blog\/global\/ukraine\/\">Ukraine<\/a>\u00a0&gt;<a href=\"https:\/\/www.freiburg-schwarzwald.de\/blog\/global\/ukraine\/donbass\/\">Donbass<\/a> &gt;Putin<\/p>\n<div id=\"attachment_97312\" style=\"width: 640px\" class=\"wp-caption alignnone\"><a href=\"https:\/\/www.freiburg-schwarzwald.de\/blog\/wp-content\/uploads\/2022\/01\/Rote-Linie-freiburg-pan202201-1.jpg\"><img loading=\"lazy\" decoding=\"async\" aria-describedby=\"caption-attachment-97312\" class=\"size-full wp-image-97312\" src=\"https:\/\/www.freiburg-schwarzwald.de\/blog\/wp-content\/uploads\/2022\/01\/Rote-Linie-freiburg-pan202201-1.jpg\" alt=\"\" width=\"630\" height=\"317\" srcset=\"https:\/\/www.freiburg-schwarzwald.de\/blog\/wp-content\/uploads\/2022\/01\/Rote-Linie-freiburg-pan202201-1.jpg 630w, https:\/\/www.freiburg-schwarzwald.de\/blog\/wp-content\/uploads\/2022\/01\/Rote-Linie-freiburg-pan202201-1-180x91.jpg 180w\" sizes=\"auto, (max-width: 630px) 100vw, 630px\" \/><\/a><p id=\"caption-attachment-97312\" class=\"wp-caption-text\">Demo-Antwort zu &#8222;Es gibt keine roten Linien&#8220; von Olaf Scholz in Freiburg 1\/2022<\/p><\/div>\n<ul>\n<li><em>Listenauswahl eines Beitrags: Bitte <span style=\"text-decoration: underline;\">anklicken<\/span> oder runterscrollen<\/em><\/li>\n<li><a href=\"https:\/\/www.freiburg-schwarzwald.de\/blog\/d-neutral-eu-friedensordnung\/\">D neutral \u2013 EU Friedensordnung<\/a>\u00a0(4.2.2026)<\/li>\n<li><a href=\"https:\/\/www.freiburg-schwarzwald.de\/blog\/alaska-trump-trifft-putin\/\">Alaska: Trump trifft Putin<\/a> (19.8.2025)<\/li>\n<li><a href=\"https:\/\/www.freiburg-schwarzwald.de\/blog\/zeitfenster-zu-frieden-in-europa\/\">Zeitfenster zu Frieden in Europa<\/a> (30.3.2025)<\/li>\n<li><a href=\"https:\/\/www.freiburg-schwarzwald.de\/blog\/interview-carlson-putin\/\">Interview Carlson \u2013 Putin<\/a>\u00a0(9.2.2024)<\/li>\n<li><a href=\"https:\/\/www.freiburg-schwarzwald.de\/blog\/ukrainekrieg-verhandlungen\/\">Ukrainekrieg: Verhandlungen!<\/a>\u00a0(10.11.2022)<\/li>\n<li><a href=\"https:\/\/www.freiburg-schwarzwald.de\/blog\/putin-verstaendnis-ex-ddr-gross\/\">Putin-Verst\u00e4ndnis in Ex-DDR gross<\/a>\u00a0(11.5.2022)<\/li>\n<li><a href=\"https:\/\/www.freiburg-schwarzwald.de\/blog\/brzezinski-doktrin-nato-d-ru\/\">Brzezinski-Doktrin: NATO, D-RU<\/a>\u00a0(30.4.2022)<\/li>\n<li>Putins Rede am 10.2.2007 auf der M\u00fcnchner Sicherheitskonferenz (10.2.2007)<\/li>\n<li>Putin\u2013Rede am 25.9.2001 im Deutschen Bundestag (25.9.2001)<\/li>\n<\/ul>\n<ul>\n<li><a href=\"https:\/\/www.freiburg-schwarzwald.de\/blog\/global\/ukraine\/donbass\/\">Donbass Ukraine-Russland<\/a><\/li>\n<li><a href=\"https:\/\/www.freiburg-schwarzwald.de\/blog\/global\/eu\/europa\/eurasien\/\">Eurasien<\/a><\/li>\n<li><a href=\"https:\/\/www.freiburg-schwarzwald.de\/blog\/global\/eu\/europa\/europa-friedensordnung\/\">Europa-Friedensordnung<\/a><\/li>\n<li><a href=\"https:\/\/www.freiburg-schwarzwald.de\/blog\/energie\/gas\/\">Gas<\/a><\/li>\n<li><a href=\"https:\/\/www.freiburg-schwarzwald.de\/blog\/global\/kosovo\/\">Kosovo<\/a><\/li>\n<li><a href=\"https:\/\/www.freiburg-schwarzwald.de\/blog\/global\/eu\/europa\/nato\/\">NATO<\/a><\/li>\n<li><a href=\"https:\/\/www.freiburg-schwarzwald.de\/blog\/global\/osteuropa\/\">Osteuropa<\/a><\/li>\n<li><a title=\"Russlanddeutsche\" href=\"https:\/\/www.freiburg-schwarzwald.de\/blog\/global\/migration\/russlanddeutsche\/\">Russlanddeutsche<\/a><\/li>\n<li><a href=\"https:\/\/www.freiburg-schwarzwald.de\/blog\/global\/russland\/russland-bashing\/\">Russland-Bashing<\/a><\/li>\n<li><a href=\"https:\/\/www.freiburg-schwarzwald.de\/blog\/global\/russland\/russland-china\/\">Russland-China<\/a><\/li>\n<li><a href=\"https:\/\/www.freiburg-schwarzwald.de\/blog\/business\/wirtschaft\/sanktionen\/\">Sanktionen<\/a><\/li>\n<li><a href=\"https:\/\/www.freiburg-schwarzwald.de\/blog\/kultur\/medien\/diskussionskultur\/sippenhaft\/\">Sippenhaft<\/a><\/li>\n<li><a title=\"Sotschi\" href=\"https:\/\/www.freiburg-schwarzwald.de\/blog\/sport\/sotschi\/\">Sotschi<\/a><\/li>\n<li><a title=\"Ukraine\" href=\"https:\/\/www.freiburg-schwarzwald.de\/blog\/global\/ukraine\/\">Ukraine<\/a><\/li>\n<li><a href=\"https:\/\/www.freiburg-schwarzwald.de\/blog\/global\/ukraine\/ukraine-frieden\/\">Ukraine-Frieden<\/a><\/li>\n<li><a href=\"https:\/\/www.freiburg-schwarzwald.de\/blog\/global\/ukraine\/ukraine-russland\/\">Ukraine-Russland<\/a><\/li>\n<li><a title=\"Polen\" href=\"https:\/\/www.freiburg-schwarzwald.de\/blog\/global\/polen\/\">Polen<\/a><\/li>\n<li><a title=\"Vertriebene\" href=\"https:\/\/www.freiburg-schwarzwald.de\/blog\/global\/deutschland\/vertriebene\/\">Vertriebene<\/a><\/li>\n<\/ul>\n<p>&nbsp;<\/p>\n<p><strong>Putins Rede am 10.2.2007 auf der M\u00fcnchner Sicherheitskonferenz<\/strong><br \/>\n<em>Der folgende Auszug aus der Rede von Putin auf der 43, M\u00fcnchner Sicherheitskonferenz zeig, da\u00df die NATO (im Gegensatz zu 2001) heftig kritisiert wurde.<\/em><br \/>\n<a href=\"https:\/\/youtu.be\/pbYDJoR6jwc\">https:\/\/youtu.be\/pbYDJoR6jwc<\/a><br \/>\n\u2026 In Bulgarien und Rum\u00e4nien entstehen so genannte leichte amerikanische Vorposten-Basen mit jeweils 5000 Mann. Das bedeutet, dass die NATO ihre Sto\u00dfkr\u00e4fte immer dichter an unsere Staatsgrenzen heranbringt, und wir, die wir uns streng an den Vertrag halten, in keiner Weise auf dieses Vorgehen reagieren.<\/p>\n<p>Ich denke, es ist offensichtlich, dass der Prozess der <a href=\"https:\/\/www.freiburg-schwarzwald.de\/blog\/global\/eu\/europa\/nato\/\">NATO-Erweiterung<\/a> keinerlei Bezug zur Modernisierung der Allianz selbst oder zur Gew\u00e4hrleistung der Sicherheit in Europa hat. Im Gegenteil, das ist ein provozierender Faktor, der das Niveau des gegenseitigen Vertrauens senkt. Nun haben wir das Recht zu fragen: Gegen wen richtet sich diese Erweiterung? Und was ist aus jenen Versicherungen geworden, die uns die westlichen Partner nach dem Zerfall des Warschauer Vertrages gegeben haben?<br \/>\nWo sind jetzt diese Erkl\u00e4rungen? An sie erinnert man sich nicht einmal mehr. Doch ich erlaube mir, vor diesem Auditorium daran zu erinnern, was gesagt wurde. Ich m\u00f6chte ein Zitat von einem Auftritt des Generalsekret\u00e4rs der NATO, Herrn W\u00f6rner, am 17. Mai 1990 in Br\u00fcssel bringen. Damals sagte er: \u201eSchon der Fakt, dass wir bereit sind, die NATO-Streitkr\u00e4fte nicht hinter den Grenzen der BRD zu stationieren, gibt der Sowjetunion feste Sicherheitsgarantien.\u201c Wo sind diese Garantien?<br \/>\nDie Steine und Betonblocks der Berliner Mauer sind schon l\u00e4ngst zu Souvenirs geworden. Aber man darf nicht vergessen, dass ihr Fall auch m\u00f6glich wurde dank der historischen Wahl, auch unseres Volkes, des Volkes Russlands, eine Wahl zugunsten der Demokratie und Freiheit, der Offenheit und echten Partnerschaft mit allen Mitgliedern der gro\u00dfen europ\u00e4ischen Familie.<br \/>\nJetzt versucht man, uns schon wieder neue Teilungslinien und Mauern aufzudr\u00e4ngen \u2013wenn auch virtuelle, trotzdem trennende, die unseren gesamten Kontinent teilen. Soll es nun etwa wieder viele Jahre und Jahrzehnte dauern und den Wechsel von einigen Politiker-Generationen, um diese neuen Mauern zu \u201edemontieren\u201c?<\/p>\n<p>&#8230; Kompletter Redetext vom 10.2.2007 von Wladimir Putin auf der 43. M\u00fcnchner Sicherheitskonferenz in Deutscher \u00dcbersetzung bitte lesen auf<br \/>\n<a href=\"http:\/\/www.ag-friedensforschung.de\/themen\/Sicherheitskonferenz\/2007-putin-dt.html\">http:\/\/www.ag-friedensforschung.de\/themen\/Sicherheitskonferenz\/2007-putin-dt.html<\/a><\/p>\n<p>Rede als Video:<br \/>\n<a href=\"https:\/\/youtu.be\/pbYDJoR6jwc\">https:\/\/youtu.be\/pbYDJoR6jwc<\/a><\/p>\n<p>.<\/p>\n<p>&nbsp;<\/p>\n<p><strong>Putin\u2013Rede am 25.9.2001 im Deutschen Bundestag<\/strong><br \/>\nPutin hielt nach der Wiedervereinigung im Deutschen Bundestages eine Rede in perfektem Deutsch:<br \/>\n\u201eRussland hegte gegen\u00fcber Deutschland immer besondere Gef\u00fchle. Wir haben Ihr Land immer als ein bedeutendes Zentrum der europ\u00e4ischen und der Weltkultur behandelt, f\u00fcr deren Entwicklung auch Russland viel geleistet hat. Heute erlaube ich mir die K\u00fchnheit, einen gro\u00dfen Teil meiner Ansprache in der Sprache von Goethe, Schiller und Kant, in der deutschen Sprache, zu halten. \u201c<br \/>\nEr gab sich als Freund des europ\u00e4ischen Hauses zu erkennen: \u201eWir unterst\u00fctzen die europ\u00e4ische Integration nicht einfach nur, sondern sehen sie mit Hoffnung. Wir tun das als ein Volk, das gute Lehren aus dem Kalten Krieg und aus der verderblichen Okkupationsideologie gezogen hat. \u201c<br \/>\nDieser Putin hatte die Idee, sein Land mit der Geschichte zu vers\u00f6hnen und es aus der Armut zu befreien. Er setzte auf den Handel mit dem Westen und auf Ru\u00dfland als Land, das seinen Platz innerhalb des europ\u00e4ischen Staatenverbunds beansprucht.<br \/>\nDie Abgeordneten bedachten seine Rede mit stehenden Ovationen und langanhaltendem Applaus .<br \/>\n<a href=\"https:\/\/youtu.be\/F0_0WqUuh9E\">https:\/\/youtu.be\/F0_0WqUuh9E<\/a><br \/>\nWortprotokoll der Rede Wladimir Putins im Deutschen Bundestag am 25.09.2001<br \/>\n<a href=\"https:\/\/www.bundestag.de\/parlament\/geschichte\/gastredner\/putin\/putin_wort-244966\">https:\/\/www.bundestag.de\/parlament\/geschichte\/gastredner\/putin\/putin_wort-244966<\/a><br \/>\n.<br \/>\n<strong>Wladimir Putin wurde die ausgestreckte Hand ausgeschlagen<\/strong><br \/>\nWenn einer in Deutschland die Russen kennt und versteht, dann Horst Teltschik. Er ist der Architekt des Zehn-Punkte-Plans zur Deutschen Einheit \u2013 der am 28. November 1989 im Bundestag vorgestellt wurde \u2013 und hat die Vertr\u00e4ge verhandelt, die schlie\u00dflich zum Abzug der Roten Armee aus Deutschland f\u00fchrten. Teltschik h\u00e4lt es f\u00fcr einen Fehler, dass in den 1990er Jahren die milit\u00e4rische Expansion der Nato einsetzte: Vorrangig h\u00e4tte die Mitgliedschaft in der EU sein m\u00fcssen und nicht die Mitgliedschaft in der NATO. Die NATO ist ein milit\u00e4risches B\u00fcndnis. Das h\u00e4tte der zweite oder dritte Schritt sein k\u00f6nnen, aber nicht der erste. \u201c Auch als Wladimir Putin am 25. September des Jahres 2001 im Deutschen Bundestag eine Vereinigung mit weiten Teilen Europas anbot, habe man die ausgestreckte Hand ausgeschlagen. Wie katastrophal die gesamte politische Lage f\u00fcr Deutschland ist kann jeder der es wirklich Wissen will heute den 22.02. 22. im Morning Briefing von Gabor Steingart nachlesen.<br \/>\n22.2.2022, F.D.<br \/>\n.<\/p>\n<p><strong>Putin: &#8222;Alle sind schuldig, vor allem wir Politiker&#8220;<\/strong><br \/>\nSchon bevor der russische Pr\u00e4sident Putin im deutschen Bundestag auch nur das erste Wort gesagt hatte, wurde die Rede als historisch bewertet. Und in der Tat hielt er in flie\u00dfendem Deutsch einen vision\u00e4ren Vortrag..<br \/>\n&#8230;.<br \/>\nPutin betonte die Einheit der europ\u00e4ischen Wertekultur und die Zugeh\u00f6rigkeit Russlands zu Europa. Das einheitliche und sichere Europa m\u00fcsse zum &#8222;Vorboten&#8220; f\u00fcr eine sichere Welt werden. Der Staatschef bedankte sich daf\u00fcr, dass er als erster russischer Pr\u00e4sident im Bundestag sprechen durfte. Er wechselte nach kurzer Vorrede auf Russisch in flie\u00dfendes Deutsch \u00fcber. Russland sei ein freundliches Land und wolle Frieden sichern. Niemand k\u00f6nne Russland in die Vergangenheit zur\u00fccktreiben.<br \/>\n&#8230; Alles vom 15.9.2001 bitte lesen auf<br \/>\n<a href=\"https:\/\/www.spiegel.de\/politik\/deutschland\/putin-im-bundestag-alle-sind-schuldig-vor-allem-wir-politiker-a-159305.html\">https:\/\/www.spiegel.de\/politik\/deutschland\/putin-im-bundestag-alle-sind-schuldig-vor-allem-wir-politiker-a-159305.html<\/a><\/p>\n<p>&nbsp;<\/p>\n","protected":false},"excerpt":{"rendered":"<p>Home\u00a0&gt;Global\u00a0 &gt;Russland\u00a0&gt;Ukraine\u00a0&gt;Donbass &gt;Putin Listenauswahl eines Beitrags: Bitte anklicken oder runterscrollen D neutral \u2013 EU Friedensordnung\u00a0(4.2.2026) Alaska: Trump trifft Putin (19.8.2025) Zeitfenster zu Frieden in Europa (30.3.2025) Interview Carlson \u2013 Putin\u00a0(9.2.2024) Ukrainekrieg: Verhandlungen!\u00a0(10.11.2022) Putin-Verst\u00e4ndnis in Ex-DDR gross\u00a0(11.5.2022) Brzezinski-Doktrin: NATO, D-RU\u00a0(30.4.2022) Putins &hellip; <a href=\"https:\/\/www.freiburg-schwarzwald.de\/blog\/global\/russland\/putin\/\">Weiterlesen <span class=\"meta-nav\">&rarr;<\/span><\/a><\/p>\n","protected":false},"author":2,"featured_media":0,"parent":43422,"menu_order":0,"comment_status":"closed","ping_status":"closed","template":"","meta":{"footnotes":""},"class_list":["post-100842","page","type-page","status-publish","hentry"],"_links":{"self":[{"href":"https:\/\/www.freiburg-schwarzwald.de\/blog\/wp-json\/wp\/v2\/pages\/100842","targetHints":{"allow":["GET"]}}],"collection":[{"href":"https:\/\/www.freiburg-schwarzwald.de\/blog\/wp-json\/wp\/v2\/pages"}],"about":[{"href":"https:\/\/www.freiburg-schwarzwald.de\/blog\/wp-json\/wp\/v2\/types\/page"}],"author":[{"embeddable":true,"href":"https:\/\/www.freiburg-schwarzwald.de\/blog\/wp-json\/wp\/v2\/users\/2"}],"replies":[{"embeddable":true,"href":"https:\/\/www.freiburg-schwarzwald.de\/blog\/wp-json\/wp\/v2\/comments?post=100842"}],"version-history":[{"count":6,"href":"https:\/\/www.freiburg-schwarzwald.de\/blog\/wp-json\/wp\/v2\/pages\/100842\/revisions"}],"predecessor-version":[{"id":145307,"href":"https:\/\/www.freiburg-schwarzwald.de\/blog\/wp-json\/wp\/v2\/pages\/100842\/revisions\/145307"}],"up":[{"embeddable":true,"href":"https:\/\/www.freiburg-schwarzwald.de\/blog\/wp-json\/wp\/v2\/pages\/43422"}],"wp:attachment":[{"href":"https:\/\/www.freiburg-schwarzwald.de\/blog\/wp-json\/wp\/v2\/media?parent=100842"}],"curies":[{"name":"wp","href":"https:\/\/api.w.org\/{rel}","templated":true}]}}